{"id":1713,"date":"2024-05-29T16:01:49","date_gmt":"2024-05-29T13:01:49","guid":{"rendered":"https:\/\/tammetorubbq.ee\/?post_type=product&#038;p=1713"},"modified":"2026-05-16T14:00:18","modified_gmt":"2026-05-16T11:00:18","slug":"chargriller-akron-kamado-soegrill","status":"publish","type":"product","link":"https:\/\/tammetorubbq.ee\/lt\/toode\/chargriller-akron-kamado-soegrill\/","title":{"rendered":"Char-Griller Akorn Kamado 20\u201d anglinis grilis"},"content":{"rendered":"<ul>\n<li>Grilio groteli\u0173 skersmuo 20\" (50,8 cm).<\/li>\n<li>\"CharGriller\", \"Middleby Outdoors\" priklausantis \u0161vark\u0173 prek\u0117s \u017eenklas, grupei taip pat priklauso \"Kamado Joe\" ir \"Masterbuilt\".<\/li>\n<li>\"CharGriller AKORN\u00ae Kamado\" med\u017eio angli\u0173 kepsnin\u0117 yra \"Kamado\" tipo kepsnin\u0117, pasi\u017eyminti labai geru kainos ir kokyb\u0117s santykiu.<\/li>\n<li>Tinka kepti tiek ant auk\u0161tos, tiek ant \u017eemos temperat\u016bros groteli\u0173.<\/li>\n<li>Tvirta plienin\u0117 konstrukcija su ekonomi\u0161ka trij\u0173 sieneli\u0173 izoliacija.<\/li>\n<li>Lengva, lengvai manevruojama, patvari ir ilgaam\u017e\u0117!<\/li>\n<li>Autenti\u0161kos ketaus grotel\u0117s ir \"Easy Dump\u2122\" pelen\u0173 keptuv\u0117 (labai lengva i\u0161imti).<\/li>\n<li>Nuimamas \u0161ildymo stovas ir atlenkiamos \u0161onin\u0117s lentynos.<\/li>\n<li>Reguliuojami amortizatoriai ir dideli 8 coli\u0173 (20 cm) rakinami ratai.<\/li>\n<li>Bendras kepimo pavir\u0161ius: 447 kvadratini\u0173 coli\u0173 (2884 cm2), pagrindinis kepimo plotas: 314 kvadratini\u0173 coli\u0173 (2026 cm2) + 133 kvadratini\u0173 coli\u0173 kaitinimo stovas (337,8 cm2).<\/li>\n<li>Galima \u012fsigyti juodos spalvos.<\/li>\n<li>Svoris: 49 kg<\/li>\n<\/ul>\n<p><iframe loading=\"lazy\" title=\"Char-Griller AKORN Kamado Grill Spotlight | Char-Griller\" width=\"500\" height=\"281\" src=\"https:\/\/www.youtube.com\/embed\/GP5uqr9B384?feature=oembed\" frameborder=\"0\" allow=\"accelerometer; autoplay; clipboard-write; encrypted-media; gyroscope; picture-in-picture; web-share\" referrerpolicy=\"strict-origin-when-cross-origin\" allowfullscreen><\/iframe><\/p>\n<p>&nbsp;<\/p>","protected":false},"excerpt":{"rendered":"<p data-start=\"160\" data-end=\"202\"><strong data-start=\"160\" data-end=\"202\">Auk\u0161\u010diausios klas\u0117s kamado tipo angli\u0173 kepsnin\u0117 u\u017e prieinam\u0105 kain\u0105!<\/strong><\/p>\n<p data-start=\"204\" data-end=\"526\">\"Char-Griller Akorn Kamado\" yra universalus ir efektyvus kamado tipo med\u017eio angli\u0173 kepsnin\u0117, pasi\u017eyminti keramin\u0117s kamado kepsnin\u0117s privalumais, ta\u010diau neturinti didel\u0117s kainos. D\u0117l trisluoksn\u0117s plienin\u0117s konstrukcijos jis puikiai i\u0161laiko \u0161ilum\u0105 ir taupiai naudoja med\u017eio anglis - idealiai tinka kepti ant groteli\u0173, r\u016bkyti, kepti ir skrudinti.<\/p>\n<ul>\n<li><strong data-start=\"1336\" data-end=\"1358\">Palanki alternatyva<\/strong>: \"Kamado\" stiliaus kepsnin\u0117s u\u017e ma\u017eesn\u0119 kain\u0105 nei keraminiai modeliai.<\/li>\n<li><strong data-start=\"1439\" data-end=\"1454\">\u012evair\u016bs<\/strong>: Kepkite ant groteli\u0173, r\u016bkykite, kepkite ar skrudinkite - visa tai galite atlikti vienu prietaisu.<\/li>\n<li><strong data-start=\"1517\" data-end=\"1540\">Lengvas ir patvarus<\/strong>: Plienin\u0117 konstrukcija yra lengvesn\u0117 ir patvaresn\u0117 nei keramin\u0117s alternatyvos.<\/li>\n<li><strong data-start=\"1626\" data-end=\"1646\">Patogus naudoti<\/strong>: Tinka ir pradedantiesiems, ir patyrusiems grilio meistrams.<\/li>\n<\/ul>\n<p><strong data-start=\"2237\" data-end=\"2266\">Char-Griller Akorn Kamado<\/strong> yra puikus pasirinkimas, jei norite m\u0117gautis kepsni\u0173 kepimu nei\u0161leisdami per daug. Puikus pasirinkimas bet kuriam nam\u0173 \u0161efui, vertinan\u010diam skon\u012f, efektyvum\u0105 ir ilgaam\u017ei\u0161kum\u0105.<\/p>\n<p>Tikrai rekomenduojame ir papildomai \u012fsigyti <strong><a href=\"https:\/\/tammetorubbq.ee\/lt\/produktas\/char-griller-akorn-20-kamado-soegrillile-ilmastikukindel-grillikate\/\">atsparus oro s\u0105lygoms grilio dangtelis<\/a><\/strong> \u0160i apsauga patikimai apsaugo nuo lietaus, sniego, saul\u0117s ir purvo, pailgindama j\u016bs\u0173 kepsnin\u0117s tarnavimo laik\u0105 ir i\u0161laikydama j\u0105 \u0161vari\u0105 iki kito naudojimo.<\/p>\n<p><img loading=\"lazy\" decoding=\"async\" class=\"size-full wp-image-1726\" src=\"http:\/\/tammetorubbq.ee\/wp-content\/uploads\/2024\/05\/char-griller_brandmark_1x.png\" alt=\"char-griller\" width=\"195\" height=\"195\" srcset=\"https:\/\/tammetorubbq.ee\/wp-content\/uploads\/2024\/05\/char-griller_brandmark_1x.png 195w, https:\/\/tammetorubbq.ee\/wp-content\/uploads\/2024\/05\/char-griller_brandmark_1x-150x150.png 150w, https:\/\/tammetorubbq.ee\/wp-content\/uploads\/2024\/05\/char-griller_brandmark_1x-12x12.png 12w, https:\/\/tammetorubbq.ee\/wp-content\/uploads\/2024\/05\/char-griller_brandmark_1x-64x64.png 64w\" sizes=\"auto, (max-width: 195px) 100vw, 195px\" \/><\/p>\n<p><a href=\"https:\/\/tammetorubbq.ee\/lt\/sumoketi-veliau\/\"><strong>PIRKITE DABAR, MOK\u0116KITE V\u0116LIAU<\/strong><\/a>\u00a0- be pal\u016bkan\u0173!<\/p>\n<p><img loading=\"lazy\" decoding=\"async\" class=\"alignnone wp-image-2646\" src=\"http:\/\/tammetorubbq.ee\/wp-content\/uploads\/2023\/12\/inbank-wordmark.png\" alt=\"Inbank\" width=\"164\" height=\"74\" srcset=\"https:\/\/tammetorubbq.ee\/wp-content\/uploads\/2023\/12\/inbank-wordmark.png 300w, https:\/\/tammetorubbq.ee\/wp-content\/uploads\/2023\/12\/inbank-wordmark-18x8.png 18w, https:\/\/tammetorubbq.ee\/wp-content\/uploads\/2023\/12\/inbank-wordmark-64x29.png 64w\" sizes=\"auto, (max-width: 164px) 100vw, 164px\" \/><\/p>\n<p>Taip pat si\u016blome galimyb\u0119 sumok\u0117ti v\u0117liau - viena, dviem arba trimis lygiomis dalimis be joki\u0173 pal\u016bkan\u0173 ar papildom\u0173 mokes\u010di\u0173.<\/p>\n<p>M\u016bs\u0173 pirkini\u0173 krep\u0161elyje rasite \u012fvairi\u0173 mok\u0117jimo b\u016bd\u0173 pasirinkim\u0105.<\/p>","protected":false},"featured_media":1725,"comment_status":"open","ping_status":"closed","template":"","meta":{"_uf_show_specific_survey":0,"_uf_disable_surveys":false},"pwb-brand":[95],"product_brand":[],"product_cat":[169,20],"product_tag":[140,78],"class_list":{"0":"post-1713","1":"product","2":"type-product","3":"status-publish","4":"has-post-thumbnail","6":"pwb-brand-chargriller","7":"product_cat-soegrillid","8":"product_cat-kampaania","9":"product_tag-chargriller","10":"product_tag-soegrill","12":"first","13":"instock","14":"sale","15":"taxable","16":"shipping-taxable","17":"purchasable","18":"product-type-simple"},"brands":[{"id":95,"name":"CharGriller","slug":"chargriller"}],"_links":{"self":[{"href":"https:\/\/tammetorubbq.ee\/lt\/wp-json\/wp\/v2\/product\/1713","targetHints":{"allow":["GET"]}}],"collection":[{"href":"https:\/\/tammetorubbq.ee\/lt\/wp-json\/wp\/v2\/product"}],"about":[{"href":"https:\/\/tammetorubbq.ee\/lt\/wp-json\/wp\/v2\/types\/product"}],"replies":[{"embeddable":true,"href":"https:\/\/tammetorubbq.ee\/lt\/wp-json\/wp\/v2\/comments?post=1713"}],"wp:featuredmedia":[{"embeddable":true,"href":"https:\/\/tammetorubbq.ee\/lt\/wp-json\/wp\/v2\/media\/1725"}],"wp:attachment":[{"href":"https:\/\/tammetorubbq.ee\/lt\/wp-json\/wp\/v2\/media?parent=1713"}],"wp:term":[{"taxonomy":"pwb-brand","embeddable":true,"href":"https:\/\/tammetorubbq.ee\/lt\/wp-json\/wp\/v2\/pwb-brand?post=1713"},{"taxonomy":"product_brand","embeddable":true,"href":"https:\/\/tammetorubbq.ee\/lt\/wp-json\/wp\/v2\/product_brand?post=1713"},{"taxonomy":"product_cat","embeddable":true,"href":"https:\/\/tammetorubbq.ee\/lt\/wp-json\/wp\/v2\/product_cat?post=1713"},{"taxonomy":"product_tag","embeddable":true,"href":"https:\/\/tammetorubbq.ee\/lt\/wp-json\/wp\/v2\/product_tag?post=1713"}],"curies":[{"name":"wp","href":"https:\/\/api.w.org\/{rel}","templated":true}]}}