{"id":1728,"date":"2024-05-29T16:41:12","date_gmt":"2024-05-29T13:41:12","guid":{"rendered":"https:\/\/tammetorubbq.ee\/?post_type=product&#038;p=1728"},"modified":"2026-04-19T20:00:17","modified_gmt":"2026-04-19T17:00:17","slug":"chargriller-smoking-champ-soegrill-smilkalu-degiklis","status":"publish","type":"product","link":"https:\/\/tammetorubbq.ee\/lt\/produktas\/chargriller-smoking-champ-soegrill-smilkalu-degiklis\/","title":{"rendered":"\"Char-Griller\" r\u016bkymo \u010dempionas"},"content":{"rendered":"<ul>\n<li>\"CharGriller\", \"Middleby Outdoors\" priklausantis \u0161vark\u0173 prek\u0117s \u017eenklas, grupei taip pat priklauso \"Kamado Joe\" ir \"Masterbuilt\".<\/li>\n<li>Bendras kepimo plotas: 1235 kvadratiniai coliai arba 7967 cm2 (\u012fskaitant vir\u0161utin\u012f pavir\u0161i\u0173).<\/li>\n<li>Tinka kepti tiek ant auk\u0161tos, tiek ant \u017eemos temperat\u016bros groteli\u0173.<\/li>\n<li>Ketaus grilio stovai + auk\u0161tesnio lygio plieninis grilio stovas.<\/li>\n<li>Dvigubi kabliai grotel\u0117ms pakelti.<\/li>\n<li>20 cm guminiai tvirti ratai, tvirta orkait\u0117s konstrukcija.<\/li>\n<li>\"Easy Dump\u2122\" pelen\u0173 talpykla, reguliuojama angli\u0173 talpykla.<\/li>\n<li>\u012eranki\u0173 kabliukai, tvirta apatin\u0117 lentyna.<\/li>\n<li>Galima \u012fsigyti juodos spalvos.<\/li>\n<\/ul>","protected":false},"excerpt":{"rendered":"<p>\"Char-Griller Smokin Champ\" \"ofsetin\u0117\" krosnel\u0117 - tai geriausia \u012fmanomo tipo krosnel\u0117 skaniam ir sultingam BBQ maistui gaminti arba r\u016bkyti, k\u0105 tik norite.<\/p>\n<p><span style=\"color: #0000ff;\"><strong>M\u0117gaukit\u0117s autenti\u0161kais BBQ skoniais.\u00a0<\/strong><\/span><\/p>\n<p>Kindlasti soovitame ka juurde osta\u00a0<a href=\"https:\/\/tammetorubbq.ee\/lt\/produktas\/char-griller-smokin-champ-ilmastikukindel-grillikate\/\"><strong>ilmastikukindla grillikatte<\/strong><\/a>\u00a0mis pakub usaldusv\u00e4\u00e4rset kaitset vihma, lume, p\u00e4ikese ja mustuse eest, pikendades grilli eluiga ning hoides selle puhtana j\u00e4rgmiseks kasutuskorraks.<\/p>\n<p><img loading=\"lazy\" decoding=\"async\" class=\"size-full wp-image-1726\" src=\"http:\/\/tammetorubbq.ee\/wp-content\/uploads\/2024\/05\/char-griller_brandmark_1x.png\" alt=\"char-griller\" width=\"195\" height=\"195\" srcset=\"https:\/\/tammetorubbq.ee\/wp-content\/uploads\/2024\/05\/char-griller_brandmark_1x.png 195w, https:\/\/tammetorubbq.ee\/wp-content\/uploads\/2024\/05\/char-griller_brandmark_1x-150x150.png 150w, https:\/\/tammetorubbq.ee\/wp-content\/uploads\/2024\/05\/char-griller_brandmark_1x-12x12.png 12w, https:\/\/tammetorubbq.ee\/wp-content\/uploads\/2024\/05\/char-griller_brandmark_1x-64x64.png 64w\" sizes=\"auto, (max-width: 195px) 100vw, 195px\" \/><\/p>\n<p><a href=\"https:\/\/tammetorubbq.ee\/lt\/sumoketi-veliau\/\"><strong>PIRKITE DABAR, MOK\u0116KITE V\u0116LIAU<\/strong><\/a>\u00a0- be pal\u016bkan\u0173!<\/p>\n<p><img loading=\"lazy\" decoding=\"async\" class=\"alignnone wp-image-2646\" src=\"http:\/\/tammetorubbq.ee\/wp-content\/uploads\/2023\/12\/inbank-wordmark.png\" alt=\"\" width=\"167\" height=\"75\" srcset=\"https:\/\/tammetorubbq.ee\/wp-content\/uploads\/2023\/12\/inbank-wordmark.png 300w, https:\/\/tammetorubbq.ee\/wp-content\/uploads\/2023\/12\/inbank-wordmark-18x8.png 18w, https:\/\/tammetorubbq.ee\/wp-content\/uploads\/2023\/12\/inbank-wordmark-64x29.png 64w\" sizes=\"auto, (max-width: 167px) 100vw, 167px\" \/><\/p>\n<p>Taip pat si\u016blome galimyb\u0119 sumok\u0117ti v\u0117liau - viena, dviem arba trimis lygiomis dalimis be joki\u0173 pal\u016bkan\u0173 ar papildom\u0173 mokes\u010di\u0173.<\/p>\n<p>M\u016bs\u0173 pirkini\u0173 krep\u0161elyje rasite \u012fvairi\u0173 mok\u0117jimo b\u016bd\u0173 pasirinkim\u0105.<\/p>","protected":false},"featured_media":1729,"comment_status":"open","ping_status":"closed","template":"","meta":{"_uf_show_specific_survey":0,"_uf_disable_surveys":false},"pwb-brand":[95],"product_brand":[],"product_cat":[57,169],"product_tag":[140,78,76],"class_list":{"0":"post-1728","1":"product","2":"type-product","3":"status-publish","4":"has-post-thumbnail","6":"pwb-brand-chargriller","7":"product_cat-bbq-suitsuahjud","8":"product_cat-soegrillid","9":"product_tag-chargriller","10":"product_tag-soegrill","11":"product_tag-suitsuahi","13":"first","14":"instock","15":"taxable","16":"shipping-taxable","17":"purchasable","18":"product-type-simple"},"brands":[{"id":95,"name":"CharGriller","slug":"chargriller"}],"_links":{"self":[{"href":"https:\/\/tammetorubbq.ee\/lt\/wp-json\/wp\/v2\/product\/1728","targetHints":{"allow":["GET"]}}],"collection":[{"href":"https:\/\/tammetorubbq.ee\/lt\/wp-json\/wp\/v2\/product"}],"about":[{"href":"https:\/\/tammetorubbq.ee\/lt\/wp-json\/wp\/v2\/types\/product"}],"replies":[{"embeddable":true,"href":"https:\/\/tammetorubbq.ee\/lt\/wp-json\/wp\/v2\/comments?post=1728"}],"wp:featuredmedia":[{"embeddable":true,"href":"https:\/\/tammetorubbq.ee\/lt\/wp-json\/wp\/v2\/media\/1729"}],"wp:attachment":[{"href":"https:\/\/tammetorubbq.ee\/lt\/wp-json\/wp\/v2\/media?parent=1728"}],"wp:term":[{"taxonomy":"pwb-brand","embeddable":true,"href":"https:\/\/tammetorubbq.ee\/lt\/wp-json\/wp\/v2\/pwb-brand?post=1728"},{"taxonomy":"product_brand","embeddable":true,"href":"https:\/\/tammetorubbq.ee\/lt\/wp-json\/wp\/v2\/product_brand?post=1728"},{"taxonomy":"product_cat","embeddable":true,"href":"https:\/\/tammetorubbq.ee\/lt\/wp-json\/wp\/v2\/product_cat?post=1728"},{"taxonomy":"product_tag","embeddable":true,"href":"https:\/\/tammetorubbq.ee\/lt\/wp-json\/wp\/v2\/product_tag?post=1728"}],"curies":[{"name":"wp","href":"https:\/\/api.w.org\/{rel}","templated":true}]}}