{"id":1735,"date":"2024-05-29T16:52:30","date_gmt":"2024-05-29T13:52:30","guid":{"rendered":"https:\/\/tammetorubbq.ee\/?post_type=product&#038;p=1735"},"modified":"2026-04-14T21:00:11","modified_gmt":"2026-04-14T18:00:11","slug":"chargriller-competition-pro","status":"publish","type":"product","link":"https:\/\/tammetorubbq.ee\/lt\/produktas\/chargriller-competition-pro\/","title":{"rendered":"\"Char-Griller Competition Pro\" ofsetin\u0117 r\u016bkykla ir kepsnin\u0117"},"content":{"rendered":"<ul>\n<li>Middleby Outdoor\u2019ile kuuluv kabam\u00e4rk CharGriller, kuhu gruppi kuuluvad ka Kamado Joe ja Masterbuilt.<\/li>\n<li>K\u00fcpsetuspindala kokku: 1012 ruuttolli ehk 6529 cm2 (\u00fcks k\u00fcpsetus tasapind).<\/li>\n<li>Sobib nii k\u00f5rgel kui ka madalal kuumusel grillimiseks.<\/li>\n<li>Terasest teemantv\u00f5rgust tugevad grillrestid.<\/li>\n<li>Topelthoovad restide t\u00f5stmiseks.<\/li>\n<li>Suured\/tugevad metallrattad, vastupidav ahju konstruktsioon.<\/li>\n<li>T\u00f6\u00f6riistakonksud, tugev alumine riiul, tugev esiriiul.<\/li>\n<li>Pulberv\u00e4rvitud viimistlus.<\/li>\n<li>Saadaval musta v\u00e4rvi.<\/li>\n<\/ul>\n<h3 data-start=\"1313\" data-end=\"1341\"><strong data-start=\"1320\" data-end=\"1341\">Tehnilised andmed<\/strong><\/h3>\n<ul data-start=\"1343\" data-end=\"1645\">\n<li data-start=\"1343\" data-end=\"1396\">\n<p data-start=\"1345\" data-end=\"1396\"><strong data-start=\"1345\" data-end=\"1355\">M\u00f5\u00f5dud<\/strong>: <span class=\"relative -mx-px my-[-0.2rem] rounded px-px py-[0.2rem] transition-colors duration-100 ease-in-out\">K\u00f5rgus 132 cm x Laius 167,5 cm x S\u00fcgavus 83,8 cm.<\/span><\/p>\n<\/li>\n<li data-start=\"1397\" data-end=\"1448\">\n<p data-start=\"1399\" data-end=\"1448\"><strong data-start=\"1399\" data-end=\"1407\">Kaal<\/strong>: <span class=\"relative -mx-px my-[-0.2rem] rounded px-px py-[0.2rem] transition-colors duration-100 ease-in-out\">Umbes 76 kg.<\/span><\/p>\n<\/li>\n<li data-start=\"1449\" data-end=\"1501\">\n<p data-start=\"1451\" data-end=\"1501\"><strong data-start=\"1451\" data-end=\"1460\">Mudel<\/strong>: <span class=\"relative -mx-px my-[-0.2rem] rounded px-px py-[0.2rem] transition-colors duration-100 ease-in-out\">Char-Griller 8125.<\/span><\/p>\n<\/li>\n<li data-start=\"1502\" data-end=\"1554\">\n<p data-start=\"1504\" data-end=\"1554\"><strong data-start=\"1504\" data-end=\"1513\">K\u00fctus<\/strong>: <span class=\"relative -mx-px my-[-0.2rem] rounded px-px py-[0.2rem] transition-colors duration-100 ease-in-out\">S\u00fcsi.<\/span><\/p>\n<\/li>\n<li data-start=\"1555\" data-end=\"1645\">\n<p data-start=\"1557\" data-end=\"1645\"><strong data-start=\"1557\" data-end=\"1565\">V\u00e4rv<\/strong>: <span class=\"relative -mx-px my-[-0.2rem] rounded px-px py-[0.2rem] transition-colors duration-100 ease-in-out\">Must.<\/span><\/p>\n<\/li>\n<\/ul>\n<p data-start=\"1215\" data-end=\"1306\"><strong data-start=\"1215\" data-end=\"1226\">Hooldus<\/strong>: <span class=\"relative -mx-px my-[-0.2rem] rounded px-px py-[0.2rem] transition-colors duration-100 ease-in-out\">Regulaarne puhastamine ja hooldus tagavad grilli pikaealisuse.<\/span><\/p>\n","protected":false},"excerpt":{"rendered":"<p><strong>Professionaalse tasemega BBQ-suitsuahi sinu koduaias!<\/strong><\/p>\n<p><span class=\"relative -mx-px my-[-0.2rem] rounded px-px py-[0.2rem] transition-colors duration-100 ease-in-out\">Char-Griller Competition Pro Offset Smoker &amp; Grill on ideaalne valik t\u00f5elistele BBQ-entusiastidele, kes soovivad nautida autentset suitsumaitset ja mitmek\u00fclgset grillimiskogemust.<\/span> <span class=\"relative -mx-px my-[-0.2rem] rounded px-px py-[0.2rem] transition-colors duration-100 ease-in-out\">Tugev teraskonstruktsioon, suur k\u00fcpsetuspind ja t\u00e4pne temperatuurikontroll teevad sellest grillist usaldusv\u00e4\u00e4rse kaaslase nii igap\u00e4evaseks kasutamiseks kui ka suuremateks koosviibimisteks.<\/span><\/p>\n<ul>\n<li><strong data-start=\"824\" data-end=\"840\">Mitmek\u00fclgsus<\/strong>: Sobib nii suitsutamiseks, grillimiseks kui ka r\u00f6stimiseks \u2013 \u00fcks seade, mitu v\u00f5imalust.<\/li>\n<li><strong data-start=\"884\" data-end=\"905\">Suur k\u00fcpsetuspind<\/strong>: Ideaalne suuremateks koosviibimisteks ja pere\u00fcritusteks.<\/li>\n<li><strong data-start=\"949\" data-end=\"979\">T\u00e4pne temperatuurikontroll<\/strong>: V\u00f5imaldab saavutada soovitud k\u00fcpsetusastme iga kord.<\/li>\n<li><strong data-start=\"1023\" data-end=\"1043\">Lihtne liigutada<\/strong>: Suured rattad ja mugavad k\u00e4epidemed tagavad grilli mobiilsuse.<\/li>\n<\/ul>\n<p><span class=\"relative -mx-px my-[-0.2rem] rounded px-px py-[0.2rem] transition-colors duration-100 ease-in-out\"><strong data-start=\"0\" data-end=\"54\" data-is-only-node=\"\">Char-Griller Competition Pro Offset Smoker &amp; Grill<\/strong> on ideaalne valik neile, kes soovivad nautida professionaalse tasemega BBQ-elamust oma koduaias.<\/span> <span class=\"relative -mx-px my-[-0.2rem] rounded px-px py-[0.2rem] transition-colors duration-100 ease-in-out\">Selle grilli abil saad valmistada maitsvaid roogasid, mis j\u00e4tavad kustumatu mulje nii perele kui ka s\u00f5pradele.<\/span><\/p>\n<p><span style=\"color: #0000ff;\"><strong>Nautige audentseid BBQ maitseid.\u00a0<\/strong><\/span><\/p>\n<p>Kindlasti soovitame ka juurde osta\u00a0<a href=\"https:\/\/tammetorubbq.ee\/toode\/char-griller-competiton-pro-ilmastikukindel-grillikate\/\"><strong>ilmastikukindla grillikatte<\/strong><\/a>\u00a0mis pakub usaldusv\u00e4\u00e4rset kaitset vihma, lume, p\u00e4ikese ja mustuse eest, pikendades grilli eluiga ning hoides selle puhtana j\u00e4rgmiseks kasutuskorraks.<\/p>\n<p><img loading=\"lazy\" decoding=\"async\" class=\"size-full wp-image-1726\" src=\"http:\/\/tammetorubbq.ee\/wp-content\/uploads\/2024\/05\/char-griller_brandmark_1x.png\" alt=\"char-griller\" width=\"195\" height=\"195\" srcset=\"https:\/\/tammetorubbq.ee\/wp-content\/uploads\/2024\/05\/char-griller_brandmark_1x.png 195w, https:\/\/tammetorubbq.ee\/wp-content\/uploads\/2024\/05\/char-griller_brandmark_1x-150x150.png 150w, https:\/\/tammetorubbq.ee\/wp-content\/uploads\/2024\/05\/char-griller_brandmark_1x-12x12.png 12w, https:\/\/tammetorubbq.ee\/wp-content\/uploads\/2024\/05\/char-griller_brandmark_1x-64x64.png 64w\" sizes=\"auto, (max-width: 195px) 100vw, 195px\" \/><\/p>\n<p><a href=\"https:\/\/www.tammetorubbq.ee\/maksa-hiljem\/\"><strong>OSTA KOHE, MAKSA HILJEM<\/strong><\/a>\u00a0\u2013 intressivabalt!<\/p>\n<p><img loading=\"lazy\" decoding=\"async\" class=\"alignnone wp-image-2646\" src=\"http:\/\/tammetorubbq.ee\/wp-content\/uploads\/2023\/12\/inbank-wordmark.png\" alt=\"Inbank\" width=\"169\" height=\"76\" srcset=\"https:\/\/tammetorubbq.ee\/wp-content\/uploads\/2023\/12\/inbank-wordmark.png 300w, https:\/\/tammetorubbq.ee\/wp-content\/uploads\/2023\/12\/inbank-wordmark-18x8.png 18w, https:\/\/tammetorubbq.ee\/wp-content\/uploads\/2023\/12\/inbank-wordmark-64x29.png 64w\" sizes=\"auto, (max-width: 169px) 100vw, 169px\" \/><\/p>\n<p>Pakume v\u00f5imalust ostu eest tasuda ka hiljem \u2013 \u00fches, kahes v\u00f5i kolmes v\u00f5rdses osas, ilma igasuguse intressi ja lisatasuta.<\/p>\n<p>Valiku erinevatele v\u00f5imalustele tasumiseks leiate meie ostukorvist.<\/p>\n<p>&nbsp;<\/p>\n<p>&nbsp;<\/p>\n","protected":false},"featured_media":1736,"comment_status":"open","ping_status":"closed","template":"","meta":{"_uf_show_specific_survey":0,"_uf_disable_surveys":false},"pwb-brand":[95],"product_brand":[],"product_cat":[57,169],"product_tag":[140,78,76],"class_list":{"0":"post-1735","1":"product","2":"type-product","3":"status-publish","4":"has-post-thumbnail","6":"pwb-brand-chargriller","7":"product_cat-bbq-suitsuahjud","8":"product_cat-soegrillid","9":"product_tag-chargriller","10":"product_tag-soegrill","11":"product_tag-suitsuahi","13":"first","14":"instock","15":"taxable","16":"shipping-taxable","17":"purchasable","18":"product-type-simple"},"brands":[{"id":95,"name":"CharGriller","slug":"chargriller"}],"_links":{"self":[{"href":"https:\/\/tammetorubbq.ee\/lt\/wp-json\/wp\/v2\/product\/1735","targetHints":{"allow":["GET"]}}],"collection":[{"href":"https:\/\/tammetorubbq.ee\/lt\/wp-json\/wp\/v2\/product"}],"about":[{"href":"https:\/\/tammetorubbq.ee\/lt\/wp-json\/wp\/v2\/types\/product"}],"replies":[{"embeddable":true,"href":"https:\/\/tammetorubbq.ee\/lt\/wp-json\/wp\/v2\/comments?post=1735"}],"wp:featuredmedia":[{"embeddable":true,"href":"https:\/\/tammetorubbq.ee\/lt\/wp-json\/wp\/v2\/media\/1736"}],"wp:attachment":[{"href":"https:\/\/tammetorubbq.ee\/lt\/wp-json\/wp\/v2\/media?parent=1735"}],"wp:term":[{"taxonomy":"pwb-brand","embeddable":true,"href":"https:\/\/tammetorubbq.ee\/lt\/wp-json\/wp\/v2\/pwb-brand?post=1735"},{"taxonomy":"product_brand","embeddable":true,"href":"https:\/\/tammetorubbq.ee\/lt\/wp-json\/wp\/v2\/product_brand?post=1735"},{"taxonomy":"product_cat","embeddable":true,"href":"https:\/\/tammetorubbq.ee\/lt\/wp-json\/wp\/v2\/product_cat?post=1735"},{"taxonomy":"product_tag","embeddable":true,"href":"https:\/\/tammetorubbq.ee\/lt\/wp-json\/wp\/v2\/product_tag?post=1735"}],"curies":[{"name":"wp","href":"https:\/\/api.w.org\/{rel}","templated":true}]}}