{"id":1750,"date":"2024-06-01T09:29:53","date_gmt":"2024-06-01T06:29:53","guid":{"rendered":"https:\/\/tammetorubbq.ee\/?post_type=product&#038;p=1750"},"modified":"2026-04-14T14:01:23","modified_gmt":"2026-04-14T11:01:23","slug":"ahja-rukykla-eagle-rukykla-vonia","status":"publish","type":"product","link":"https:\/\/tammetorubbq.ee\/lt\/produktas\/ahja-rukykla-eagle-rukykla-vonia\/","title":{"rendered":"\"Ahja Smoker\" kepimo indas"},"content":{"rendered":"<p>Med\u017eiaga: 3 mm<\/p>\n<p>Auk\u0161tis: 1000 mm<\/p>\n<p>Plotis: 320 mm<\/p>\n<p>Ilgis: 1060 mm<\/p>\n<p>Gylis: 240 mm<\/p>","protected":false},"excerpt":{"rendered":"<p><strong>\ud83d\udca5 Parim hind turul + <span style=\"color: #ff0000;\">TASUTA transport!<\/span> \u00c4ra maksa rohkem \u2013 telli kohe ja s\u00e4\u00e4sta topelt!<\/strong><\/p>\n<p><em><strong>\u0160achmatai-\u0161achmatai-\u0161achmatai-\u0161achmatai-\u0161achmatai-\u0161achmatai...<\/strong><\/em><\/p>\n<p>Jei norite, kad kepant \u0161a\u0161lykus gautum\u0117te puik\u0173 rezultat\u0105, rekomenduojame naudoti \u0161a\u0161lyk\u0173 keptuv\u0119 stikliniu dugnu arba mangalin\u0119 \u0161a\u0161lyk\u0173 keptuv\u0119.<\/p>\n<p><strong>Auk\u0161tos kokyb\u0117s mangalo kepsnin\u0117.<\/strong><\/p>\n<p>&nbsp;<\/p>\n<p><a href=\"http:\/\/tammetorubbq.ee\/wp-content\/uploads\/2024\/06\/Ahja-Smoker-logo.svg\"><img loading=\"lazy\" decoding=\"async\" class=\"alignnone wp-image-1752\" src=\"http:\/\/tammetorubbq.ee\/wp-content\/uploads\/2024\/06\/Ahja-Smoker-logo.svg\" alt=\"Ahja r\u016bkaliaus logotipas\" width=\"167\" height=\"76\" \/><\/a><\/p>\n<p>&nbsp;<\/p>\n<p><a href=\"https:\/\/tammetorubbq.ee\/lt\/sumoketi-veliau\/\"><strong>PIRKITE DABAR, MOK\u0116KITE V\u0116LIAU<\/strong><\/a>\u00a0- be pal\u016bkan\u0173!<\/p>\n<p><img loading=\"lazy\" decoding=\"async\" class=\"alignnone wp-image-2646\" src=\"http:\/\/tammetorubbq.ee\/wp-content\/uploads\/2023\/12\/inbank-wordmark.png\" alt=\"Inbank\" width=\"167\" height=\"75\" srcset=\"https:\/\/tammetorubbq.ee\/wp-content\/uploads\/2023\/12\/inbank-wordmark.png 300w, https:\/\/tammetorubbq.ee\/wp-content\/uploads\/2023\/12\/inbank-wordmark-18x8.png 18w, https:\/\/tammetorubbq.ee\/wp-content\/uploads\/2023\/12\/inbank-wordmark-64x29.png 64w\" sizes=\"auto, (max-width: 167px) 100vw, 167px\" \/><\/p>\n<p>Taip pat si\u016blome galimyb\u0119 sumok\u0117ti v\u0117liau - viena, dviem arba trimis lygiomis dalimis be joki\u0173 pal\u016bkan\u0173 ar papildom\u0173 mokes\u010di\u0173.<\/p>\n<p>M\u016bs\u0173 pirkini\u0173 krep\u0161elyje rasite \u012fvairi\u0173 mok\u0117jimo b\u016bd\u0173 pasirinkim\u0105.<\/p>","protected":false},"featured_media":2535,"comment_status":"open","ping_status":"closed","template":"","meta":{"_uf_show_specific_survey":0,"_uf_disable_surveys":false},"pwb-brand":[144],"product_brand":[],"product_cat":[57,20],"product_tag":[145,78],"class_list":{"0":"post-1750","1":"product","2":"type-product","3":"status-publish","4":"has-post-thumbnail","6":"pwb-brand-ahja-smoker","7":"product_cat-bbq-suitsuahjud","8":"product_cat-kampaania","9":"product_tag-ahja-smoker","10":"product_tag-soegrill","12":"first","13":"instock","14":"sale","15":"taxable","16":"shipping-taxable","17":"purchasable","18":"product-type-simple"},"brands":[{"id":144,"name":"Ahja R\u016bkykl\u0117","slug":"ahja-rukalius"}],"_links":{"self":[{"href":"https:\/\/tammetorubbq.ee\/lt\/wp-json\/wp\/v2\/product\/1750","targetHints":{"allow":["GET"]}}],"collection":[{"href":"https:\/\/tammetorubbq.ee\/lt\/wp-json\/wp\/v2\/product"}],"about":[{"href":"https:\/\/tammetorubbq.ee\/lt\/wp-json\/wp\/v2\/types\/product"}],"replies":[{"embeddable":true,"href":"https:\/\/tammetorubbq.ee\/lt\/wp-json\/wp\/v2\/comments?post=1750"}],"wp:featuredmedia":[{"embeddable":true,"href":"https:\/\/tammetorubbq.ee\/lt\/wp-json\/wp\/v2\/media\/2535"}],"wp:attachment":[{"href":"https:\/\/tammetorubbq.ee\/lt\/wp-json\/wp\/v2\/media?parent=1750"}],"wp:term":[{"taxonomy":"pwb-brand","embeddable":true,"href":"https:\/\/tammetorubbq.ee\/lt\/wp-json\/wp\/v2\/pwb-brand?post=1750"},{"taxonomy":"product_brand","embeddable":true,"href":"https:\/\/tammetorubbq.ee\/lt\/wp-json\/wp\/v2\/product_brand?post=1750"},{"taxonomy":"product_cat","embeddable":true,"href":"https:\/\/tammetorubbq.ee\/lt\/wp-json\/wp\/v2\/product_cat?post=1750"},{"taxonomy":"product_tag","embeddable":true,"href":"https:\/\/tammetorubbq.ee\/lt\/wp-json\/wp\/v2\/product_tag?post=1750"}],"curies":[{"name":"wp","href":"https:\/\/api.w.org\/{rel}","templated":true}]}}