{"id":1762,"date":"2024-06-01T14:27:32","date_gmt":"2024-06-01T11:27:32","guid":{"rendered":"https:\/\/tammetorubbq.ee\/?post_type=product&#038;p=1762"},"modified":"2026-04-15T00:00:05","modified_gmt":"2026-04-14T21:00:05","slug":"ahja-rukykla-tunn-dumu-krosnele","status":"publish","type":"product","link":"https:\/\/tammetorubbq.ee\/lt\/produktas\/ahja-rukykla-tunn-dumu-krosnele\/","title":{"rendered":"\"Ahja Smoker\" statin\u0117s r\u016bkykl\u0117s krosnel\u0117"},"content":{"rendered":"<p>Med\u017eiaga: 3 mm<\/p>\n<p>Auk\u0161tis: 1000 mm<\/p>\n<p>Skersmuo: 450 mm<\/p>\n<p>Raumen\u0173 kameros auk\u0161tis: 620 mm<\/p>\n<p>M\u0117sos skyriaus talpa: 60 litr\u0173<\/p>\n<p>Atstumai tarp atram\u0173: 10 cm<\/p>\n<p>Atstov\u0173 skai\u010dius: 4<\/p>","protected":false},"excerpt":{"rendered":"<p><strong>\ud83d\udca5 Parim hind turul +\u00a0<span style=\"color: #ff0000;\">TASUTA transport!\u00a0<\/span>\u00c4ra maksa rohkem \u2013 telli kohe ja s\u00e4\u00e4sta topelt!<\/strong><\/p>\n<p><em><strong>Auk\u0161tos kokyb\u0117s apvali dvisien\u0117 r\u016bkykla.<\/strong><\/em><\/p>\n<p>Krosn\u012f sudaro dvi kameros. Apatin\u0117je krosnies dalyje yra degimo kamera, kurioje deginama mediena, o vir\u0161utin\u0117je - m\u0117sos kamera.<\/p>\n<p>Dvigub\u0173 sieneli\u0173 krosnel\u0117je medienos degimo d\u016bmai per dvigubas sieneles kyla \u012f kamin\u0105.<\/p>\n<p>\u0160io tipo krosnel\u0117se n\u0117ra svarbu deginti r\u016bkymui tinkamas malkas. Degimo d\u016bmai nesilie\u010dia su m\u0117sa.<\/p>\n<p>Tai apie. kar\u0161to d\u016bmo virykl\u0117. Vir\u0161utin\u0117je kameroje d\u016bmai susidaro i\u0161 skiedr\u0173, pjuven\u0173 ar pan.<\/p>\n<p>Orkait\u0117je yra riebal\u0173 keptuv\u0117, keturios lentyn\u0117l\u0117s, termometras ir naudojimo instrukcija.<\/p>\n<p>&nbsp;<\/p>\n<p><img loading=\"lazy\" decoding=\"async\" class=\"alignnone wp-image-1752\" src=\"http:\/\/tammetorubbq.ee\/wp-content\/uploads\/2024\/06\/Ahja-Smoker-logo.svg\" alt=\"Ahja r\u016bkaliaus logotipas\" width=\"179\" height=\"82\" \/><\/p>\n<p>&nbsp;<\/p>\n<p><a href=\"https:\/\/tammetorubbq.ee\/lt\/sumoketi-veliau\/\"><strong>PIRKITE DABAR, MOK\u0116KITE V\u0116LIAU<\/strong><\/a>\u00a0- be pal\u016bkan\u0173!<\/p>\n<p><img loading=\"lazy\" decoding=\"async\" class=\"alignnone wp-image-2646\" src=\"http:\/\/tammetorubbq.ee\/wp-content\/uploads\/2023\/12\/inbank-wordmark.png\" alt=\"Inbank\" width=\"167\" height=\"75\" srcset=\"https:\/\/tammetorubbq.ee\/wp-content\/uploads\/2023\/12\/inbank-wordmark.png 300w, https:\/\/tammetorubbq.ee\/wp-content\/uploads\/2023\/12\/inbank-wordmark-18x8.png 18w, https:\/\/tammetorubbq.ee\/wp-content\/uploads\/2023\/12\/inbank-wordmark-64x29.png 64w\" sizes=\"auto, (max-width: 167px) 100vw, 167px\" \/><\/p>\n<p>Taip pat si\u016blome galimyb\u0119 sumok\u0117ti v\u0117liau - viena, dviem arba trimis lygiomis dalimis be joki\u0173 pal\u016bkan\u0173 ar papildom\u0173 mokes\u010di\u0173.<\/p>\n<p>M\u016bs\u0173 pirkini\u0173 krep\u0161elyje rasite \u012fvairi\u0173 mok\u0117jimo b\u016bd\u0173 pasirinkim\u0105.<\/p>","protected":false},"featured_media":1763,"comment_status":"open","ping_status":"closed","template":"","meta":{"_uf_show_specific_survey":0,"_uf_disable_surveys":false},"pwb-brand":[144],"product_brand":[],"product_cat":[57,20],"product_tag":[145,76],"class_list":{"0":"post-1762","1":"product","2":"type-product","3":"status-publish","4":"has-post-thumbnail","6":"pwb-brand-ahja-smoker","7":"product_cat-bbq-suitsuahjud","8":"product_cat-kampaania","9":"product_tag-ahja-smoker","10":"product_tag-suitsuahi","12":"first","13":"instock","14":"sale","15":"taxable","16":"shipping-taxable","17":"purchasable","18":"product-type-simple"},"brands":[{"id":144,"name":"Ahja R\u016bkykl\u0117","slug":"ahja-rukalius"}],"_links":{"self":[{"href":"https:\/\/tammetorubbq.ee\/lt\/wp-json\/wp\/v2\/product\/1762","targetHints":{"allow":["GET"]}}],"collection":[{"href":"https:\/\/tammetorubbq.ee\/lt\/wp-json\/wp\/v2\/product"}],"about":[{"href":"https:\/\/tammetorubbq.ee\/lt\/wp-json\/wp\/v2\/types\/product"}],"replies":[{"embeddable":true,"href":"https:\/\/tammetorubbq.ee\/lt\/wp-json\/wp\/v2\/comments?post=1762"}],"wp:featuredmedia":[{"embeddable":true,"href":"https:\/\/tammetorubbq.ee\/lt\/wp-json\/wp\/v2\/media\/1763"}],"wp:attachment":[{"href":"https:\/\/tammetorubbq.ee\/lt\/wp-json\/wp\/v2\/media?parent=1762"}],"wp:term":[{"taxonomy":"pwb-brand","embeddable":true,"href":"https:\/\/tammetorubbq.ee\/lt\/wp-json\/wp\/v2\/pwb-brand?post=1762"},{"taxonomy":"product_brand","embeddable":true,"href":"https:\/\/tammetorubbq.ee\/lt\/wp-json\/wp\/v2\/product_brand?post=1762"},{"taxonomy":"product_cat","embeddable":true,"href":"https:\/\/tammetorubbq.ee\/lt\/wp-json\/wp\/v2\/product_cat?post=1762"},{"taxonomy":"product_tag","embeddable":true,"href":"https:\/\/tammetorubbq.ee\/lt\/wp-json\/wp\/v2\/product_tag?post=1762"}],"curies":[{"name":"wp","href":"https:\/\/api.w.org\/{rel}","templated":true}]}}