{"id":1774,"date":"2024-06-01T15:28:31","date_gmt":"2024-06-01T12:28:31","guid":{"rendered":"https:\/\/tammetorubbq.ee\/?post_type=product&#038;p=1774"},"modified":"2026-04-16T21:00:07","modified_gmt":"2026-04-16T18:00:07","slug":"ahja-rukalas-antakiu-rukalas-mi2","status":"publish","type":"product","link":"https:\/\/tammetorubbq.ee\/lt\/produktas\/ahja-rukalas-antakiu-rukalas-mi2\/","title":{"rendered":"\"Ahja Smoker\" \u0161alto r\u016bkymo krosnel\u0117 MI2"},"content":{"rendered":"<p>I\u0161oriniai matmenys: 1950*500*500 mm<br \/>\nRaumen\u0173 kameros i\u0161matavimai: 110*45*45 cm<br \/>\nM\u0117sos skyriaus talpa: 275 litr\u0173<\/p>\n<p>Med\u017eiagos storis: 3 mm<br \/>\nAtstumai tarp atram\u0173: 20 cm<br \/>\nAtstov\u0173 skai\u010dius: 4<\/p>","protected":false},"excerpt":{"rendered":"<p><strong>\ud83d\udca5 Parim hind turul + <span style=\"color: #ff0000;\">TASUTA transport!<\/span> \u00c4ra maksa rohkem \u2013 telli kohe ja s\u00e4\u00e4sta topelt!<\/strong><\/p>\n<p><em><strong>Auk\u0161tos kokyb\u0117s vieno vieneto r\u016bkykla.<\/strong><\/em><\/p>\n<p>Krosn\u012f sudaro dvi kameros. Apatin\u0117je krosnies dalyje yra degimo kamera, kurioje deginama mediena, o vir\u0161utin\u0117je - m\u0117sos kamera.<\/p>\n<p>Vienos sienel\u0117s krosnel\u0117je degan\u010di\u0173 malk\u0173 d\u016bmai kyla \u012f kamin\u0105 per m\u0117sos kamer\u0105.<\/p>\n<p>Svarbu naudoti krosnel\u0119, kurioje deginamos r\u016bkymui tinkamos malkos - tai \u0161alto d\u016bmo krosnel\u0117.<\/p>\n<p>Orkait\u0117je yra riebal\u0173 keptuv\u0117, keturios lentyn\u0117l\u0117s, termometras ir naudojimo instrukcija.<\/p>\n<p>Galin\u0117je dalyje esantys ratukai palengvina orkait\u0117s jud\u0117jim\u0105.<\/p>\n<p>&nbsp;<\/p>\n<p><img loading=\"lazy\" decoding=\"async\" class=\"alignnone wp-image-1752\" src=\"http:\/\/tammetorubbq.ee\/wp-content\/uploads\/2024\/06\/Ahja-Smoker-logo.svg\" alt=\"Ahja r\u016bkaliaus logotipas\" width=\"202\" height=\"92\" \/><\/p>\n<p>&nbsp;<\/p>\n<p><a href=\"https:\/\/tammetorubbq.ee\/lt\/sumoketi-veliau\/\"><strong>PIRKITE DABAR, MOK\u0116KITE V\u0116LIAU<\/strong><\/a>\u00a0- be pal\u016bkan\u0173!<\/p>\n<p><img loading=\"lazy\" decoding=\"async\" class=\"alignnone wp-image-2646\" src=\"http:\/\/tammetorubbq.ee\/wp-content\/uploads\/2023\/12\/inbank-wordmark.png\" alt=\"Inbank\" width=\"167\" height=\"75\" srcset=\"https:\/\/tammetorubbq.ee\/wp-content\/uploads\/2023\/12\/inbank-wordmark.png 300w, https:\/\/tammetorubbq.ee\/wp-content\/uploads\/2023\/12\/inbank-wordmark-18x8.png 18w, https:\/\/tammetorubbq.ee\/wp-content\/uploads\/2023\/12\/inbank-wordmark-64x29.png 64w\" sizes=\"auto, (max-width: 167px) 100vw, 167px\" \/><\/p>\n<p>Taip pat si\u016blome galimyb\u0119 sumok\u0117ti v\u0117liau - viena, dviem arba trimis lygiomis dalimis be joki\u0173 pal\u016bkan\u0173 ar papildom\u0173 mokes\u010di\u0173.<\/p>\n<p>M\u016bs\u0173 pirkini\u0173 krep\u0161elyje rasite \u012fvairi\u0173 mok\u0117jimo b\u016bd\u0173 pasirinkim\u0105.<\/p>","protected":false},"featured_media":1772,"comment_status":"open","ping_status":"closed","template":"","meta":{"_uf_show_specific_survey":0,"_uf_disable_surveys":false},"pwb-brand":[144],"product_brand":[],"product_cat":[57,20],"product_tag":[145,76],"class_list":{"0":"post-1774","1":"product","2":"type-product","3":"status-publish","4":"has-post-thumbnail","6":"pwb-brand-ahja-smoker","7":"product_cat-bbq-suitsuahjud","8":"product_cat-kampaania","9":"product_tag-ahja-smoker","10":"product_tag-suitsuahi","12":"first","13":"instock","14":"sale","15":"taxable","16":"shipping-taxable","17":"purchasable","18":"product-type-simple"},"brands":[{"id":144,"name":"Ahja R\u016bkykl\u0117","slug":"ahja-rukalius"}],"_links":{"self":[{"href":"https:\/\/tammetorubbq.ee\/lt\/wp-json\/wp\/v2\/product\/1774","targetHints":{"allow":["GET"]}}],"collection":[{"href":"https:\/\/tammetorubbq.ee\/lt\/wp-json\/wp\/v2\/product"}],"about":[{"href":"https:\/\/tammetorubbq.ee\/lt\/wp-json\/wp\/v2\/types\/product"}],"replies":[{"embeddable":true,"href":"https:\/\/tammetorubbq.ee\/lt\/wp-json\/wp\/v2\/comments?post=1774"}],"wp:featuredmedia":[{"embeddable":true,"href":"https:\/\/tammetorubbq.ee\/lt\/wp-json\/wp\/v2\/media\/1772"}],"wp:attachment":[{"href":"https:\/\/tammetorubbq.ee\/lt\/wp-json\/wp\/v2\/media?parent=1774"}],"wp:term":[{"taxonomy":"pwb-brand","embeddable":true,"href":"https:\/\/tammetorubbq.ee\/lt\/wp-json\/wp\/v2\/pwb-brand?post=1774"},{"taxonomy":"product_brand","embeddable":true,"href":"https:\/\/tammetorubbq.ee\/lt\/wp-json\/wp\/v2\/product_brand?post=1774"},{"taxonomy":"product_cat","embeddable":true,"href":"https:\/\/tammetorubbq.ee\/lt\/wp-json\/wp\/v2\/product_cat?post=1774"},{"taxonomy":"product_tag","embeddable":true,"href":"https:\/\/tammetorubbq.ee\/lt\/wp-json\/wp\/v2\/product_tag?post=1774"}],"curies":[{"name":"wp","href":"https:\/\/api.w.org\/{rel}","templated":true}]}}