{"id":1785,"date":"2024-06-07T16:50:40","date_gmt":"2024-06-07T13:50:40","guid":{"rendered":"https:\/\/tammetorubbq.ee\/?post_type=product&#038;p=1785"},"modified":"2026-04-14T18:01:39","modified_gmt":"2026-04-14T15:01:39","slug":"kosmos-q-spg-rub-340g","status":"publish","type":"product","link":"https:\/\/tammetorubbq.ee\/lt\/produktas\/kosmos-q-spg-rub-340g\/","title":{"rendered":"Kosmo's Q SPG Rub 340g"},"content":{"rendered":"<p><strong>Sudedamosios dalys:<\/strong> meresool, must pipar, k\u00fc\u00fcslauk, orgaaniline roosuhkur ja v\u00fcrtsid.<\/p>","protected":false},"excerpt":{"rendered":"<h5 data-pm-slice=\"1 1 []\"><strong>\"Kosmo's Q SPG Rub\" (arba druska, pipirai, \u010desnakas ir daug magijos).<\/strong><\/h5>\n<p>\"Rub\" - tai universalus ir daugyb\u0119 apdovanojim\u0173 peln\u0119s sausas prieskoni\u0173 mi\u0161inys, pagamintas i\u0161 paprast\u0173, bet veiksming\u0173 ingredient\u0173: j\u016bros druskos, juod\u0173j\u0173 pipir\u0173, \u010desnako ir ekologi\u0161ko cukranendri\u0173 cukraus.<\/p>\n<p>\u0160is klasikinis SPG (druskos, pipir\u0173 ir \u010desnak\u0173) mi\u0161inys gars\u0117ja tuo, kad i\u0161ry\u0161kina nat\u016bral\u0173 m\u0117sos skon\u012f ir yra labai vertinamas BBQ entuziast\u0173.<\/p>\n<ul>\n<li>Skonio savyb\u0117s: subalansuotas s\u016braus, \u0161iek tiek saldaus ir aromatingo skonio derinys.<\/li>\n<li>Puikiai tinka jautienai, kiaulienai, vi\u0161tienai, \u017euviai, \u0161onkauliukams, kr\u016btininei, sparneliams ir net dar\u017eov\u0117ms.<\/li>\n<li>Naudojimas: Puikiai tinka kepti ant groteli\u0173, griliui, r\u016bkyti ar skrudinti - tiesiog pabarstykite m\u0117s\u0105 prie\u0161 kepim\u0105.<\/li>\n<\/ul>\n<p><strong>Kod\u0117l verta rinktis \"Kosmo\" Q SPG Rub?<\/strong><\/p>\n<ul>\n<li>Var\u017eyb\u0173 kokyb\u0117: sukurta taip, kad atitikt\u0173 auk\u0161tus BBQ var\u017eyb\u0173 standartus.<\/li>\n<li>100% nat\u016bral\u016bs ingredientai: sud\u0117tyje n\u0117ra dirbtini\u0173 pried\u0173 ar konservant\u0173.<\/li>\n<li>Universalus naudojimas: suteikia puik\u0173 skon\u012f ne tik m\u0117sos patiekalams.<\/li>\n<\/ul>\n<p><strong>\"Kosmo's Q\" pagamino SPG prieskoni\u0173 mi\u0161in\u012f su itin geru santykiu.<\/strong><\/p>\n<p>&nbsp;<\/p>\n<p><img loading=\"lazy\" decoding=\"async\" class=\"wp-image-1698\" src=\"http:\/\/tammetorubbq.ee\/wp-content\/uploads\/2024\/05\/Kosmos-Q-logo.avif\" alt=\"Kosmo Q\" width=\"146\" height=\"110\" srcset=\"https:\/\/tammetorubbq.ee\/wp-content\/uploads\/2024\/05\/Kosmos-Q-logo.avif 258w, https:\/\/tammetorubbq.ee\/wp-content\/uploads\/2024\/05\/Kosmos-Q-logo-16x12.avif 16w, https:\/\/tammetorubbq.ee\/wp-content\/uploads\/2024\/05\/Kosmos-Q-logo-64x48.avif 64w\" sizes=\"auto, (max-width: 146px) 100vw, 146px\" \/><\/p>","protected":false},"featured_media":6623,"comment_status":"open","ping_status":"closed","template":"","meta":{"_uf_show_specific_survey":0,"_uf_disable_surveys":false},"pwb-brand":[81],"product_brand":[],"product_cat":[21,20],"product_tag":[163,118,159,121,120,319,114,122,123,119,165],"class_list":{"0":"post-1785","1":"product","2":"type-product","3":"status-publish","4":"has-post-thumbnail","6":"pwb-brand-kosmos-q","7":"product_cat-maitseainesegud","8":"product_cat-kampaania","9":"product_tag-kala","10":"product_tag-kanaliha","11":"product_tag-kanatiivad","12":"product_tag-koogiviljad","13":"product_tag-mereannid","14":"product_tag-pardi-rinnafilee","15":"product_tag-sealiha","16":"product_tag-searibi","17":"product_tag-steik","18":"product_tag-veiseliha","19":"product_tag-veiseribi","21":"first","22":"instock","23":"sale","24":"taxable","25":"shipping-taxable","26":"purchasable","27":"product-type-simple"},"brands":[{"id":81,"name":"Kosmo's Q","slug":"kosmos-q"}],"_links":{"self":[{"href":"https:\/\/tammetorubbq.ee\/lt\/wp-json\/wp\/v2\/product\/1785","targetHints":{"allow":["GET"]}}],"collection":[{"href":"https:\/\/tammetorubbq.ee\/lt\/wp-json\/wp\/v2\/product"}],"about":[{"href":"https:\/\/tammetorubbq.ee\/lt\/wp-json\/wp\/v2\/types\/product"}],"replies":[{"embeddable":true,"href":"https:\/\/tammetorubbq.ee\/lt\/wp-json\/wp\/v2\/comments?post=1785"}],"wp:featuredmedia":[{"embeddable":true,"href":"https:\/\/tammetorubbq.ee\/lt\/wp-json\/wp\/v2\/media\/6623"}],"wp:attachment":[{"href":"https:\/\/tammetorubbq.ee\/lt\/wp-json\/wp\/v2\/media?parent=1785"}],"wp:term":[{"taxonomy":"pwb-brand","embeddable":true,"href":"https:\/\/tammetorubbq.ee\/lt\/wp-json\/wp\/v2\/pwb-brand?post=1785"},{"taxonomy":"product_brand","embeddable":true,"href":"https:\/\/tammetorubbq.ee\/lt\/wp-json\/wp\/v2\/product_brand?post=1785"},{"taxonomy":"product_cat","embeddable":true,"href":"https:\/\/tammetorubbq.ee\/lt\/wp-json\/wp\/v2\/product_cat?post=1785"},{"taxonomy":"product_tag","embeddable":true,"href":"https:\/\/tammetorubbq.ee\/lt\/wp-json\/wp\/v2\/product_tag?post=1785"}],"curies":[{"name":"wp","href":"https:\/\/api.w.org\/{rel}","templated":true}]}}