{"id":1800,"date":"2024-06-11T18:09:36","date_gmt":"2024-06-11T15:09:36","guid":{"rendered":"https:\/\/tammetorubbq.ee\/?post_type=product&#038;p=1800"},"modified":"2026-04-15T07:00:05","modified_gmt":"2026-04-15T04:00:05","slug":"mesos-baznycia-texas-sugar-rub","status":"publish","type":"product","link":"https:\/\/tammetorubbq.ee\/lt\/produktas\/mesos-baznycia-texas-sugar-rub\/","title":{"rendered":"M\u0117sos ba\u017eny\u010dia Teksaso cukraus \u012ftrinti"},"content":{"rendered":"<p>Sud\u0117tis: cukrus, medaus milteliai (rafinuotas sirupas, medus), druska, prieskoniai, paprika, d\u017eiovinti \u010desnakai ir d\u017eiovinti svog\u016bnai.<\/p>","protected":false},"excerpt":{"rendered":"<p><span style=\"color: #0000ff;\"><strong>NE, tai ne jautiena!<\/strong><\/span><\/p>\n<p>\"Texas Sugar\" yra saldus, bet ne per saldus, i\u0161 tikr\u0173j\u0173 jame yra tik tinkamas saldumo kiekis, kad b\u016bt\u0173 i\u0161laikyta pusiausvyra.<\/p>\n<p>\"Texas Sugar\" - tai tiesiog \u012fsimintinas pavadinimas, kur\u012f Matti visada nor\u0117jo naudoti!<\/p>\n<p>Daugelis m\u0117sos m\u0117g\u0117j\u0173 buvo apdovanoti BBQ var\u017eybose u\u017e tai, kad KCBS ir IBCA var\u017eybose \u0161onkauliukus, kiaulien\u0105 ir vi\u0161tien\u0105 tep\u0117 b\u016btent \u0161iuo \"Meat Church Texas Sugar\" trintuvu.<\/p>\n<p>Puikiai tinka su \u0161onkauliukais, kiauliena, vi\u0161tiena, kalakutiena, j\u016bros g\u0117ryb\u0117mis, r\u016bkytu kreminiu s\u016briu ir popkornais.<\/p>\n<p><img loading=\"lazy\" decoding=\"async\" class=\"wp-image-1702\" src=\"http:\/\/tammetorubbq.ee\/wp-content\/uploads\/2024\/02\/Meat-Church-logo-300x300.webp\" alt=\"M\u0117sos ba\u017eny\u010dios logotipas\" width=\"164\" height=\"164\" \/><\/p>","protected":false},"featured_media":1801,"comment_status":"open","ping_status":"closed","template":"","meta":{"_uf_show_specific_survey":0,"_uf_disable_surveys":false},"pwb-brand":[96],"product_brand":[],"product_cat":[21],"product_tag":[],"class_list":{"0":"post-1800","1":"product","2":"type-product","3":"status-publish","4":"has-post-thumbnail","6":"pwb-brand-meat-church","7":"product_cat-maitseainesegud","9":"first","10":"outofstock","11":"taxable","12":"shipping-taxable","13":"purchasable","14":"product-type-simple"},"brands":[{"id":96,"name":"M\u0117sos ba\u017eny\u010dia","slug":"meat-church"}],"_links":{"self":[{"href":"https:\/\/tammetorubbq.ee\/lt\/wp-json\/wp\/v2\/product\/1800","targetHints":{"allow":["GET"]}}],"collection":[{"href":"https:\/\/tammetorubbq.ee\/lt\/wp-json\/wp\/v2\/product"}],"about":[{"href":"https:\/\/tammetorubbq.ee\/lt\/wp-json\/wp\/v2\/types\/product"}],"replies":[{"embeddable":true,"href":"https:\/\/tammetorubbq.ee\/lt\/wp-json\/wp\/v2\/comments?post=1800"}],"wp:featuredmedia":[{"embeddable":true,"href":"https:\/\/tammetorubbq.ee\/lt\/wp-json\/wp\/v2\/media\/1801"}],"wp:attachment":[{"href":"https:\/\/tammetorubbq.ee\/lt\/wp-json\/wp\/v2\/media?parent=1800"}],"wp:term":[{"taxonomy":"pwb-brand","embeddable":true,"href":"https:\/\/tammetorubbq.ee\/lt\/wp-json\/wp\/v2\/pwb-brand?post=1800"},{"taxonomy":"product_brand","embeddable":true,"href":"https:\/\/tammetorubbq.ee\/lt\/wp-json\/wp\/v2\/product_brand?post=1800"},{"taxonomy":"product_cat","embeddable":true,"href":"https:\/\/tammetorubbq.ee\/lt\/wp-json\/wp\/v2\/product_cat?post=1800"},{"taxonomy":"product_tag","embeddable":true,"href":"https:\/\/tammetorubbq.ee\/lt\/wp-json\/wp\/v2\/product_tag?post=1800"}],"curies":[{"name":"wp","href":"https:\/\/api.w.org\/{rel}","templated":true}]}}