{"id":1825,"date":"2024-07-03T14:54:06","date_gmt":"2024-07-03T11:54:06","guid":{"rendered":"https:\/\/tammetorubbq.ee\/?post_type=product&#038;p=1825"},"modified":"2026-04-16T20:00:25","modified_gmt":"2026-04-16T17:00:25","slug":"kosmos-q-cesnakinis-cesnaku-ir-jalapenu-itrinti-429g","status":"publish","type":"product","link":"https:\/\/tammetorubbq.ee\/lt\/produktas\/kosmos-q-cesnakinis-cesnaku-ir-jalapenu-itrinti-429g\/","title":{"rendered":"\"Kosmo's Q\" \u010desnak\u0173 ir jalapen\u0173 \u012ftrinti 429g"},"content":{"rendered":"<p>Sud\u0117tis: druska, cukrus, prieskoniai, natrio glutamatas, dehidratuoti \u010desnakai, rafinuotas soj\u0173 aliejus, nat\u016bral\u016bs prieskoniai ir ma\u017eiau nei 2% silicio dioksido, prid\u0117ta siekiant i\u0161vengti sukepimo.<\/p>","protected":false},"excerpt":{"rendered":"<p><span style=\"color: #0000ff;\"><strong>GERIAUSIAS \u010cESNAKINIS JALAPENO \u012eTRINTI<\/strong><\/span><\/p>\n<p>\"Kosmo's Q Garlic Jalapeno\" yra unikalus \u010desnak\u0173 ir jalapeno \u012ftrinimas, kuris greitai taps j\u016bs\u0173 m\u0117gstamiausiu, jei norite dr\u0105saus skonio ir malonaus a\u0161trumo.<\/p>\n<p class=\"\" data-start=\"290\" data-end=\"514\">Jis puikiai tinka su vi\u0161tiena, kiauliena ir jautiena, taip pat suteikia \u012fdom\u0173 skon\u012f dar\u017eov\u0117ms, fritatai ar net pusry\u010diams. Trint\u0105 galima naudoti kaip saus\u0105 marinat\u0105, pada\u017eams arba pada\u017eams gaminti.<\/p>\n<p class=\"\" data-start=\"516\" data-end=\"647\">D\u0117l savo universalumo \u0161is \u012ftrintas produktas puikiai tiks kiekvienam grilio meistrui, m\u0117gstan\u010diam pa\u017e\u012fstamus ir netik\u0117tus skonius.<\/p>\n<p>&nbsp;<\/p>\n<p><img loading=\"lazy\" decoding=\"async\" class=\"wp-image-1698\" src=\"http:\/\/tammetorubbq.ee\/wp-content\/uploads\/2024\/05\/Kosmos-Q-logo.avif\" alt=\"Kosmo Q\" width=\"142\" height=\"107\" srcset=\"https:\/\/tammetorubbq.ee\/wp-content\/uploads\/2024\/05\/Kosmos-Q-logo.avif 258w, https:\/\/tammetorubbq.ee\/wp-content\/uploads\/2024\/05\/Kosmos-Q-logo-16x12.avif 16w, https:\/\/tammetorubbq.ee\/wp-content\/uploads\/2024\/05\/Kosmos-Q-logo-64x48.avif 64w\" sizes=\"auto, (max-width: 142px) 100vw, 142px\" \/><\/p>","protected":false},"featured_media":1826,"comment_status":"open","ping_status":"closed","template":"","meta":{"_uf_show_specific_survey":0,"_uf_disable_surveys":false},"pwb-brand":[81],"product_brand":[],"product_cat":[21],"product_tag":[118,159,121,114,122,119,165],"class_list":{"0":"post-1825","1":"product","2":"type-product","3":"status-publish","4":"has-post-thumbnail","6":"pwb-brand-kosmos-q","7":"product_cat-maitseainesegud","8":"product_tag-kanaliha","9":"product_tag-kanatiivad","10":"product_tag-koogiviljad","11":"product_tag-sealiha","12":"product_tag-searibi","13":"product_tag-veiseliha","14":"product_tag-veiseribi","16":"first","17":"instock","18":"taxable","19":"shipping-taxable","20":"purchasable","21":"product-type-simple"},"brands":[{"id":81,"name":"Kosmo's Q","slug":"kosmos-q"}],"_links":{"self":[{"href":"https:\/\/tammetorubbq.ee\/lt\/wp-json\/wp\/v2\/product\/1825","targetHints":{"allow":["GET"]}}],"collection":[{"href":"https:\/\/tammetorubbq.ee\/lt\/wp-json\/wp\/v2\/product"}],"about":[{"href":"https:\/\/tammetorubbq.ee\/lt\/wp-json\/wp\/v2\/types\/product"}],"replies":[{"embeddable":true,"href":"https:\/\/tammetorubbq.ee\/lt\/wp-json\/wp\/v2\/comments?post=1825"}],"wp:featuredmedia":[{"embeddable":true,"href":"https:\/\/tammetorubbq.ee\/lt\/wp-json\/wp\/v2\/media\/1826"}],"wp:attachment":[{"href":"https:\/\/tammetorubbq.ee\/lt\/wp-json\/wp\/v2\/media?parent=1825"}],"wp:term":[{"taxonomy":"pwb-brand","embeddable":true,"href":"https:\/\/tammetorubbq.ee\/lt\/wp-json\/wp\/v2\/pwb-brand?post=1825"},{"taxonomy":"product_brand","embeddable":true,"href":"https:\/\/tammetorubbq.ee\/lt\/wp-json\/wp\/v2\/product_brand?post=1825"},{"taxonomy":"product_cat","embeddable":true,"href":"https:\/\/tammetorubbq.ee\/lt\/wp-json\/wp\/v2\/product_cat?post=1825"},{"taxonomy":"product_tag","embeddable":true,"href":"https:\/\/tammetorubbq.ee\/lt\/wp-json\/wp\/v2\/product_tag?post=1825"}],"curies":[{"name":"wp","href":"https:\/\/api.w.org\/{rel}","templated":true}]}}