{"id":1838,"date":"2024-07-08T14:22:23","date_gmt":"2024-07-08T11:22:23","guid":{"rendered":"https:\/\/tammetorubbq.ee\/?post_type=product&#038;p=1838"},"modified":"2026-04-15T02:00:03","modified_gmt":"2026-04-14T23:00:03","slug":"franklin-barbekiu-prieskoniu-trintuve-170g","status":"publish","type":"product","link":"https:\/\/tammetorubbq.ee\/lt\/produktas\/franklin-barbekiu-prieskoniu-trintuve-170g\/","title":{"rendered":"\"Franklin Barbecue Spice Rub\" 170g"},"content":{"rendered":"<p>Sudedamosios dalys: druska; \u010desnakas; svog\u016bnas; cukrus; paprika; prieskoniai; \u0161iitake gryb\u0173 milteliai ir pomidor\u0173 milteliai (pomidorai ir silicio dioksidas).<\/p>","protected":false},"excerpt":{"rendered":"<p>Visame pasaulyje \u017einomas \"Franklin Barbeque\" lengvas BBQ trinimas.<\/p>\n<p>Papras\u010diausias klasikinis BBQ prieskoni\u0173 mi\u0161inys.<\/p>\n<p>&nbsp;<\/p>\n<p><img loading=\"lazy\" decoding=\"async\" class=\"alignnone  wp-image-1842\" src=\"http:\/\/tammetorubbq.ee\/wp-content\/uploads\/2024\/07\/Franklin-BBQ-logo.svg\" alt=\"Franklin BBQ logotipas\" width=\"202\" height=\"114\" \/><\/p>","protected":false},"featured_media":1841,"comment_status":"open","ping_status":"closed","template":"","meta":{"_uf_show_specific_survey":0,"_uf_disable_surveys":false},"pwb-brand":[83],"product_brand":[],"product_cat":[21],"product_tag":[],"class_list":{"0":"post-1838","1":"product","2":"type-product","3":"status-publish","4":"has-post-thumbnail","6":"pwb-brand-franklin-barbecue","7":"product_cat-maitseainesegud","9":"first","10":"outofstock","11":"taxable","12":"shipping-taxable","13":"purchasable","14":"product-type-simple"},"brands":[{"id":83,"name":"Franklino kepsnin\u0117","slug":"franklin-barbecue"}],"_links":{"self":[{"href":"https:\/\/tammetorubbq.ee\/lt\/wp-json\/wp\/v2\/product\/1838","targetHints":{"allow":["GET"]}}],"collection":[{"href":"https:\/\/tammetorubbq.ee\/lt\/wp-json\/wp\/v2\/product"}],"about":[{"href":"https:\/\/tammetorubbq.ee\/lt\/wp-json\/wp\/v2\/types\/product"}],"replies":[{"embeddable":true,"href":"https:\/\/tammetorubbq.ee\/lt\/wp-json\/wp\/v2\/comments?post=1838"}],"wp:featuredmedia":[{"embeddable":true,"href":"https:\/\/tammetorubbq.ee\/lt\/wp-json\/wp\/v2\/media\/1841"}],"wp:attachment":[{"href":"https:\/\/tammetorubbq.ee\/lt\/wp-json\/wp\/v2\/media?parent=1838"}],"wp:term":[{"taxonomy":"pwb-brand","embeddable":true,"href":"https:\/\/tammetorubbq.ee\/lt\/wp-json\/wp\/v2\/pwb-brand?post=1838"},{"taxonomy":"product_brand","embeddable":true,"href":"https:\/\/tammetorubbq.ee\/lt\/wp-json\/wp\/v2\/product_brand?post=1838"},{"taxonomy":"product_cat","embeddable":true,"href":"https:\/\/tammetorubbq.ee\/lt\/wp-json\/wp\/v2\/product_cat?post=1838"},{"taxonomy":"product_tag","embeddable":true,"href":"https:\/\/tammetorubbq.ee\/lt\/wp-json\/wp\/v2\/product_tag?post=1838"}],"curies":[{"name":"wp","href":"https:\/\/api.w.org\/{rel}","templated":true}]}}