{"id":1854,"date":"2024-07-29T18:09:35","date_gmt":"2024-07-29T15:09:35","guid":{"rendered":"https:\/\/tammetorubbq.ee\/?post_type=product&#038;p=1854"},"modified":"2026-04-15T00:00:01","modified_gmt":"2026-04-14T21:00:01","slug":"slaps-tobulas-misinys-itrinti-164g","status":"publish","type":"product","link":"https:\/\/tammetorubbq.ee\/lt\/produktas\/slaps-tobulas-misinys-itrinti-164g\/","title":{"rendered":"Slap`s Perfect Blend Rub 164g"},"content":{"rendered":"<p>Sud\u0117tis: druska, cukrus, rudasis cukrus, aitriosios paprikos, paprika, Vor\u010dester\u0161yro pada\u017eas, svog\u016bnai, \u010desnakai, paprika, salier\u0173 s\u0117klos, prieskoniai.<\/p>","protected":false},"excerpt":{"rendered":"<p>\"Slaps BBQ\" \u012fk\u016br\u0117jas Joe Pearce'as, kuris BBQ var\u017eybose prad\u0117jo dalyvauti jaunyst\u0117je ir d\u0117l savo did\u017eiul\u0117s patirties \u0161iandien niekas nenori su juo var\u017eytis, ypa\u010d \u0161onkauliuk\u0173 kategorijoje. B\u016btent \u0161ioje kategorijoje Joe Pearce'as pasiek\u0117 begal\u0119 puiki\u0173 rezultat\u0173 ir suk\u016br\u0117 \"Perfect Blend\" prieskoni\u0173 mi\u0161in\u012f, kur\u012f naudoja savo var\u017eybose.<\/p>\n<p>\"Perfect Blend\" - tai s\u016brus, saldus ir a\u0161trus mi\u0161inys, kuris tinka viskam.<\/p>\n<p>Puikiai tinka prie jautienos, kiaulienos, pauk\u0161tienos, j\u016bros g\u0117rybi\u0173.<\/p>\n<p>&nbsp;<\/p>\n<p><img loading=\"lazy\" decoding=\"async\" class=\"wp-image-1700\" src=\"http:\/\/tammetorubbq.ee\/wp-content\/uploads\/2024\/05\/Logo-300x186.png\" alt=\"Slap&#039;s BBQ logotipas\" width=\"166\" height=\"103\" srcset=\"https:\/\/tammetorubbq.ee\/wp-content\/uploads\/2024\/05\/Logo-300x186.png 300w, https:\/\/tammetorubbq.ee\/wp-content\/uploads\/2024\/05\/Logo-18x12.png 18w, https:\/\/tammetorubbq.ee\/wp-content\/uploads\/2024\/05\/Logo-64x40.png 64w, https:\/\/tammetorubbq.ee\/wp-content\/uploads\/2024\/05\/Logo.png 512w\" sizes=\"auto, (max-width: 166px) 100vw, 166px\" \/><\/p>","protected":false},"featured_media":1855,"comment_status":"open","ping_status":"closed","template":"","meta":{"_uf_show_specific_survey":0,"_uf_disable_surveys":false},"pwb-brand":[94],"product_brand":[],"product_cat":[21],"product_tag":[],"class_list":{"0":"post-1854","1":"product","2":"type-product","3":"status-publish","4":"has-post-thumbnail","6":"pwb-brand-slaps-bbq","7":"product_cat-maitseainesegud","9":"first","10":"outofstock","11":"taxable","12":"shipping-taxable","13":"purchasable","14":"product-type-simple"},"brands":[{"id":94,"name":"Slap's BBQ","slug":"slaps-bbq"}],"_links":{"self":[{"href":"https:\/\/tammetorubbq.ee\/lt\/wp-json\/wp\/v2\/product\/1854","targetHints":{"allow":["GET"]}}],"collection":[{"href":"https:\/\/tammetorubbq.ee\/lt\/wp-json\/wp\/v2\/product"}],"about":[{"href":"https:\/\/tammetorubbq.ee\/lt\/wp-json\/wp\/v2\/types\/product"}],"replies":[{"embeddable":true,"href":"https:\/\/tammetorubbq.ee\/lt\/wp-json\/wp\/v2\/comments?post=1854"}],"wp:featuredmedia":[{"embeddable":true,"href":"https:\/\/tammetorubbq.ee\/lt\/wp-json\/wp\/v2\/media\/1855"}],"wp:attachment":[{"href":"https:\/\/tammetorubbq.ee\/lt\/wp-json\/wp\/v2\/media?parent=1854"}],"wp:term":[{"taxonomy":"pwb-brand","embeddable":true,"href":"https:\/\/tammetorubbq.ee\/lt\/wp-json\/wp\/v2\/pwb-brand?post=1854"},{"taxonomy":"product_brand","embeddable":true,"href":"https:\/\/tammetorubbq.ee\/lt\/wp-json\/wp\/v2\/product_brand?post=1854"},{"taxonomy":"product_cat","embeddable":true,"href":"https:\/\/tammetorubbq.ee\/lt\/wp-json\/wp\/v2\/product_cat?post=1854"},{"taxonomy":"product_tag","embeddable":true,"href":"https:\/\/tammetorubbq.ee\/lt\/wp-json\/wp\/v2\/product_tag?post=1854"}],"curies":[{"name":"wp","href":"https:\/\/api.w.org\/{rel}","templated":true}]}}