{"id":1860,"date":"2024-07-29T18:59:13","date_gmt":"2024-07-29T15:59:13","guid":{"rendered":"https:\/\/tammetorubbq.ee\/?post_type=product&#038;p=1860"},"modified":"2026-04-15T02:00:08","modified_gmt":"2026-04-14T23:00:08","slug":"lotn-booty-everything-rub-397g","status":"publish","type":"product","link":"https:\/\/tammetorubbq.ee\/lt\/produktas\/lotn-booty-everything-rub-397g\/","title":{"rendered":"Loot'n Booty Everything Rub 397g"},"content":{"rendered":"<p>Sudedamosios dalys: cukrus, druska, prieskoniai: aitriosios paprikos, d\u017eiovinti \u010desnakai, svog\u016bnai ir paprika,<br \/>\nnatrio glutamatas, rudasis cukrus, \u010desnak\u0173 milteliai, da\u017eiklis - paprik\u0173 ekstraktas, nat\u016bralus meskitas,<br \/>\nnat\u016brali hikorio d\u016bm\u0173 kvapioji med\u017eiaga, ma\u017eiau nei 2% trikalcio fosfato, kad nesulipt\u0173.<\/p>","protected":false},"excerpt":{"rendered":"<p><strong><span style=\"color: #0000ff;\">JIS VEIKIA SU VISKUO!<\/span><\/strong><\/p>\n<p>\"Loot N' Booty BBQ Everything Rub\" yra universalus prieskoni\u0173 mi\u0161inys, kuris pasiteisino BBQ bendruomen\u0117je. Jis vadinamas \"Everything Rub\", nes tinka tiek kiaulienai, tiek bet kokiai kitai m\u0117sai, arba tiesiogine prasme viskam - nuo bulvi\u0173 salot\u0173 iki arb\u016bz\u0173.<\/p>\n<p>&nbsp;<\/p>\n<p><img loading=\"lazy\" decoding=\"async\" class=\"wp-image-1862\" src=\"http:\/\/tammetorubbq.ee\/wp-content\/uploads\/2024\/07\/Loot-n-Booty-logo.png\" alt=\"&quot;Loot-n-Booty&quot; logotipas\" width=\"166\" height=\"166\" srcset=\"https:\/\/tammetorubbq.ee\/wp-content\/uploads\/2024\/07\/Loot-n-Booty-logo.png 300w, https:\/\/tammetorubbq.ee\/wp-content\/uploads\/2024\/07\/Loot-n-Booty-logo-150x150.png 150w, https:\/\/tammetorubbq.ee\/wp-content\/uploads\/2024\/07\/Loot-n-Booty-logo-12x12.png 12w, https:\/\/tammetorubbq.ee\/wp-content\/uploads\/2024\/07\/Loot-n-Booty-logo-64x64.png 64w\" sizes=\"auto, (max-width: 166px) 100vw, 166px\" \/><\/p>","protected":false},"featured_media":1861,"comment_status":"open","ping_status":"closed","template":"","meta":{"_uf_show_specific_survey":0,"_uf_disable_surveys":false},"pwb-brand":[98],"product_brand":[],"product_cat":[21],"product_tag":[],"class_list":{"0":"post-1860","1":"product","2":"type-product","3":"status-publish","4":"has-post-thumbnail","6":"pwb-brand-loot-n-booty-bbq","7":"product_cat-maitseainesegud","9":"first","10":"instock","11":"taxable","12":"shipping-taxable","13":"purchasable","14":"product-type-simple"},"brands":[{"id":98,"name":"\"Loot N' Booty BBQ","slug":"loot-n-booty-bbq"}],"_links":{"self":[{"href":"https:\/\/tammetorubbq.ee\/lt\/wp-json\/wp\/v2\/product\/1860","targetHints":{"allow":["GET"]}}],"collection":[{"href":"https:\/\/tammetorubbq.ee\/lt\/wp-json\/wp\/v2\/product"}],"about":[{"href":"https:\/\/tammetorubbq.ee\/lt\/wp-json\/wp\/v2\/types\/product"}],"replies":[{"embeddable":true,"href":"https:\/\/tammetorubbq.ee\/lt\/wp-json\/wp\/v2\/comments?post=1860"}],"wp:featuredmedia":[{"embeddable":true,"href":"https:\/\/tammetorubbq.ee\/lt\/wp-json\/wp\/v2\/media\/1861"}],"wp:attachment":[{"href":"https:\/\/tammetorubbq.ee\/lt\/wp-json\/wp\/v2\/media?parent=1860"}],"wp:term":[{"taxonomy":"pwb-brand","embeddable":true,"href":"https:\/\/tammetorubbq.ee\/lt\/wp-json\/wp\/v2\/pwb-brand?post=1860"},{"taxonomy":"product_brand","embeddable":true,"href":"https:\/\/tammetorubbq.ee\/lt\/wp-json\/wp\/v2\/product_brand?post=1860"},{"taxonomy":"product_cat","embeddable":true,"href":"https:\/\/tammetorubbq.ee\/lt\/wp-json\/wp\/v2\/product_cat?post=1860"},{"taxonomy":"product_tag","embeddable":true,"href":"https:\/\/tammetorubbq.ee\/lt\/wp-json\/wp\/v2\/product_tag?post=1860"}],"curies":[{"name":"wp","href":"https:\/\/api.w.org\/{rel}","templated":true}]}}