{"id":1867,"date":"2024-07-29T19:22:00","date_gmt":"2024-07-29T16:22:00","guid":{"rendered":"https:\/\/tammetorubbq.ee\/?post_type=product&#038;p=1867"},"modified":"2026-04-15T04:00:07","modified_gmt":"2026-04-15T01:00:07","slug":"bbq-pit-boys-kiaulienos-privilegiju-itrinti-230g","status":"publish","type":"product","link":"https:\/\/tammetorubbq.ee\/lt\/produktas\/bbq-pit-boys-kiaulienos-privilegiju-itrinti-230g\/","title":{"rendered":"\"BBQ Pit Boys\" kiaulienos \"Privilege Rub 230g"},"content":{"rendered":"<p>Sudedamosios dalys: cukrus, paprika, \u010desnak\u0173 granul\u0117s, svog\u016bn\u0173 granul\u0117s, kmynai, rozmarinas, milteliai, juodieji pipirai, raudon\u0117liai, lipnum\u0105 reguliuojanti med\u017eiaga: silicio dioksidas E551.<\/p>","protected":false},"excerpt":{"rendered":"<p>\"BBQ Pit Boys\" \"Kiaulienos privilegija\" - tai j\u0173 sald\u017eiai a\u0161trus kiaulienos prieskoni\u0173 mi\u0161inys.<\/p>\n<p>Jis s\u016brus, saldus ir su lengvu \"sprogimu\" pabaigoje, lygiai toks, kaip para\u0161yta ant skardin\u0117s - kiauliena.<\/p>\n<p>&nbsp;<\/p>\n<p><img loading=\"lazy\" decoding=\"async\" class=\"wp-image-1868\" src=\"http:\/\/tammetorubbq.ee\/wp-content\/uploads\/2024\/07\/BBQ-Pit-Boys-logo-300x131.png\" alt=\"&quot;BBQ Pit Boys&quot; logotipas\" width=\"167\" height=\"73\" srcset=\"https:\/\/tammetorubbq.ee\/wp-content\/uploads\/2024\/07\/BBQ-Pit-Boys-logo-300x131.png 300w, https:\/\/tammetorubbq.ee\/wp-content\/uploads\/2024\/07\/BBQ-Pit-Boys-logo-18x8.png 18w, https:\/\/tammetorubbq.ee\/wp-content\/uploads\/2024\/07\/BBQ-Pit-Boys-logo-64x28.png 64w, https:\/\/tammetorubbq.ee\/wp-content\/uploads\/2024\/07\/BBQ-Pit-Boys-logo.png 344w\" sizes=\"auto, (max-width: 167px) 100vw, 167px\" \/><\/p>","protected":false},"featured_media":1869,"comment_status":"open","ping_status":"closed","template":"","meta":{"_uf_show_specific_survey":0,"_uf_disable_surveys":false},"pwb-brand":[99],"product_brand":[],"product_cat":[21],"product_tag":[],"class_list":{"0":"post-1867","1":"product","2":"type-product","3":"status-publish","4":"has-post-thumbnail","6":"pwb-brand-bbq-pit-boys","7":"product_cat-maitseainesegud","9":"first","10":"instock","11":"taxable","12":"shipping-taxable","13":"purchasable","14":"product-type-simple"},"brands":[{"id":99,"name":"BBQ Pit Boys","slug":"bbq-pit-boys"}],"_links":{"self":[{"href":"https:\/\/tammetorubbq.ee\/lt\/wp-json\/wp\/v2\/product\/1867","targetHints":{"allow":["GET"]}}],"collection":[{"href":"https:\/\/tammetorubbq.ee\/lt\/wp-json\/wp\/v2\/product"}],"about":[{"href":"https:\/\/tammetorubbq.ee\/lt\/wp-json\/wp\/v2\/types\/product"}],"replies":[{"embeddable":true,"href":"https:\/\/tammetorubbq.ee\/lt\/wp-json\/wp\/v2\/comments?post=1867"}],"wp:featuredmedia":[{"embeddable":true,"href":"https:\/\/tammetorubbq.ee\/lt\/wp-json\/wp\/v2\/media\/1869"}],"wp:attachment":[{"href":"https:\/\/tammetorubbq.ee\/lt\/wp-json\/wp\/v2\/media?parent=1867"}],"wp:term":[{"taxonomy":"pwb-brand","embeddable":true,"href":"https:\/\/tammetorubbq.ee\/lt\/wp-json\/wp\/v2\/pwb-brand?post=1867"},{"taxonomy":"product_brand","embeddable":true,"href":"https:\/\/tammetorubbq.ee\/lt\/wp-json\/wp\/v2\/product_brand?post=1867"},{"taxonomy":"product_cat","embeddable":true,"href":"https:\/\/tammetorubbq.ee\/lt\/wp-json\/wp\/v2\/product_cat?post=1867"},{"taxonomy":"product_tag","embeddable":true,"href":"https:\/\/tammetorubbq.ee\/lt\/wp-json\/wp\/v2\/product_tag?post=1867"}],"curies":[{"name":"wp","href":"https:\/\/api.w.org\/{rel}","templated":true}]}}