{"id":1872,"date":"2024-07-29T19:50:11","date_gmt":"2024-07-29T16:50:11","guid":{"rendered":"https:\/\/tammetorubbq.ee\/?post_type=product&#038;p=1872"},"modified":"2026-04-20T01:00:36","modified_gmt":"2026-04-19T22:00:36","slug":"heath-riles-astrus-acto-bbq-padazas-473g","status":"publish","type":"product","link":"https:\/\/tammetorubbq.ee\/lt\/produktas\/heath-riles-astrus-acto-bbq-padazas-473g\/","title":{"rendered":"Heath Riles Tangy Vinegar BBQ pada\u017eas 473g"},"content":{"rendered":"<p><strong>Sudedamosios dalys:<\/strong> ket\u0161up (tomatid, destilleeritud \u00e4\u00e4dikas, k\u00f5rge fruktoosisisaldusega maisisiirup, sibulapulber, naturaalsed maitseained, \u00f5unasiidri\u00e4\u00e4dikas, suhkur, vesi, v\u00fcrtsid, sool, soodiumbensoaat, kaaliumsorbaat, ksantaankummi.<\/p>","protected":false},"excerpt":{"rendered":"<p data-start=\"37\" data-end=\"163\">Heathas Rilesas - \u017emogus, ne kart\u0105 tap\u0119s pasaulio \u0161onkauliuk\u0173 \u010dempionu - mums pristat\u0117. <strong data-start=\"127\" data-end=\"155\">Pikanti\u0161kas acto BBQ pada\u017eas<\/strong>. \ud83c\udfc6\ud83e\udd69<\/p>\n<p data-start=\"165\" data-end=\"350\">Tai a\u0161trus acto pada\u017eas, kuris suteikia tikr\u0105 pietieti\u0161k\u0105 skon\u012f.<\/p>\n<p data-start=\"165\" data-end=\"350\">Ie\u0161kantiems a\u0161tri\u0173 poj\u016b\u010di\u0173 - puikus priedas prie vis\u0173 patiekal\u0173, pradedant \u0161onkauliukais, vi\u0161tiena ir baigiant m\u0117sainiais. \ud83c\udf57\ud83c\udf54<\/p>\n<p data-start=\"352\" data-end=\"444\">\ud83d\udca1\u00a0<strong>Profesional\u0173 patarimas:<\/strong> sumai\u0161ykite 50:50 su saldesniu pada\u017eu ir gausite puiki\u0105 saldumo ir a\u0161trumo pusiausvyr\u0105.<\/p>\n<p data-start=\"446\" data-end=\"534\">Tai ne tik pada\u017eas - tai <strong data-start=\"481\" data-end=\"526\">privalomas kiekvienam rimtam BBQ entuziastui<\/strong>. \ud83d\udd25\ud83c\udf56<\/p>\n<p><img loading=\"lazy\" decoding=\"async\" class=\"alignnone  wp-image-5481\" src=\"https:\/\/tammetorubbq.ee\/wp-content\/uploads\/2024\/02\/Heath-Riles-Logo-SQ-300x300.png\" alt=\"\" width=\"169\" height=\"169\" srcset=\"https:\/\/tammetorubbq.ee\/wp-content\/uploads\/2024\/02\/Heath-Riles-Logo-SQ-300x300.png 300w, https:\/\/tammetorubbq.ee\/wp-content\/uploads\/2024\/02\/Heath-Riles-Logo-SQ-150x150.png 150w, https:\/\/tammetorubbq.ee\/wp-content\/uploads\/2024\/02\/Heath-Riles-Logo-SQ-768x768.png 768w, https:\/\/tammetorubbq.ee\/wp-content\/uploads\/2024\/02\/Heath-Riles-Logo-SQ-12x12.png 12w, https:\/\/tammetorubbq.ee\/wp-content\/uploads\/2024\/02\/Heath-Riles-Logo-SQ-600x600.png 600w, https:\/\/tammetorubbq.ee\/wp-content\/uploads\/2024\/02\/Heath-Riles-Logo-SQ-64x64.png 64w, https:\/\/tammetorubbq.ee\/wp-content\/uploads\/2024\/02\/Heath-Riles-Logo-SQ.png 1000w\" sizes=\"auto, (max-width: 169px) 100vw, 169px\" \/><\/p>","protected":false},"featured_media":1873,"comment_status":"open","ping_status":"closed","template":"","meta":{"_uf_show_specific_survey":0,"_uf_disable_surveys":false},"pwb-brand":[84],"product_brand":[],"product_cat":[22],"product_tag":[347,118,159,166,114,122],"class_list":{"0":"post-1872","1":"product","2":"type-product","3":"status-publish","4":"has-post-thumbnail","6":"pwb-brand-heath-riles","7":"product_cat-kastmed-ja-marinaadid","8":"product_tag-heath-riles","9":"product_tag-kanaliha","10":"product_tag-kanatiivad","11":"product_tag-rebitudliha","12":"product_tag-sealiha","13":"product_tag-searibi","15":"first","16":"instock","17":"taxable","18":"shipping-taxable","19":"purchasable","20":"product-type-simple"},"brands":[{"id":84,"name":"Heath Riles","slug":"heath-riles"}],"_links":{"self":[{"href":"https:\/\/tammetorubbq.ee\/lt\/wp-json\/wp\/v2\/product\/1872","targetHints":{"allow":["GET"]}}],"collection":[{"href":"https:\/\/tammetorubbq.ee\/lt\/wp-json\/wp\/v2\/product"}],"about":[{"href":"https:\/\/tammetorubbq.ee\/lt\/wp-json\/wp\/v2\/types\/product"}],"replies":[{"embeddable":true,"href":"https:\/\/tammetorubbq.ee\/lt\/wp-json\/wp\/v2\/comments?post=1872"}],"wp:featuredmedia":[{"embeddable":true,"href":"https:\/\/tammetorubbq.ee\/lt\/wp-json\/wp\/v2\/media\/1873"}],"wp:attachment":[{"href":"https:\/\/tammetorubbq.ee\/lt\/wp-json\/wp\/v2\/media?parent=1872"}],"wp:term":[{"taxonomy":"pwb-brand","embeddable":true,"href":"https:\/\/tammetorubbq.ee\/lt\/wp-json\/wp\/v2\/pwb-brand?post=1872"},{"taxonomy":"product_brand","embeddable":true,"href":"https:\/\/tammetorubbq.ee\/lt\/wp-json\/wp\/v2\/product_brand?post=1872"},{"taxonomy":"product_cat","embeddable":true,"href":"https:\/\/tammetorubbq.ee\/lt\/wp-json\/wp\/v2\/product_cat?post=1872"},{"taxonomy":"product_tag","embeddable":true,"href":"https:\/\/tammetorubbq.ee\/lt\/wp-json\/wp\/v2\/product_tag?post=1872"}],"curies":[{"name":"wp","href":"https:\/\/api.w.org\/{rel}","templated":true}]}}