{"id":1874,"date":"2024-07-29T20:01:25","date_gmt":"2024-07-29T17:01:25","guid":{"rendered":"https:\/\/tammetorubbq.ee\/?post_type=product&#038;p=1874"},"modified":"2026-04-17T14:01:04","modified_gmt":"2026-04-17T11:01:04","slug":"franklin-bbq-original-texas-bbq-pasta-510g","status":"publish","type":"product","link":"https:\/\/tammetorubbq.ee\/lt\/produktas\/franklin-bbq-original-texas-bbq-pasta-510g\/","title":{"rendered":"Franklin BBQ Original Texas BBQ pada\u017eas 510g"},"content":{"rendered":"<p>Sudedamosios dalys: Pomidor\u0173 pasta (filtruotas vanduo, pomidorai), obuoli\u0173 sidro actas, cukrus, \u0161viesusis rudasis cukrus, Vor\u010dester\u0161yro pada\u017eas, cukranendri\u0173 cukrus, \u010desnakas.<\/p>","protected":false},"excerpt":{"rendered":"<p>Visame pasaulyje \u017einomas \"Franklin BBQ\" k\u016br\u0117jo Aarono Franklino pada\u017eas su stipriu pomidor\u0173 skoniu.<\/p>\n<p>Jei kada nors band\u0117te Franklino BBQ, \u017einote, kad tai geriausia i\u0161 geriausi\u0173.<\/p>\n<p><img loading=\"lazy\" decoding=\"async\" class=\"alignnone  wp-image-1842\" src=\"http:\/\/tammetorubbq.ee\/wp-content\/uploads\/2024\/07\/Franklin-BBQ-logo.svg\" alt=\"Franklin BBQ logotipas\" width=\"137\" height=\"77\" \/><\/p>","protected":false},"featured_media":1875,"comment_status":"open","ping_status":"closed","template":"","meta":{"_uf_show_specific_survey":0,"_uf_disable_surveys":false},"pwb-brand":[83],"product_brand":[],"product_cat":[22],"product_tag":[],"class_list":{"0":"post-1874","1":"product","2":"type-product","3":"status-publish","4":"has-post-thumbnail","6":"pwb-brand-franklin-barbecue","7":"product_cat-kastmed-ja-marinaadid","9":"first","10":"outofstock","11":"taxable","12":"shipping-taxable","13":"purchasable","14":"product-type-simple"},"brands":[{"id":83,"name":"Franklino kepsnin\u0117","slug":"franklin-barbecue"}],"_links":{"self":[{"href":"https:\/\/tammetorubbq.ee\/lt\/wp-json\/wp\/v2\/product\/1874","targetHints":{"allow":["GET"]}}],"collection":[{"href":"https:\/\/tammetorubbq.ee\/lt\/wp-json\/wp\/v2\/product"}],"about":[{"href":"https:\/\/tammetorubbq.ee\/lt\/wp-json\/wp\/v2\/types\/product"}],"replies":[{"embeddable":true,"href":"https:\/\/tammetorubbq.ee\/lt\/wp-json\/wp\/v2\/comments?post=1874"}],"wp:featuredmedia":[{"embeddable":true,"href":"https:\/\/tammetorubbq.ee\/lt\/wp-json\/wp\/v2\/media\/1875"}],"wp:attachment":[{"href":"https:\/\/tammetorubbq.ee\/lt\/wp-json\/wp\/v2\/media?parent=1874"}],"wp:term":[{"taxonomy":"pwb-brand","embeddable":true,"href":"https:\/\/tammetorubbq.ee\/lt\/wp-json\/wp\/v2\/pwb-brand?post=1874"},{"taxonomy":"product_brand","embeddable":true,"href":"https:\/\/tammetorubbq.ee\/lt\/wp-json\/wp\/v2\/product_brand?post=1874"},{"taxonomy":"product_cat","embeddable":true,"href":"https:\/\/tammetorubbq.ee\/lt\/wp-json\/wp\/v2\/product_cat?post=1874"},{"taxonomy":"product_tag","embeddable":true,"href":"https:\/\/tammetorubbq.ee\/lt\/wp-json\/wp\/v2\/product_tag?post=1874"}],"curies":[{"name":"wp","href":"https:\/\/api.w.org\/{rel}","templated":true}]}}