{"id":1878,"date":"2024-07-29T20:19:01","date_gmt":"2024-07-29T17:19:01","guid":{"rendered":"https:\/\/tammetorubbq.ee\/?post_type=product&#038;p=1878"},"modified":"2026-05-03T15:00:02","modified_gmt":"2026-05-03T12:00:02","slug":"lootn-booty-obuoliu-vysniu-bbq-pasta-567g","status":"publish","type":"product","link":"https:\/\/tammetorubbq.ee\/lt\/toode\/lootn-booty-apple-cherry-bbq-kaste-567g\/","title":{"rendered":"Loot'n Booty Apple Cherry BBQ pada\u017eas 567g"},"content":{"rendered":"<p><strong>Sudedamosios dalys:<\/strong>\u00a0Cukrus, pomidor\u0173 tyr\u0117 (vanduo, pomidor\u0173 pasta), actas, obuoli\u0173 sul\u010di\u0173 koncentratas, druska, Vor\u010dester\u0161yro pada\u017eas (distiliuotas actas, melasa, kukur\u016bz\u0173 sirupas, vanduo, druska, karamel\u0117s spalva, \u010desnak\u0173 milteliai, cukrus, prieskoniai, salier\u0173 s\u0117klos, tamarind\u0173 ekstraktas, nat\u016brali kvapioji med\u017eiaga), nat\u016brali d\u016bm\u0173 kvapioji med\u017eiaga, vy\u0161ni\u0173 sul\u010di\u0173 koncentratas, garsty\u010di\u0173 miltai, prieskoniai, \u012fskaitant aitri\u0105sias paprikas, svog\u016bnus, nat\u016bralius prieskonius.<\/p>","protected":false},"excerpt":{"rendered":"<p><strong>Saldus, d\u016bminis ir puikiai subalansuotas!<\/strong><\/p>\n<p><strong data-start=\"259\" data-end=\"298\">\"Loot'n Booty\" obuoli\u0173 vy\u0161ni\u0173 BBQ pada\u017eas<\/strong> yra tikra Amerikos BBQ pasaulio \u017evaig\u017ed\u0117 -... <strong data-start=\"339\" data-end=\"378\">sald\u016bs obuoliai ir sultingos vy\u0161nios<\/strong> harmoningas mi\u0161inys, pasi\u017eymintis \u0161velniu d\u016bm\u0173 aromatu ir giliu skoniu.<\/p>\n<p>\ud83c\udf52 <strong data-start=\"454\" data-end=\"476\">Vaisi\u0173 saldumas<\/strong> - nat\u016bralus obuoli\u0173 ir vy\u0161ni\u0173 skonis sukuria sodr\u0173, bet ne pernelyg sald\u0173 skon\u012f.<br data-start=\"558\" data-end=\"561\" \/>\ud83d\udd25 <strong data-start=\"564\" data-end=\"584\">D\u016bminis alatonas<\/strong> - \u0161velnus d\u016bmo atspalvis subalansuoja saldum\u0105 ir puikiai tinka prie m\u0117sos patiekal\u0173.<br data-start=\"672\" data-end=\"675\" \/>\ud83e\udd69 <strong data-start=\"678\" data-end=\"701\">Universalus naudojimas<\/strong> - Tinka \u0161onkauliukams, kiaulienos kotletams, vi\u0161tienos sparneliams, m\u0117sainiams arba tiesiog kaip pada\u017eas bulvyt\u0117ms.<br data-start=\"811\" data-end=\"814\" \/>\ud83c\udfc6 <strong data-start=\"817\" data-end=\"838\">Konkurencijos kokyb\u0117<\/strong> - sukurtas geriausi\u0173 BBQ \u0161ef\u0173, i\u0161bandytas ir pam\u0117gtas visame pasaulyje.<\/p>\n<p><strong>K\u0105 sl\u0117pti, RIBI yra \u0161io pada\u017eo vieta.<\/strong><\/p>\n<p><strong data-start=\"1160\" data-end=\"1199\">Loot'n Booty Apple Cherry BBQ pada\u017eas<\/strong> tai puikus pasirinkimas ie\u0161kantiems tobulos saldumo ir d\u016bmo pusiausvyros. \u012etraukite j\u012f \u012f savo BBQ arsenal\u0105 ir kiekvien\u0105 k\u0105sn\u012f perkelkite \u012f auk\u0161tesn\u012f lyg\u012f!<\/p>\n<p>\ud83d\udca1 <strong data-start=\"928\" data-end=\"940\">Profesional\u0173 patarimas:<\/strong> Sumai\u0161ykite \"Apple Cherry BBQ\" pada\u017e\u0105 su i\u0161tirpintu sviestu ir kepimo pabaigoje aptepkite \u0161onkauliukus ar vi\u0161tienos sparnelius - gausite <strong data-start=\"1048\" data-end=\"1068\">sultinga glaz\u016bra<\/strong>, kuri puikiai karamelizuojasi ir suteikia ikrams restorano i\u0161vaizd\u0105 bei skon\u012f.<\/p>\n<p><img loading=\"lazy\" decoding=\"async\" class=\"wp-image-1862\" src=\"http:\/\/tammetorubbq.ee\/wp-content\/uploads\/2024\/07\/Loot-n-Booty-logo.png\" alt=\"&quot;Loot-n-Booty&quot; logotipas\" width=\"166\" height=\"166\" srcset=\"https:\/\/tammetorubbq.ee\/wp-content\/uploads\/2024\/07\/Loot-n-Booty-logo.png 300w, https:\/\/tammetorubbq.ee\/wp-content\/uploads\/2024\/07\/Loot-n-Booty-logo-150x150.png 150w, https:\/\/tammetorubbq.ee\/wp-content\/uploads\/2024\/07\/Loot-n-Booty-logo-12x12.png 12w, https:\/\/tammetorubbq.ee\/wp-content\/uploads\/2024\/07\/Loot-n-Booty-logo-64x64.png 64w\" sizes=\"auto, (max-width: 166px) 100vw, 166px\" \/><\/p>","protected":false},"featured_media":1880,"comment_status":"open","ping_status":"closed","template":"","meta":{"_uf_show_specific_survey":0,"_uf_disable_surveys":false},"pwb-brand":[98],"product_brand":[],"product_cat":[22],"product_tag":[138,118,159,114,122],"class_list":{"0":"post-1878","1":"product","2":"type-product","3":"status-publish","4":"has-post-thumbnail","6":"pwb-brand-loot-n-booty-bbq","7":"product_cat-kastmed-ja-marinaadid","8":"product_tag-burger","9":"product_tag-kanaliha","10":"product_tag-kanatiivad","11":"product_tag-sealiha","12":"product_tag-searibi","14":"first","15":"instock","16":"taxable","17":"shipping-taxable","18":"purchasable","19":"product-type-simple"},"brands":[{"id":98,"name":"\"Loot N' Booty BBQ","slug":"loot-n-booty-bbq"}],"_links":{"self":[{"href":"https:\/\/tammetorubbq.ee\/lt\/wp-json\/wp\/v2\/product\/1878","targetHints":{"allow":["GET"]}}],"collection":[{"href":"https:\/\/tammetorubbq.ee\/lt\/wp-json\/wp\/v2\/product"}],"about":[{"href":"https:\/\/tammetorubbq.ee\/lt\/wp-json\/wp\/v2\/types\/product"}],"replies":[{"embeddable":true,"href":"https:\/\/tammetorubbq.ee\/lt\/wp-json\/wp\/v2\/comments?post=1878"}],"wp:featuredmedia":[{"embeddable":true,"href":"https:\/\/tammetorubbq.ee\/lt\/wp-json\/wp\/v2\/media\/1880"}],"wp:attachment":[{"href":"https:\/\/tammetorubbq.ee\/lt\/wp-json\/wp\/v2\/media?parent=1878"}],"wp:term":[{"taxonomy":"pwb-brand","embeddable":true,"href":"https:\/\/tammetorubbq.ee\/lt\/wp-json\/wp\/v2\/pwb-brand?post=1878"},{"taxonomy":"product_brand","embeddable":true,"href":"https:\/\/tammetorubbq.ee\/lt\/wp-json\/wp\/v2\/product_brand?post=1878"},{"taxonomy":"product_cat","embeddable":true,"href":"https:\/\/tammetorubbq.ee\/lt\/wp-json\/wp\/v2\/product_cat?post=1878"},{"taxonomy":"product_tag","embeddable":true,"href":"https:\/\/tammetorubbq.ee\/lt\/wp-json\/wp\/v2\/product_tag?post=1878"}],"curies":[{"name":"wp","href":"https:\/\/api.w.org\/{rel}","templated":true}]}}