{"id":1881,"date":"2024-07-29T20:28:44","date_gmt":"2024-07-29T17:28:44","guid":{"rendered":"https:\/\/tammetorubbq.ee\/?post_type=product&#038;p=1881"},"modified":"2026-04-19T18:00:58","modified_gmt":"2026-04-19T15:00:58","slug":"lootn-booty-medaus-aukso-bbq-pasta-553g","status":"publish","type":"product","link":"https:\/\/tammetorubbq.ee\/lt\/produktas\/lootn-booty-medaus-aukso-bbq-pasta-553g\/","title":{"rendered":"Loot'n Booty Honey Gold BBQ pada\u017eas 553g"},"content":{"rendered":"<p>Sudedamosios dalys: Cukrus, garsty\u010dios (distiliuotas actas, vanduo, garsty\u010di\u0173 s\u0117klos, druska, ciber\u017eol\u0117, paprika, prieskoni\u0173 ir \u010desnak\u0173 milteliai), vanduo, obuoli\u0173 sidro actas, pomidor\u0173 pasta, melasa, actas, druska, medus, Vor\u010dester\u0161yro pada\u017eas (distiliuotas actas, melasa, kukur\u016bz\u0173 sirupas, vanduo, druska, karamel\u0117s da\u017eiklis, \u010desnak\u0173 milteliai, cukrus, prieskoniai, salier\u0173 s\u0117klos, tamarind\u0173 ekstraktas, nat\u016brali kvapioji med\u017eiaga), prieskoniai, \u010desnakai, svog\u016bnai, nat\u016brali kvapioji med\u017eiaga.<\/p>","protected":false},"excerpt":{"rendered":"<p>Kaip matyti i\u0161 pavadinimo, tai saldus garsty\u010di\u0173 pada\u017eas.<\/p>\n<p>Amerikie\u010diai galb\u016bt suvokia, kad pada\u017eas yra sald\u017eiar\u016bg\u0161tis.<\/p>\n<p><img loading=\"lazy\" decoding=\"async\" class=\"wp-image-1862\" src=\"http:\/\/tammetorubbq.ee\/wp-content\/uploads\/2024\/07\/Loot-n-Booty-logo.png\" alt=\"&quot;Loot-n-Booty&quot; logotipas\" width=\"167\" height=\"167\" srcset=\"https:\/\/tammetorubbq.ee\/wp-content\/uploads\/2024\/07\/Loot-n-Booty-logo.png 300w, https:\/\/tammetorubbq.ee\/wp-content\/uploads\/2024\/07\/Loot-n-Booty-logo-150x150.png 150w, https:\/\/tammetorubbq.ee\/wp-content\/uploads\/2024\/07\/Loot-n-Booty-logo-12x12.png 12w, https:\/\/tammetorubbq.ee\/wp-content\/uploads\/2024\/07\/Loot-n-Booty-logo-64x64.png 64w\" sizes=\"auto, (max-width: 167px) 100vw, 167px\" \/><\/p>","protected":false},"featured_media":1882,"comment_status":"open","ping_status":"closed","template":"","meta":{"_uf_show_specific_survey":0,"_uf_disable_surveys":false},"pwb-brand":[98],"product_brand":[],"product_cat":[22],"product_tag":[],"class_list":{"0":"post-1881","1":"product","2":"type-product","3":"status-publish","4":"has-post-thumbnail","6":"pwb-brand-loot-n-booty-bbq","7":"product_cat-kastmed-ja-marinaadid","9":"first","10":"instock","11":"taxable","12":"shipping-taxable","13":"purchasable","14":"product-type-simple"},"brands":[{"id":98,"name":"\"Loot N' Booty BBQ","slug":"loot-n-booty-bbq"}],"_links":{"self":[{"href":"https:\/\/tammetorubbq.ee\/lt\/wp-json\/wp\/v2\/product\/1881","targetHints":{"allow":["GET"]}}],"collection":[{"href":"https:\/\/tammetorubbq.ee\/lt\/wp-json\/wp\/v2\/product"}],"about":[{"href":"https:\/\/tammetorubbq.ee\/lt\/wp-json\/wp\/v2\/types\/product"}],"replies":[{"embeddable":true,"href":"https:\/\/tammetorubbq.ee\/lt\/wp-json\/wp\/v2\/comments?post=1881"}],"wp:featuredmedia":[{"embeddable":true,"href":"https:\/\/tammetorubbq.ee\/lt\/wp-json\/wp\/v2\/media\/1882"}],"wp:attachment":[{"href":"https:\/\/tammetorubbq.ee\/lt\/wp-json\/wp\/v2\/media?parent=1881"}],"wp:term":[{"taxonomy":"pwb-brand","embeddable":true,"href":"https:\/\/tammetorubbq.ee\/lt\/wp-json\/wp\/v2\/pwb-brand?post=1881"},{"taxonomy":"product_brand","embeddable":true,"href":"https:\/\/tammetorubbq.ee\/lt\/wp-json\/wp\/v2\/product_brand?post=1881"},{"taxonomy":"product_cat","embeddable":true,"href":"https:\/\/tammetorubbq.ee\/lt\/wp-json\/wp\/v2\/product_cat?post=1881"},{"taxonomy":"product_tag","embeddable":true,"href":"https:\/\/tammetorubbq.ee\/lt\/wp-json\/wp\/v2\/product_tag?post=1881"}],"curies":[{"name":"wp","href":"https:\/\/api.w.org\/{rel}","templated":true}]}}