{"id":1888,"date":"2024-07-29T20:42:11","date_gmt":"2024-07-29T17:42:11","guid":{"rendered":"https:\/\/tammetorubbq.ee\/?post_type=product&#038;p=1888"},"modified":"2026-04-20T01:01:15","modified_gmt":"2026-04-19T22:01:15","slug":"lootn-booty-cherry-chipotle-bbq-padazas-545g","status":"publish","type":"product","link":"https:\/\/tammetorubbq.ee\/lt\/produktas\/lootn-booty-cherry-chipotle-bbq-padazas-545g\/","title":{"rendered":"Loot'n Booty Cherry Chipotle BBQ pada\u017eas 545g"},"content":{"rendered":"<p>Sudedamosios dalys: (vanduo, pomidor\u0173 pasta), cukrus, actas, \u010dipot\u0173 tyr\u0117 (\u010dipot\u0173 pipirai, druska, actas), druska, Vor\u010dester\u0161yro pada\u017eas ((distiliuotas actas, melasa, kukur\u016bz\u0173 sirupas, vanduo, druska, karamel\u0117s spalva, \u010desnak\u0173 milteliai, cukrus, prieskoniai, salier\u0173 s\u0117klos, tamarind\u0173 ekstraktas, nat\u016brali kvapioji med\u017eiaga), nat\u016brali r\u016bkymo kvapioji med\u017eiaga, \u010desnakai, vy\u0161ni\u0173 sul\u010di\u0173 koncentratas, nat\u016bralios kvapiosios med\u017eiagos, garsty\u010di\u0173 miltai, prieskoniai, \u012fskaitant chipotle pipirus, svog\u016bnai.<\/p>","protected":false},"excerpt":{"rendered":"<p>Kaip rodo pavadinimas, tai vaisinis ir vidutinio a\u0161trumo pada\u017eas. Jis turi malon\u0173 vy\u0161ni\u0173 ir nat\u016bral\u0173 skon\u012f, o pabaigoje pasklinda \u010dips\u0173 pipir\u0173 a\u0161trumas.<\/p>\n<p><strong>Vy\u0161nios ir kiaul\u0117 yra 100%. \u0160onkauliukai, supl\u0117\u0161yta m\u0117sa ir t. t.\u00a0<\/strong><\/p>\n<p><img loading=\"lazy\" decoding=\"async\" class=\"wp-image-1862\" src=\"http:\/\/tammetorubbq.ee\/wp-content\/uploads\/2024\/07\/Loot-n-Booty-logo.png\" alt=\"&quot;Loot-n-Booty&quot; logotipas\" width=\"170\" height=\"170\" srcset=\"https:\/\/tammetorubbq.ee\/wp-content\/uploads\/2024\/07\/Loot-n-Booty-logo.png 300w, https:\/\/tammetorubbq.ee\/wp-content\/uploads\/2024\/07\/Loot-n-Booty-logo-150x150.png 150w, https:\/\/tammetorubbq.ee\/wp-content\/uploads\/2024\/07\/Loot-n-Booty-logo-12x12.png 12w, https:\/\/tammetorubbq.ee\/wp-content\/uploads\/2024\/07\/Loot-n-Booty-logo-64x64.png 64w\" sizes=\"auto, (max-width: 170px) 100vw, 170px\" \/><\/p>","protected":false},"featured_media":1889,"comment_status":"open","ping_status":"closed","template":"","meta":{"_uf_show_specific_survey":0,"_uf_disable_surveys":false},"pwb-brand":[98],"product_brand":[],"product_cat":[22],"product_tag":[],"class_list":{"0":"post-1888","1":"product","2":"type-product","3":"status-publish","4":"has-post-thumbnail","6":"pwb-brand-loot-n-booty-bbq","7":"product_cat-kastmed-ja-marinaadid","9":"first","10":"instock","11":"taxable","12":"shipping-taxable","13":"purchasable","14":"product-type-simple"},"brands":[{"id":98,"name":"\"Loot N' Booty BBQ","slug":"loot-n-booty-bbq"}],"_links":{"self":[{"href":"https:\/\/tammetorubbq.ee\/lt\/wp-json\/wp\/v2\/product\/1888","targetHints":{"allow":["GET"]}}],"collection":[{"href":"https:\/\/tammetorubbq.ee\/lt\/wp-json\/wp\/v2\/product"}],"about":[{"href":"https:\/\/tammetorubbq.ee\/lt\/wp-json\/wp\/v2\/types\/product"}],"replies":[{"embeddable":true,"href":"https:\/\/tammetorubbq.ee\/lt\/wp-json\/wp\/v2\/comments?post=1888"}],"wp:featuredmedia":[{"embeddable":true,"href":"https:\/\/tammetorubbq.ee\/lt\/wp-json\/wp\/v2\/media\/1889"}],"wp:attachment":[{"href":"https:\/\/tammetorubbq.ee\/lt\/wp-json\/wp\/v2\/media?parent=1888"}],"wp:term":[{"taxonomy":"pwb-brand","embeddable":true,"href":"https:\/\/tammetorubbq.ee\/lt\/wp-json\/wp\/v2\/pwb-brand?post=1888"},{"taxonomy":"product_brand","embeddable":true,"href":"https:\/\/tammetorubbq.ee\/lt\/wp-json\/wp\/v2\/product_brand?post=1888"},{"taxonomy":"product_cat","embeddable":true,"href":"https:\/\/tammetorubbq.ee\/lt\/wp-json\/wp\/v2\/product_cat?post=1888"},{"taxonomy":"product_tag","embeddable":true,"href":"https:\/\/tammetorubbq.ee\/lt\/wp-json\/wp\/v2\/product_tag?post=1888"}],"curies":[{"name":"wp","href":"https:\/\/api.w.org\/{rel}","templated":true}]}}