{"id":1892,"date":"2024-07-29T20:54:12","date_gmt":"2024-07-29T17:54:12","guid":{"rendered":"https:\/\/tammetorubbq.ee\/?post_type=product&#038;p=1892"},"modified":"2026-04-15T00:00:15","modified_gmt":"2026-04-14T21:00:15","slug":"plowboys-en-fuego-bbq-pasta-473g-karsta","status":"publish","type":"product","link":"https:\/\/tammetorubbq.ee\/lt\/produktas\/plowboys-en-fuego-bbq-pasta-473g-karsta\/","title":{"rendered":"Plowboys En Fuego BBQ pada\u017eas 473g - KAR\u0160TA!"},"content":{"rendered":"<p><strong>Sudedamosios dalys:<\/strong> rudasis cukrus, gliukoz\u0117s sirupas, vanduo, pomidor\u0173 pasta, actas, cukrus, prieskoniai (\u012fskaitant aitri\u0105j\u0105 paprik\u0105, paprik\u0105 ir garsty\u010dias), druska, \u010desnakas, svog\u016bn\u0173 milteliai.<\/p>","protected":false},"excerpt":{"rendered":"<p><span style=\"color: #ff0000;\"><strong>V\u00dcRTSIKAS!<\/strong><\/span><\/p>\n<p><span class=\"relative -mx-px my-[-0.2rem] rounded px-px py-[0.2rem] transition-colors duration-100 ease-in-out\"><strong data-start=\"0\" data-end=\"31\" data-is-only-node=\"\">Plowboys En Fuego BBQ kaste<\/strong> on julge ja v\u00fcrtsikas versioon nende populaarsest Sweet 180 kastmest.<\/span> <span class=\"relative -mx-px my-[-0.2rem] rounded px-px py-[0.2rem] transition-colors duration-100 ease-in-out\">See algab magusalt ja l\u00f5peb suitsuse t\u0161illipipraga, pakkudes tasakaalustatud maitset, mis sobib suurep\u00e4raselt erinevate lihadega.<\/span><\/p>\n<p><span class=\"relative -mx-px my-[-0.2rem] rounded px-px py-[0.2rem] transition-colors duration-100 ease-in-out\"><strong data-start=\"0\" data-end=\"31\" data-is-only-node=\"\">Plowboys En Fuego BBQ kaste<\/strong> on ideaalne valik neile, kes soovivad oma grillroogadele lisada v\u00fcrtsikat s\u00e4rtsu ja s\u00fcgavust.<\/span> <span class=\"relative -mx-px my-[-0.2rem] rounded px-px py-[0.2rem] transition-colors duration-100 ease-in-out\">Sobib suurep\u00e4raselt nii koduseks grillimiseks kui ka BBQ-v\u00f5istlusteks.<\/span><\/p>\n<p><strong>Kus kasutada? V\u00fcrtsikad kanatiivad on \u00f5ige vastus!<\/strong><\/p>\n<p data-start=\"733\" data-end=\"748\"><strong>\ud83d\udca1 Pro tip:<\/strong> <span class=\"relative -mx-px my-[-0.2rem] rounded px-px py-[0.2rem] transition-colors duration-100 ease-in-out\">Kasutage seda kastet kana tiibade, ribide v\u00f5i pulled pork&#8217;i glasuurimiseks.<\/span> <span class=\"relative -mx-px my-[-0.2rem] rounded px-px py-[0.2rem] transition-colors duration-100 ease-in-out\">Selle magus-v\u00fcrtsikas profiil annab roogadele erilise maitse ja karamelliseerub grillimisel kaunilt.<\/span><\/p>\n<p><img loading=\"lazy\" decoding=\"async\" class=\" wp-image-1685\" src=\"http:\/\/tammetorubbq.ee\/wp-content\/uploads\/2024\/05\/Plowboys-BBQ-logo-300x183.jpg\" alt=\"Plowboys BBQ logo\" width=\"167\" height=\"102\" srcset=\"https:\/\/tammetorubbq.ee\/wp-content\/uploads\/2024\/05\/Plowboys-BBQ-logo-300x183.jpg 300w, https:\/\/tammetorubbq.ee\/wp-content\/uploads\/2024\/05\/Plowboys-BBQ-logo-18x12.jpg 18w, https:\/\/tammetorubbq.ee\/wp-content\/uploads\/2024\/05\/Plowboys-BBQ-logo-64x39.jpg 64w, https:\/\/tammetorubbq.ee\/wp-content\/uploads\/2024\/05\/Plowboys-BBQ-logo.jpg 414w\" sizes=\"auto, (max-width: 167px) 100vw, 167px\" \/><\/p>\n","protected":false},"featured_media":3235,"comment_status":"open","ping_status":"closed","template":"","meta":{"_uf_show_specific_survey":0,"_uf_disable_surveys":false},"pwb-brand":[79],"product_brand":[],"product_cat":[22],"product_tag":[],"class_list":{"0":"post-1892","1":"product","2":"type-product","3":"status-publish","4":"has-post-thumbnail","6":"pwb-brand-plowboys","7":"product_cat-kastmed-ja-marinaadid","9":"first","10":"outofstock","11":"taxable","12":"shipping-taxable","13":"purchasable","14":"product-type-simple"},"brands":[{"id":79,"name":"Plowboy's","slug":"plowboys"}],"_links":{"self":[{"href":"https:\/\/tammetorubbq.ee\/lt\/wp-json\/wp\/v2\/product\/1892","targetHints":{"allow":["GET"]}}],"collection":[{"href":"https:\/\/tammetorubbq.ee\/lt\/wp-json\/wp\/v2\/product"}],"about":[{"href":"https:\/\/tammetorubbq.ee\/lt\/wp-json\/wp\/v2\/types\/product"}],"replies":[{"embeddable":true,"href":"https:\/\/tammetorubbq.ee\/lt\/wp-json\/wp\/v2\/comments?post=1892"}],"wp:featuredmedia":[{"embeddable":true,"href":"https:\/\/tammetorubbq.ee\/lt\/wp-json\/wp\/v2\/media\/3235"}],"wp:attachment":[{"href":"https:\/\/tammetorubbq.ee\/lt\/wp-json\/wp\/v2\/media?parent=1892"}],"wp:term":[{"taxonomy":"pwb-brand","embeddable":true,"href":"https:\/\/tammetorubbq.ee\/lt\/wp-json\/wp\/v2\/pwb-brand?post=1892"},{"taxonomy":"product_brand","embeddable":true,"href":"https:\/\/tammetorubbq.ee\/lt\/wp-json\/wp\/v2\/product_brand?post=1892"},{"taxonomy":"product_cat","embeddable":true,"href":"https:\/\/tammetorubbq.ee\/lt\/wp-json\/wp\/v2\/product_cat?post=1892"},{"taxonomy":"product_tag","embeddable":true,"href":"https:\/\/tammetorubbq.ee\/lt\/wp-json\/wp\/v2\/product_tag?post=1892"}],"curies":[{"name":"wp","href":"https:\/\/api.w.org\/{rel}","templated":true}]}}