{"id":1902,"date":"2024-08-13T14:19:44","date_gmt":"2024-08-13T11:19:44","guid":{"rendered":"https:\/\/tammetorubbq.ee\/?post_type=product&#038;p=1902"},"modified":"2026-05-03T15:00:11","modified_gmt":"2026-05-03T12:00:11","slug":"kosmos-q-avieciu-chipotle-bbq-padazas-468g","status":"publish","type":"product","link":"https:\/\/tammetorubbq.ee\/lt\/toode\/kosmos-q-raspberry-chipotle-bbq-kaste-468g\/","title":{"rendered":"Kosmo's Q Raspberry Chipotle BBQ pada\u017eas 468g"},"content":{"rendered":"<p><strong>Sudedamosios dalys:<\/strong> cukranendri\u0173 cukrus, vanduo, pomidor\u0173 pasta, aviet\u0117s, distiliuotas baltasis actas, druska, paprika, melasa, tamarind\u0173 koncentratas, karamel\u0117s da\u017eiklis, \u010desnak\u0173 milteliai, svog\u016bn\u0173 milteliai, prieskoniai, nat\u016bralus avie\u010di\u0173 aromatas.<\/p>","protected":false},"excerpt":{"rendered":"<p>\"Raspberry Chipotle\" yra naujausias \"Kosmo's Q\" BBQ pada\u017eas.<\/p>\n<p><span style=\"color: #0000ff;\"><strong>Jis tikrai taps j\u016bs\u0173 nauju m\u0117gstamiausiu - saldus ir a\u0161trus!<\/strong><\/span><\/p>\n<p>Trys skirtingi avie\u010di\u0173 mi\u0161iniai ir reikiamas kiekis \u010dips\u0173 pipir\u0173 - tai tikrai puikus derinys bet kuriam m\u0117sos m\u0117g\u0117jui.<\/p>\n<p><img loading=\"lazy\" decoding=\"async\" class=\"wp-image-1698\" src=\"http:\/\/tammetorubbq.ee\/wp-content\/uploads\/2024\/05\/Kosmos-Q-logo.avif\" alt=\"Kosmo Q\" width=\"144\" height=\"108\" srcset=\"https:\/\/tammetorubbq.ee\/wp-content\/uploads\/2024\/05\/Kosmos-Q-logo.avif 258w, https:\/\/tammetorubbq.ee\/wp-content\/uploads\/2024\/05\/Kosmos-Q-logo-16x12.avif 16w, https:\/\/tammetorubbq.ee\/wp-content\/uploads\/2024\/05\/Kosmos-Q-logo-64x48.avif 64w\" sizes=\"auto, (max-width: 144px) 100vw, 144px\" \/><\/p>","protected":false},"featured_media":1903,"comment_status":"open","ping_status":"closed","template":"","meta":{"_uf_show_specific_survey":0,"_uf_disable_surveys":false},"pwb-brand":[81],"product_brand":[],"product_cat":[22],"product_tag":[],"class_list":{"0":"post-1902","1":"product","2":"type-product","3":"status-publish","4":"has-post-thumbnail","6":"pwb-brand-kosmos-q","7":"product_cat-kastmed-ja-marinaadid","9":"first","10":"instock","11":"taxable","12":"shipping-taxable","13":"purchasable","14":"product-type-simple"},"brands":[{"id":81,"name":"Kosmo's Q","slug":"kosmos-q"}],"_links":{"self":[{"href":"https:\/\/tammetorubbq.ee\/lt\/wp-json\/wp\/v2\/product\/1902","targetHints":{"allow":["GET"]}}],"collection":[{"href":"https:\/\/tammetorubbq.ee\/lt\/wp-json\/wp\/v2\/product"}],"about":[{"href":"https:\/\/tammetorubbq.ee\/lt\/wp-json\/wp\/v2\/types\/product"}],"replies":[{"embeddable":true,"href":"https:\/\/tammetorubbq.ee\/lt\/wp-json\/wp\/v2\/comments?post=1902"}],"wp:featuredmedia":[{"embeddable":true,"href":"https:\/\/tammetorubbq.ee\/lt\/wp-json\/wp\/v2\/media\/1903"}],"wp:attachment":[{"href":"https:\/\/tammetorubbq.ee\/lt\/wp-json\/wp\/v2\/media?parent=1902"}],"wp:term":[{"taxonomy":"pwb-brand","embeddable":true,"href":"https:\/\/tammetorubbq.ee\/lt\/wp-json\/wp\/v2\/pwb-brand?post=1902"},{"taxonomy":"product_brand","embeddable":true,"href":"https:\/\/tammetorubbq.ee\/lt\/wp-json\/wp\/v2\/product_brand?post=1902"},{"taxonomy":"product_cat","embeddable":true,"href":"https:\/\/tammetorubbq.ee\/lt\/wp-json\/wp\/v2\/product_cat?post=1902"},{"taxonomy":"product_tag","embeddable":true,"href":"https:\/\/tammetorubbq.ee\/lt\/wp-json\/wp\/v2\/product_tag?post=1902"}],"curies":[{"name":"wp","href":"https:\/\/api.w.org\/{rel}","templated":true}]}}