{"id":1919,"date":"2024-09-02T11:15:08","date_gmt":"2024-09-02T08:15:08","guid":{"rendered":"https:\/\/tammetorubbq.ee\/?post_type=product&#038;p=1919"},"modified":"2026-04-26T20:00:14","modified_gmt":"2026-04-26T17:00:14","slug":"marinatai-30ml","status":"publish","type":"product","link":"https:\/\/tammetorubbq.ee\/lt\/produktas\/marinatai-30ml\/","title":{"rendered":"Marinadisyringe 30ml"},"content":{"rendered":"<p>\u0160virk\u0161to gumin\u0119 diafragm\u0105 \u0161iek tiek patepkite kepimo aliejumi ir ji jud\u0117s daug lengviau.<\/p>\n<p>&nbsp;<\/p>\n<p>Talpa: 30 ml<\/p>\n<p>Spalva: juoda<\/p>\n<p>Ner\u016bdijan\u010dio plieno adata.<\/p>","protected":false},"excerpt":{"rendered":"<p>Skirtas m\u0117sos gaminiams su marinat\u0173 mi\u0161iniais \u012fpurk\u0161ti.<\/p>","protected":false},"featured_media":1920,"comment_status":"open","ping_status":"closed","template":"","meta":{"_uf_show_specific_survey":0,"_uf_disable_surveys":false},"pwb-brand":[],"product_brand":[],"product_cat":[30],"product_tag":[134,360],"class_list":{"0":"post-1919","1":"product","2":"type-product","3":"status-publish","4":"has-post-thumbnail","6":"product_cat-grillimise-tarvikud","7":"product_tag-grillimise-tarvikud","8":"product_tag-marinaadisustal","10":"first","11":"instock","12":"taxable","13":"shipping-taxable","14":"purchasable","15":"product-type-simple"},"brands":[],"_links":{"self":[{"href":"https:\/\/tammetorubbq.ee\/lt\/wp-json\/wp\/v2\/product\/1919","targetHints":{"allow":["GET"]}}],"collection":[{"href":"https:\/\/tammetorubbq.ee\/lt\/wp-json\/wp\/v2\/product"}],"about":[{"href":"https:\/\/tammetorubbq.ee\/lt\/wp-json\/wp\/v2\/types\/product"}],"replies":[{"embeddable":true,"href":"https:\/\/tammetorubbq.ee\/lt\/wp-json\/wp\/v2\/comments?post=1919"}],"wp:featuredmedia":[{"embeddable":true,"href":"https:\/\/tammetorubbq.ee\/lt\/wp-json\/wp\/v2\/media\/1920"}],"wp:attachment":[{"href":"https:\/\/tammetorubbq.ee\/lt\/wp-json\/wp\/v2\/media?parent=1919"}],"wp:term":[{"taxonomy":"pwb-brand","embeddable":true,"href":"https:\/\/tammetorubbq.ee\/lt\/wp-json\/wp\/v2\/pwb-brand?post=1919"},{"taxonomy":"product_brand","embeddable":true,"href":"https:\/\/tammetorubbq.ee\/lt\/wp-json\/wp\/v2\/product_brand?post=1919"},{"taxonomy":"product_cat","embeddable":true,"href":"https:\/\/tammetorubbq.ee\/lt\/wp-json\/wp\/v2\/product_cat?post=1919"},{"taxonomy":"product_tag","embeddable":true,"href":"https:\/\/tammetorubbq.ee\/lt\/wp-json\/wp\/v2\/product_tag?post=1919"}],"curies":[{"name":"wp","href":"https:\/\/api.w.org\/{rel}","templated":true}]}}