{"id":1921,"date":"2024-09-03T14:26:48","date_gmt":"2024-09-03T11:26:48","guid":{"rendered":"https:\/\/tammetorubbq.ee\/?post_type=product&#038;p=1921"},"modified":"2026-04-14T22:00:04","modified_gmt":"2026-04-14T19:00:04","slug":"richard-fergola-bbq-medaus-habanero-itrinti-312g","status":"publish","type":"product","link":"https:\/\/tammetorubbq.ee\/lt\/produktas\/richard-fergola-bbq-medaus-habanero-itrinti-312g\/","title":{"rendered":"Richard Fergola BBQ Honey Habanero Rub 312g"},"content":{"rendered":"<p><strong>Sudedamosios dalys<\/strong>: cukrus, druska, prieskoniai, \u012fskaitant habanero aitri\u0105sias paprikas, d\u017eiovintus \u010desnakus ir svog\u016bnus, paprik\u0105, mi\u0161raus cukraus ir medaus milteliai (cukranendri\u0173 cukrus, medus), paprik\u0173 ekstraktai (da\u017eiklis), dinatrio inozinatas ir dinatrio guanilatas, nat\u016brali d\u016bm\u0173 kvapioji med\u017eiaga ir ne daugiau kaip 2% trikalcio fosfato, prid\u0117to siekiant i\u0161vengti sukepimo.<\/p>\n<p>Be glitimo ir MSG-VABA.<\/p>","protected":false},"excerpt":{"rendered":"<p><strong>Richardas Fergola - \u017emogus, tap\u0119s tikru kokyb\u0117s ir \u017eini\u0173 simboliu BBQ bendruomen\u0117je.<\/strong><\/p>\n<p data-start=\"88\" data-end=\"266\">Saldus, a\u0161trus ir ne\u012ftik\u0117tinai aromatingas - \u0161tai k\u0105 suk\u016br\u0117 pasaulio \u010dempionas Ri\u010dardas Fergola. <strong data-start=\"243\" data-end=\"265\">Medaus Habanero \u012ftrinti<\/strong>.<\/p>\n<p data-start=\"268\" data-end=\"457\">\u0160iame \u012ftrinime puikiai dera nat\u016bralaus medaus saldumas ir habanero aitri\u0173j\u0173 paprik\u0173 a\u0161trumas, tod\u0117l jis puikiai tinka vi\u0161tienai, kiaulienai, \u0161onkauliukams ir net dar\u017eov\u0117ms.<\/p>\n<p data-start=\"459\" data-end=\"614\">Rezultatas - aukso spalvos ir lengvai karamelizuota plutel\u0117, kuri kiekvienam kepsniui suteikia tikro BBQ karaliaus vert\u0105 i\u0161vaizd\u0105 ir skon\u012f.<\/p>\n<p data-start=\"616\" data-end=\"738\">\u2714\ufe0fMagus ir a\u0161trus<br data-start=\"635\" data-end=\"638\" \/>\u2714\ufe0fLoodud Richard Fergola, BBQ var\u017eyb\u0173 \u010dempionas<br data-start=\"688\" data-end=\"691\" \/>\u2714\ufe0fT\u00e4iuslik vi\u0161tienos ir kiaulienos \u012ftrinti<br data-start=\"721\" data-end=\"724\" \/>\u2714\ufe0fGluteenivaba<\/p>\n<p data-start=\"740\" data-end=\"827\"><strong data-start=\"740\" data-end=\"752\">\ud83d\udca1Pro patarimas:<\/strong> I\u0161bandykite j\u012f ant popkorn\u0173 ar skrudint\u0173 rie\u0161ut\u0173 - tai steb\u0117tinai \u012ftraukiantis maistas!<\/p>\n<p><strong><span style=\"color: #000000;\">\ud83d\udc4c 10\/10 kiaulienos \u0161onkauliukams, \u0161onkauliuk\u0173 kepsniams ir vi\u0161tienai.\u00a0<\/span><\/strong><\/p>\n<p>&nbsp;<\/p>\n<p><img loading=\"lazy\" decoding=\"async\" class=\"wp-image-2007\" src=\"http:\/\/tammetorubbq.ee\/wp-content\/uploads\/2024\/11\/Richardfergolabbq-298x300.jpg\" alt=\"Richardfergolabbq\" width=\"193\" height=\"194\" srcset=\"https:\/\/tammetorubbq.ee\/wp-content\/uploads\/2024\/11\/Richardfergolabbq-298x300.jpg 298w, https:\/\/tammetorubbq.ee\/wp-content\/uploads\/2024\/11\/Richardfergolabbq-150x150.jpg 150w, https:\/\/tammetorubbq.ee\/wp-content\/uploads\/2024\/11\/Richardfergolabbq-768x774.jpg 768w, https:\/\/tammetorubbq.ee\/wp-content\/uploads\/2024\/11\/Richardfergolabbq-12x12.jpg 12w, https:\/\/tammetorubbq.ee\/wp-content\/uploads\/2024\/11\/Richardfergolabbq-300x300.jpg 300w, https:\/\/tammetorubbq.ee\/wp-content\/uploads\/2024\/11\/Richardfergolabbq-600x605.jpg 600w, https:\/\/tammetorubbq.ee\/wp-content\/uploads\/2024\/11\/Richardfergolabbq-64x65.jpg 64w, https:\/\/tammetorubbq.ee\/wp-content\/uploads\/2024\/11\/Richardfergolabbq.jpg 952w\" sizes=\"auto, (max-width: 193px) 100vw, 193px\" \/><\/p>","protected":false},"featured_media":2001,"comment_status":"open","ping_status":"closed","template":"","meta":{"_uf_show_specific_survey":0,"_uf_disable_surveys":false},"pwb-brand":[82],"product_brand":[],"product_cat":[21],"product_tag":[],"class_list":{"0":"post-1921","1":"product","2":"type-product","3":"status-publish","4":"has-post-thumbnail","6":"pwb-brand-fergolicious","7":"product_cat-maitseainesegud","9":"first","10":"outofstock","11":"taxable","12":"shipping-taxable","13":"purchasable","14":"product-type-simple"},"brands":[{"id":82,"name":"Fergolicious","slug":"fergolicious"}],"_links":{"self":[{"href":"https:\/\/tammetorubbq.ee\/lt\/wp-json\/wp\/v2\/product\/1921","targetHints":{"allow":["GET"]}}],"collection":[{"href":"https:\/\/tammetorubbq.ee\/lt\/wp-json\/wp\/v2\/product"}],"about":[{"href":"https:\/\/tammetorubbq.ee\/lt\/wp-json\/wp\/v2\/types\/product"}],"replies":[{"embeddable":true,"href":"https:\/\/tammetorubbq.ee\/lt\/wp-json\/wp\/v2\/comments?post=1921"}],"wp:featuredmedia":[{"embeddable":true,"href":"https:\/\/tammetorubbq.ee\/lt\/wp-json\/wp\/v2\/media\/2001"}],"wp:attachment":[{"href":"https:\/\/tammetorubbq.ee\/lt\/wp-json\/wp\/v2\/media?parent=1921"}],"wp:term":[{"taxonomy":"pwb-brand","embeddable":true,"href":"https:\/\/tammetorubbq.ee\/lt\/wp-json\/wp\/v2\/pwb-brand?post=1921"},{"taxonomy":"product_brand","embeddable":true,"href":"https:\/\/tammetorubbq.ee\/lt\/wp-json\/wp\/v2\/product_brand?post=1921"},{"taxonomy":"product_cat","embeddable":true,"href":"https:\/\/tammetorubbq.ee\/lt\/wp-json\/wp\/v2\/product_cat?post=1921"},{"taxonomy":"product_tag","embeddable":true,"href":"https:\/\/tammetorubbq.ee\/lt\/wp-json\/wp\/v2\/product_tag?post=1921"}],"curies":[{"name":"wp","href":"https:\/\/api.w.org\/{rel}","templated":true}]}}