{"id":1936,"date":"2024-09-05T11:17:59","date_gmt":"2024-09-05T08:17:59","guid":{"rendered":"https:\/\/tammetorubbq.ee\/?post_type=product&#038;p=1936"},"modified":"2026-04-19T23:00:53","modified_gmt":"2026-04-19T20:00:53","slug":"ao-purvinas-karviu-itrinimas-200g","status":"publish","type":"product","link":"https:\/\/tammetorubbq.ee\/lt\/produktas\/ao-purvinas-karviu-itrinimas-200g\/","title":{"rendered":"A&amp;O Dirty Cow Rub 200g"},"content":{"rendered":"<p><strong>Sudedamosios dalys:<\/strong> Druska, kava, juodieji pipirai, cukrus, paprikos, salier\u0173 druska, kmynai, any\u017eiai, svog\u016bnai, \u010desnakai, raudon\u0117liai, aitriosios paprikos, citrinos r\u016bg\u0161tis, tamari soj\u0173 pada\u017eo milteliai, silicio dioksidas, E621, E631.<\/p>","protected":false},"excerpt":{"rendered":"<p>Apdovanojimus peln\u0119s prieskoni\u0173 mi\u0161inys, padedantis i\u0161gauti maksimali\u0105 \u0161onkauliuk\u0173 ir \u0161onkauliuk\u0173 plutel\u0119.<\/p>\n<p>Skaniai tinka visiems jautienos gabalams, bet jei norite ka\u017eko ypatingo, i\u0161bandykite BBQ stiliaus kr\u016btinin\u0119.<\/p>\n<p><img loading=\"lazy\" decoding=\"async\" class=\"alignnone size-medium wp-image-1950\" src=\"http:\/\/tammetorubbq.ee\/wp-content\/uploads\/2024\/09\/AO-Peace-Love-BBQ-Shack-Sign-300x300.webp\" alt=\"\" width=\"300\" height=\"300\" srcset=\"https:\/\/tammetorubbq.ee\/wp-content\/uploads\/2024\/09\/AO-Peace-Love-BBQ-Shack-Sign-300x300.webp 300w, https:\/\/tammetorubbq.ee\/wp-content\/uploads\/2024\/09\/AO-Peace-Love-BBQ-Shack-Sign-150x150.webp 150w, https:\/\/tammetorubbq.ee\/wp-content\/uploads\/2024\/09\/AO-Peace-Love-BBQ-Shack-Sign-768x768.webp 768w, https:\/\/tammetorubbq.ee\/wp-content\/uploads\/2024\/09\/AO-Peace-Love-BBQ-Shack-Sign-12x12.webp 12w, https:\/\/tammetorubbq.ee\/wp-content\/uploads\/2024\/09\/AO-Peace-Love-BBQ-Shack-Sign-600x600.webp 600w, https:\/\/tammetorubbq.ee\/wp-content\/uploads\/2024\/09\/AO-Peace-Love-BBQ-Shack-Sign-64x64.webp 64w, https:\/\/tammetorubbq.ee\/wp-content\/uploads\/2024\/09\/AO-Peace-Love-BBQ-Shack-Sign.webp 1000w\" sizes=\"auto, (max-width: 300px) 100vw, 300px\" \/><\/p>","protected":false},"featured_media":1937,"comment_status":"open","ping_status":"closed","template":"","meta":{"_uf_show_specific_survey":0,"_uf_disable_surveys":false},"pwb-brand":[105],"product_brand":[],"product_cat":[21,20],"product_tag":[],"class_list":{"0":"post-1936","1":"product","2":"type-product","3":"status-publish","4":"has-post-thumbnail","6":"pwb-brand-angus-oink","7":"product_cat-maitseainesegud","8":"product_cat-kampaania","10":"first","11":"instock","12":"sale","13":"taxable","14":"shipping-taxable","15":"purchasable","16":"product-type-simple"},"brands":[{"id":105,"name":"Angus &amp; Oink","slug":"angus-oink"}],"_links":{"self":[{"href":"https:\/\/tammetorubbq.ee\/lt\/wp-json\/wp\/v2\/product\/1936","targetHints":{"allow":["GET"]}}],"collection":[{"href":"https:\/\/tammetorubbq.ee\/lt\/wp-json\/wp\/v2\/product"}],"about":[{"href":"https:\/\/tammetorubbq.ee\/lt\/wp-json\/wp\/v2\/types\/product"}],"replies":[{"embeddable":true,"href":"https:\/\/tammetorubbq.ee\/lt\/wp-json\/wp\/v2\/comments?post=1936"}],"wp:featuredmedia":[{"embeddable":true,"href":"https:\/\/tammetorubbq.ee\/lt\/wp-json\/wp\/v2\/media\/1937"}],"wp:attachment":[{"href":"https:\/\/tammetorubbq.ee\/lt\/wp-json\/wp\/v2\/media?parent=1936"}],"wp:term":[{"taxonomy":"pwb-brand","embeddable":true,"href":"https:\/\/tammetorubbq.ee\/lt\/wp-json\/wp\/v2\/pwb-brand?post=1936"},{"taxonomy":"product_brand","embeddable":true,"href":"https:\/\/tammetorubbq.ee\/lt\/wp-json\/wp\/v2\/product_brand?post=1936"},{"taxonomy":"product_cat","embeddable":true,"href":"https:\/\/tammetorubbq.ee\/lt\/wp-json\/wp\/v2\/product_cat?post=1936"},{"taxonomy":"product_tag","embeddable":true,"href":"https:\/\/tammetorubbq.ee\/lt\/wp-json\/wp\/v2\/product_tag?post=1936"}],"curies":[{"name":"wp","href":"https:\/\/api.w.org\/{rel}","templated":true}]}}