{"id":194,"date":"2023-11-28T16:45:51","date_gmt":"2023-11-28T13:45:51","guid":{"rendered":"https:\/\/tammetorubbq.ee\/?post_type=product&#038;p=194"},"modified":"2026-04-20T01:01:01","modified_gmt":"2026-04-19T22:01:01","slug":"marttiini-ckp-file-peilis-19","status":"publish","type":"product","link":"https:\/\/tammetorubbq.ee\/lt\/produktas\/marttiini-ckp-file-peilis-19\/","title":{"rendered":"Marttiini CKP fil\u0117 peilis 19\/31cm"},"content":{"rendered":"<p><strong>M\u00d5\u00d5TMED<\/strong><br data-start=\"73\" data-end=\"76\" \/>Terapikkus: 19 cm<br data-start=\"93\" data-end=\"96\" \/>Kogu pikkus: 31 cm<\/p>\n<p data-start=\"118\" data-end=\"195\"><strong data-start=\"118\" data-end=\"132\">MATERJALID<\/strong><br data-start=\"132\" data-end=\"135\" \/>Tera materjal: roostevaba teras<br data-start=\"166\" data-end=\"169\" \/>K\u00e4epideme materjal: kumm<\/p>\n<h5 data-start=\"98\" data-end=\"146\">Marttiini \u2013 Soome kvaliteet juba aastast 1928<\/h5>\n<p data-start=\"148\" data-end=\"385\">Marttiini kaubam\u00e4rgi asutas\u00a0<strong data-start=\"81\" data-end=\"115\">Johan Henrik \u201cJanne\u201d Marttiini<\/strong>\u00a01928.\u202faastal Rovaniemis, Soomes, eesm\u00e4rgiga luua teravaid, vastupidavaid ja t\u00e4pseid nugasid, mis sobiksid nii kalastajatele, matkajaile kui k\u00f6\u00f6gihuvilistele. Algusest peale on Marttiini kombineerinud\u00a0<strong data-start=\"316\" data-end=\"362\">k\u00e4sit\u00f6\u00f6traditsiooni ja uuendusliku disaini<\/strong>, pakkudes terasid, mis tagavad sujuva, kontrollitud ja t\u00e4pse l\u00f5ike.<\/p>\n<p data-start=\"148\" data-end=\"385\">Marttiini noad on\u00a0<strong data-start=\"166\" data-end=\"197\">soome meisterlikkuse s\u00fcmbol<\/strong>, mida hinnatakse \u00fcle kogu maailma. Alates 1928. aastast on Marttiini valmistanud\u00a0<strong data-start=\"279\" data-end=\"328\">vastupidavaid, teravaid ja ergonoomilisi nugasid<\/strong>, mis sobivad nii loodusesse, k\u00f6\u00f6ki kui ka kingituseks.<\/p>\n<p data-start=\"387\" data-end=\"614\">Iga nuga on loodud\u00a0<strong data-start=\"406\" data-end=\"433\">t\u00e4psuse ja kvaliteediga<\/strong>, \u00fchendades traditsioonilise k\u00e4sit\u00f6\u00f6oskuse ja kaasaegsed materjalid.<\/p>\n<p data-start=\"387\" data-end=\"614\">Marttiini nuga ei ole lihtsalt t\u00f6\u00f6riist \u2013 see on\u00a0<strong data-start=\"551\" data-end=\"611\">usaldusv\u00e4\u00e4rne kaaslane igaks seikluseks ja igap\u00e4evaeluks, on k\u00f5rgelt hinnatud nii professionaalide kui harrastajate seas.<\/strong><\/p>","protected":false},"excerpt":{"rendered":"<h5 data-start=\"0\" data-end=\"98\"><strong data-start=\"0\" data-end=\"96\"><span class=\"hover:entity-accent entity-underline inline cursor-pointer align-baseline\"><span class=\"whitespace-normal\">Marttiini fileerimisnuga <\/span><\/span>\u2013 populaarne fileerimisnuga t\u00e4iuslikuks kalat\u00f6\u00f6tluseks<\/strong><\/h5>\n<p data-start=\"100\" data-end=\"511\">Marttiini 757114P fileerimisnuga on \u00fcks enim hinnatud fileerimist\u00f6\u00f6riistu. Ergonomiline ja tekstuuriga k\u00e4epide koos s\u00f5rmekaitsega tagab kindla haarde ka libeda kala t\u00f6\u00f6tlemisel. 19 cm painduv tera on m\u00f5eldud kala fileerimiseks, mille kaal j\u00e4\u00e4b 2\u20135 kg vahele, v\u00f5imaldades sujuvaid, kontrollitud ja t\u00e4pseid l\u00f5ike. Tera painduvus v\u00f5imaldab lihtsalt j\u00e4rgida kala kontuure, muutes fileerimise t\u00f5husaks ja lihtsaks.<\/p>\n<ul>\n<li data-start=\"631\" data-end=\"800\">T\u00e4pne ja painduv tera kala fileerimiseks<\/li>\n<li data-start=\"631\" data-end=\"800\">Ergonomiline k\u00e4epide kindla haardega<\/li>\n<li data-start=\"631\" data-end=\"800\">Sobib kala kaaluga 2\u20135 kg<\/li>\n<li data-start=\"631\" data-end=\"800\">V\u00f5imalus kasutada koos kalatipu fileerimishargiga<\/li>\n<\/ul>\n<p data-start=\"802\" data-end=\"876\" data-is-last-node=\"\" data-is-only-node=\"\">Soovitame pesta k\u00e4sitsi, et s\u00e4ilitada tera teravus ja k\u00e4epideme kvaliteet.<\/p>\n<p>CKP - \"Condor Kitchen Professional<\/p>\n<p>&nbsp;<\/p>\n<p><img loading=\"lazy\" decoding=\"async\" class=\"alignnone size-full wp-image-5476\" src=\"https:\/\/tammetorubbq.ee\/wp-content\/uploads\/2023\/11\/Image.png\" alt=\"\" width=\"276\" height=\"57\" srcset=\"https:\/\/tammetorubbq.ee\/wp-content\/uploads\/2023\/11\/Image.png 276w, https:\/\/tammetorubbq.ee\/wp-content\/uploads\/2023\/11\/Image-18x4.png 18w, https:\/\/tammetorubbq.ee\/wp-content\/uploads\/2023\/11\/Image-64x13.png 64w\" sizes=\"auto, (max-width: 276px) 100vw, 276px\" \/><\/p>","protected":false},"featured_media":195,"comment_status":"open","ping_status":"closed","template":"","meta":{"_uf_show_specific_survey":0,"_uf_disable_surveys":false},"pwb-brand":[34],"product_brand":[],"product_cat":[20,27],"product_tag":[314],"class_list":{"0":"post-194","1":"product","2":"type-product","3":"status-publish","4":"has-post-thumbnail","6":"pwb-brand-marttiini","7":"product_cat-kampaania","8":"product_cat-noad","9":"product_tag-marttiini","11":"first","12":"instock","13":"sale","14":"taxable","15":"shipping-taxable","16":"purchasable","17":"product-type-simple"},"brands":[{"id":34,"name":"Marttiini","slug":"marttiini"}],"_links":{"self":[{"href":"https:\/\/tammetorubbq.ee\/lt\/wp-json\/wp\/v2\/product\/194","targetHints":{"allow":["GET"]}}],"collection":[{"href":"https:\/\/tammetorubbq.ee\/lt\/wp-json\/wp\/v2\/product"}],"about":[{"href":"https:\/\/tammetorubbq.ee\/lt\/wp-json\/wp\/v2\/types\/product"}],"replies":[{"embeddable":true,"href":"https:\/\/tammetorubbq.ee\/lt\/wp-json\/wp\/v2\/comments?post=194"}],"wp:featuredmedia":[{"embeddable":true,"href":"https:\/\/tammetorubbq.ee\/lt\/wp-json\/wp\/v2\/media\/195"}],"wp:attachment":[{"href":"https:\/\/tammetorubbq.ee\/lt\/wp-json\/wp\/v2\/media?parent=194"}],"wp:term":[{"taxonomy":"pwb-brand","embeddable":true,"href":"https:\/\/tammetorubbq.ee\/lt\/wp-json\/wp\/v2\/pwb-brand?post=194"},{"taxonomy":"product_brand","embeddable":true,"href":"https:\/\/tammetorubbq.ee\/lt\/wp-json\/wp\/v2\/product_brand?post=194"},{"taxonomy":"product_cat","embeddable":true,"href":"https:\/\/tammetorubbq.ee\/lt\/wp-json\/wp\/v2\/product_cat?post=194"},{"taxonomy":"product_tag","embeddable":true,"href":"https:\/\/tammetorubbq.ee\/lt\/wp-json\/wp\/v2\/product_tag?post=194"}],"curies":[{"name":"wp","href":"https:\/\/api.w.org\/{rel}","templated":true}]}}