{"id":1940,"date":"2024-09-05T11:40:41","date_gmt":"2024-09-05T08:40:41","guid":{"rendered":"https:\/\/tammetorubbq.ee\/?post_type=product&#038;p=1940"},"modified":"2026-04-15T04:00:02","modified_gmt":"2026-04-15T01:00:02","slug":"ao-montreal-steak-rub-250g","status":"publish","type":"product","link":"https:\/\/tammetorubbq.ee\/lt\/produktas\/ao-montreal-steak-rub-250g\/","title":{"rendered":"A&amp;O Montreal Steak Rub 250g"},"content":{"rendered":"<p><strong>Sudedamosios dalys:<\/strong> Cukrus, j\u016bros druska, raudon\u0117lis, \u010desnako granul\u0117s, juodieji pipirai, krap\u0173 s\u0117klos, kalendros milteliai, salier\u0173 druska, aitriosios paprikos milteliai, kmynai, malta m\u0117sa, raudonieji pipirai, r\u016bkyta paprika, E621, E631.<\/p>","protected":false},"excerpt":{"rendered":"<p>Krap\u0173 ir \u010desnak\u0173 skonis suteikia m\u0117sai nauj\u0105 skonio poj\u016bt\u012f, o raudon\u0117lis, kalendra ir kmynai suteikia malon\u0173 pipirin\u012f prieskon\u012f.<\/p>\n<p>&nbsp;<\/p>\n<p><img loading=\"lazy\" decoding=\"async\" class=\"alignnone wp-image-279\" src=\"http:\/\/tammetorubbq.ee\/wp-content\/uploads\/2023\/11\/Angus-Oink.png\" alt=\"\" width=\"167\" height=\"167\" srcset=\"https:\/\/tammetorubbq.ee\/wp-content\/uploads\/2023\/11\/Angus-Oink.png 225w, https:\/\/tammetorubbq.ee\/wp-content\/uploads\/2023\/11\/Angus-Oink-150x150.png 150w, https:\/\/tammetorubbq.ee\/wp-content\/uploads\/2023\/11\/Angus-Oink-12x12.png 12w, https:\/\/tammetorubbq.ee\/wp-content\/uploads\/2023\/11\/Angus-Oink-64x64.png 64w\" sizes=\"auto, (max-width: 167px) 100vw, 167px\" \/><\/p>","protected":false},"featured_media":1941,"comment_status":"open","ping_status":"closed","template":"","meta":{"_uf_show_specific_survey":0,"_uf_disable_surveys":false},"pwb-brand":[],"product_brand":[],"product_cat":[21],"product_tag":[138,123,119,165],"class_list":{"0":"post-1940","1":"product","2":"type-product","3":"status-publish","4":"has-post-thumbnail","6":"product_cat-maitseainesegud","7":"product_tag-burger","8":"product_tag-steik","9":"product_tag-veiseliha","10":"product_tag-veiseribi","12":"first","13":"instock","14":"taxable","15":"shipping-taxable","16":"purchasable","17":"product-type-simple"},"brands":[],"_links":{"self":[{"href":"https:\/\/tammetorubbq.ee\/lt\/wp-json\/wp\/v2\/product\/1940","targetHints":{"allow":["GET"]}}],"collection":[{"href":"https:\/\/tammetorubbq.ee\/lt\/wp-json\/wp\/v2\/product"}],"about":[{"href":"https:\/\/tammetorubbq.ee\/lt\/wp-json\/wp\/v2\/types\/product"}],"replies":[{"embeddable":true,"href":"https:\/\/tammetorubbq.ee\/lt\/wp-json\/wp\/v2\/comments?post=1940"}],"wp:featuredmedia":[{"embeddable":true,"href":"https:\/\/tammetorubbq.ee\/lt\/wp-json\/wp\/v2\/media\/1941"}],"wp:attachment":[{"href":"https:\/\/tammetorubbq.ee\/lt\/wp-json\/wp\/v2\/media?parent=1940"}],"wp:term":[{"taxonomy":"pwb-brand","embeddable":true,"href":"https:\/\/tammetorubbq.ee\/lt\/wp-json\/wp\/v2\/pwb-brand?post=1940"},{"taxonomy":"product_brand","embeddable":true,"href":"https:\/\/tammetorubbq.ee\/lt\/wp-json\/wp\/v2\/product_brand?post=1940"},{"taxonomy":"product_cat","embeddable":true,"href":"https:\/\/tammetorubbq.ee\/lt\/wp-json\/wp\/v2\/product_cat?post=1940"},{"taxonomy":"product_tag","embeddable":true,"href":"https:\/\/tammetorubbq.ee\/lt\/wp-json\/wp\/v2\/product_tag?post=1940"}],"curies":[{"name":"wp","href":"https:\/\/api.w.org\/{rel}","templated":true}]}}