{"id":1951,"date":"2024-09-11T16:21:37","date_gmt":"2024-09-11T13:21:37","guid":{"rendered":"https:\/\/tammetorubbq.ee\/?post_type=product&#038;p=1951"},"modified":"2026-04-15T02:00:06","modified_gmt":"2026-04-14T23:00:06","slug":"jautienos-krutinine-65kg-aus","status":"publish","type":"product","link":"https:\/\/tammetorubbq.ee\/lt\/produktas\/jautienos-krutinine-65kg-aus\/","title":{"rendered":"Jautienos kr\u016btin\u0117l\u0117 BRISKET ~6,5kg ABERDEEN BLACK (AUS)"},"content":{"rendered":"<p>Svoris: ~6,5 kg<\/p>\n<p>U\u017e\u0161aldymo metodas: IVP -18 \u00b0C<\/p>\n<p>Tiek\u0117jas \/ prek\u0117s \u017eenklas: Aberdeen Black<\/p>\n<p>Veisl\u0117: paprastai juodieji angusai arba pana\u0161\u016bs auk\u0161tos kokyb\u0117s m\u0117siniai galvijai.<\/p>\n<p>Klasifikacija: paprastai nuo MB3+ iki MB5+ (marmuringumas pagal Australijos skal\u0119).<\/p>\n<p>Kilm\u0117s \u0161alis: Australija<\/p>\n<p>&nbsp;<\/p>\n<h3 data-start=\"1466\" data-end=\"1515\">\u2705 V<strong data-start=\"1472\" data-end=\"1515\">palyginti su Creekstone (JAV):<\/strong><\/h3>\n<div class=\"_tableContainer_16hzy_1\">\n<div class=\"_tableWrapper_16hzy_14 group flex w-fit flex-col-reverse\" tabindex=\"-1\">\n<table class=\"w-fit min-w-(--thread-content-width)\" data-start=\"1516\" data-end=\"1907\">\n<thead data-start=\"1516\" data-end=\"1575\">\n<tr data-start=\"1516\" data-end=\"1575\">\n<th data-start=\"1516\" data-end=\"1526\" data-col-size=\"sm\">Palyginimas<\/th>\n<th data-start=\"1526\" data-end=\"1549\" data-col-size=\"sm\">Aberdeen Black (JAV)<\/th>\n<th data-start=\"1549\" data-end=\"1575\" data-col-size=\"sm\">\"Creekstone Prime\" (JAV)<\/th>\n<\/tr>\n<\/thead>\n<tbody data-start=\"1639\" data-end=\"1907\">\n<tr data-start=\"1639\" data-end=\"1698\">\n<td data-start=\"1639\" data-end=\"1657\" data-col-size=\"sm\">Marmuravimas<\/td>\n<td data-start=\"1657\" data-end=\"1673\" data-col-size=\"sm\">Geras (MB3+-5+)<\/td>\n<td data-start=\"1673\" data-end=\"1698\" data-col-size=\"sm\">Labai geras (USDA Prime)<\/td>\n<\/tr>\n<tr data-start=\"1699\" data-end=\"1726\">\n<td data-start=\"1699\" data-end=\"1706\" data-col-size=\"sm\">Kaina<\/td>\n<td data-start=\"1706\" data-end=\"1716\" data-col-size=\"sm\">Pigiau<\/td>\n<td data-start=\"1716\" data-end=\"1726\" data-col-size=\"sm\">Brangiau<\/td>\n<\/tr>\n<tr data-start=\"1727\" data-end=\"1785\">\n<td data-start=\"1727\" data-end=\"1736\" data-col-size=\"sm\">Skonis<\/td>\n<td data-start=\"1736\" data-end=\"1766\" data-col-size=\"sm\">\u0160iek tiek ma\u017eiau riebal\u0173, \u0161varesnis<\/td>\n<td data-start=\"1766\" data-end=\"1785\" data-col-size=\"sm\">Gilesnis, labiau sviestinis<\/td>\n<\/tr>\n<tr data-start=\"1786\" data-end=\"1843\">\n<td data-start=\"1786\" data-end=\"1802\" data-col-size=\"sm\">Galima rasti adresu<\/td>\n<td data-start=\"1802\" data-end=\"1824\" data-col-size=\"sm\">Labiau tik\u0117tina, kad yra sand\u0117lyje<\/td>\n<td data-start=\"1824\" data-end=\"1843\" data-col-size=\"sm\">Reikia u\u017esakyti<\/td>\n<\/tr>\n<tr data-start=\"1844\" data-end=\"1907\">\n<td data-start=\"1844\" data-end=\"1860\" data-col-size=\"sm\">Kam tinka<\/td>\n<td data-start=\"1860\" data-end=\"1881\" data-col-size=\"sm\">Hobikokk, maitinimas<\/td>\n<td data-start=\"1881\" data-end=\"1907\" data-col-size=\"sm\">Konkurentai, restoranai<\/td>\n<\/tr>\n<\/tbody>\n<\/table>\n<\/div>\n<\/div>","protected":false},"excerpt":{"rendered":"<p data-start=\"358\" data-end=\"667\">Atraskite tikr\u0105 BBQ klasik\u0105! \"Aberdeen Black brisket\" yra auk\u0161\u010diausios kokyb\u0117s australieti\u0161ka jautienos kr\u016btinin\u0117 dalis, puikiai tinkanti l\u0117tam kepimui, r\u016bkymui ir \"sous-vide\" kepimui. D\u0117l stambios tekst\u016bros ir vidutinio marmuringumo u\u017etikrinamas sultingas rezultatas ir gilus nat\u016bralus skonis.<\/p>\n<p data-start=\"669\" data-end=\"856\">Pagaminta pagal MSA (Meat Standards Australia) kokyb\u0117s standartus, tod\u0117l kiekvienas gabalas yra \u0161velnus, sultingas ir aromatingas. Tinka tiek nam\u0173 \u0161eimininkams, tiek grilio entuziastams, tiek profesionalams.<\/p>\n<h3 data-start=\"863\" data-end=\"905\">Kod\u0117l verta rinktis \"Aberdeen Black Brisket\"?<\/h3>\n<p data-start=\"909\" data-end=\"947\">\u2705 Patikima Australijos kokyb\u0117<\/p>\n<p data-start=\"950\" data-end=\"1011\">\u2705 Idealiai tinka r\u016bkymui ant grilio ir kepimui \"\u017eemai ir l\u0117tai\"<\/p>\n<p data-start=\"1014\" data-end=\"1091\">\u2705 Skanus ir sultingas - puikiai tinka m\u0117sai pjaustyti grie\u017ein\u0117liais arba grie\u017ein\u0117liais.<\/p>\n<p data-start=\"1094\" data-end=\"1141\">\u2705 \u012eperkamesn\u0117 alternatyva \"US Prime brisket<\/p>\n<p data-start=\"1964\" data-end=\"2175\">\ud83d\udca1<strong>Profesional\u0173 patarimas:<\/strong> Kadangi \u0161i\u0105 kr\u016btin\u0117l\u0119 galima <strong data-start=\"1991\" data-end=\"2007\">\u0161iek tiek plonesni<\/strong> jei US Prime, naudokite <strong data-start=\"2030\" data-end=\"2067\">sviestui arba jautienos riebalams tepti<\/strong> r\u016bkymo metu (kas 1-1,5 val.). Taip m\u0117sa i\u0161lieka dr\u0117gna ir geriau i\u0161siskiria plutel\u0117 (\u017eiev\u0117).<\/p>\n<p>Produktas parduodamas pagal svor\u012f. Tiksli kaina bus apskai\u010diuota pasv\u0117rus gamin\u012f.<\/p>\n<p><strong>Produkt\u0105 galima u\u017esisakyti i\u0161 anksto.\u00a0<\/strong><\/p>\n<p>Kadangi tai yra sveriamas produktas, n\u0117ra galimyb\u0117s pateikti u\u017esakymo internetin\u0117je parduotuv\u0117je.<\/p>\n<p>Nor\u0117dami u\u017esisakyti, ra\u0161ykite adresu <a href=\"\/lt\/info@tammetorubbq.ee\/\">info@tammetorubbq.ee<\/a> arba skambinkite <a href=\"http:\/\/+372 56 888 638\">+372 56 888 638<\/a><\/p>\n<p>&nbsp;<\/p>\n<p><img loading=\"lazy\" decoding=\"async\" class=\"wp-image-1982\" src=\"http:\/\/tammetorubbq.ee\/wp-content\/uploads\/2024\/09\/Aberdeen-Black-300x161.png\" alt=\"Aberdyno juoda\" width=\"233\" height=\"125\" srcset=\"https:\/\/tammetorubbq.ee\/wp-content\/uploads\/2024\/09\/Aberdeen-Black-300x161.png 300w, https:\/\/tammetorubbq.ee\/wp-content\/uploads\/2024\/09\/Aberdeen-Black-18x10.png 18w, https:\/\/tammetorubbq.ee\/wp-content\/uploads\/2024\/09\/Aberdeen-Black-64x34.png 64w, https:\/\/tammetorubbq.ee\/wp-content\/uploads\/2024\/09\/Aberdeen-Black.png 600w\" sizes=\"auto, (max-width: 233px) 100vw, 233px\" \/><\/p>","protected":false},"featured_media":1952,"comment_status":"open","ping_status":"closed","template":"","meta":{"_uf_show_specific_survey":0,"_uf_disable_surveys":false},"pwb-brand":[],"product_brand":[],"product_cat":[71],"product_tag":[],"class_list":{"0":"post-1951","1":"product","2":"type-product","3":"status-publish","4":"has-post-thumbnail","6":"product_cat-liha","8":"first","9":"outofstock","10":"taxable","11":"shipping-taxable","12":"purchasable","13":"product-type-simple"},"brands":[],"_links":{"self":[{"href":"https:\/\/tammetorubbq.ee\/lt\/wp-json\/wp\/v2\/product\/1951","targetHints":{"allow":["GET"]}}],"collection":[{"href":"https:\/\/tammetorubbq.ee\/lt\/wp-json\/wp\/v2\/product"}],"about":[{"href":"https:\/\/tammetorubbq.ee\/lt\/wp-json\/wp\/v2\/types\/product"}],"replies":[{"embeddable":true,"href":"https:\/\/tammetorubbq.ee\/lt\/wp-json\/wp\/v2\/comments?post=1951"}],"wp:featuredmedia":[{"embeddable":true,"href":"https:\/\/tammetorubbq.ee\/lt\/wp-json\/wp\/v2\/media\/1952"}],"wp:attachment":[{"href":"https:\/\/tammetorubbq.ee\/lt\/wp-json\/wp\/v2\/media?parent=1951"}],"wp:term":[{"taxonomy":"pwb-brand","embeddable":true,"href":"https:\/\/tammetorubbq.ee\/lt\/wp-json\/wp\/v2\/pwb-brand?post=1951"},{"taxonomy":"product_brand","embeddable":true,"href":"https:\/\/tammetorubbq.ee\/lt\/wp-json\/wp\/v2\/product_brand?post=1951"},{"taxonomy":"product_cat","embeddable":true,"href":"https:\/\/tammetorubbq.ee\/lt\/wp-json\/wp\/v2\/product_cat?post=1951"},{"taxonomy":"product_tag","embeddable":true,"href":"https:\/\/tammetorubbq.ee\/lt\/wp-json\/wp\/v2\/product_tag?post=1951"}],"curies":[{"name":"wp","href":"https:\/\/api.w.org\/{rel}","templated":true}]}}