{"id":1974,"date":"2024-10-09T12:48:24","date_gmt":"2024-10-09T09:48:24","guid":{"rendered":"https:\/\/tammetorubbq.ee\/?post_type=product&#038;p=1974"},"modified":"2026-04-15T02:00:11","modified_gmt":"2026-04-14T23:00:11","slug":"mesininko-tomahawk-kepsnys-ireland","status":"publish","type":"product","link":"https:\/\/tammetorubbq.ee\/lt\/produktas\/mesininko-tomahawk-kepsnys-ireland\/","title":{"rendered":"TOMAHAWK m\u0117sini\u0173 galvij\u0173 kepsnys 0,9-1,3 kg GREENHILL (IRL)"},"content":{"rendered":"<p>Pastraipa: tomahawk<br \/>\nGauta i\u0161<\/p>\n<p>Veisl\u0117: Black Angus HQB (auk\u0161tos kokyb\u0117s jautiena)<\/p>\n<p>U\u017e\u0161aldymo metodas: IVP -18 \u00b0C<br \/>\nPakuot\u0117: 0,9-1,3 kg<br \/>\nD\u0117\u017eut\u0117: ~3 kg<\/p>\n<p>Prek\u0117s \u017eenklo pavadinimas: Greenhill<br \/>\nKilm\u0117s \u0161alis: Airija<\/p>\n<p>&nbsp;<\/p>\n<p>Produktas negali b\u016bti siun\u010diamas siunt\u0173 ma\u0161ina arba kurjeriu.<\/p>\n<p>Ra\u0161ykite mums\u00a0<a href=\"https:\/\/tammetorubbq.ee\/lt\/produktas\/swift-searibi-st-louise-usa\/info%40tammetorubbq.ee\/\">info@tammetorubbq.ee<\/a>\u00a0arba skambinkite\u00a0<a href=\"http:\/\/+372%2056%20888%20638\/\" target=\"_blank\" rel=\"noopener\">+372 56 888 638<\/a><\/p>","protected":false},"excerpt":{"rendered":"<p>Jautienos \"Tomahawk\" kepsnys (marmurin\u0117 antrakod\u0173 m\u0117sa su nugarine).<\/p>\n<p>&nbsp;<\/p>\n<p>\u00dche steigi\u00a0 kaal on 1,1-1,3kg.<\/p>\n<p>Produktas parduodamas pagal svor\u012f. Tiksli kaina bus apskai\u010diuota pasv\u0117rus gamin\u012f.<\/p>\n<p>Didesniam kiekiui pra\u0161ykite specialios kainos.<\/p>\n<p>&nbsp;<\/p>\n<p><strong>Produkt\u0105 galima u\u017esisakyti i\u0161 anksto.\u00a0<\/strong><\/p>\n<p>Kadangi tai yra sveriamas produktas, n\u0117ra galimyb\u0117s pateikti u\u017esakymo internetin\u0117je parduotuv\u0117je.<\/p>\n<p>Nor\u0117dami u\u017esisakyti, ra\u0161ykite adresu\u00a0<a href=\"https:\/\/tammetorubbq.ee\/lt\/produktas\/jautienos-krutinine-65kg-aus\/info%40tammetorubbq.ee\/\">info@tammetorubbq.ee<\/a>\u00a0arba skambinkite\u00a0<a href=\"http:\/\/+372%2056%20888%20638\/\">+372 56 888 638<\/a><\/p>\n<p><img loading=\"lazy\" decoding=\"async\" class=\"wp-image-1977\" src=\"http:\/\/tammetorubbq.ee\/wp-content\/uploads\/2024\/10\/Greenhill-Premium-High-Quality-Meat-logo-1-300x142.png\" alt=\"&quot;Greenhill Premium&quot; auk\u0161tos kokyb\u0117s m\u0117sos logotipas\" width=\"207\" height=\"98\" srcset=\"https:\/\/tammetorubbq.ee\/wp-content\/uploads\/2024\/10\/Greenhill-Premium-High-Quality-Meat-logo-1-300x142.png 300w, https:\/\/tammetorubbq.ee\/wp-content\/uploads\/2024\/10\/Greenhill-Premium-High-Quality-Meat-logo-1-18x9.png 18w, https:\/\/tammetorubbq.ee\/wp-content\/uploads\/2024\/10\/Greenhill-Premium-High-Quality-Meat-logo-1-64x30.png 64w, https:\/\/tammetorubbq.ee\/wp-content\/uploads\/2024\/10\/Greenhill-Premium-High-Quality-Meat-logo-1.png 600w\" sizes=\"auto, (max-width: 207px) 100vw, 207px\" \/><\/p>","protected":false},"featured_media":1979,"comment_status":"open","ping_status":"closed","template":"","meta":{"_uf_show_specific_survey":0,"_uf_disable_surveys":false},"pwb-brand":[186],"product_brand":[],"product_cat":[71],"product_tag":[187,119],"class_list":{"0":"post-1974","1":"product","2":"type-product","3":"status-publish","4":"has-post-thumbnail","6":"pwb-brand-greenhill-quality-meat","7":"product_cat-liha","8":"product_tag-greenhill-quality-meat","9":"product_tag-veiseliha","11":"first","12":"outofstock","13":"taxable","14":"shipping-taxable","15":"purchasable","16":"product-type-simple"},"brands":[{"id":186,"name":"Greenhill Quality Meat","slug":"greenhill-quality-meat"}],"_links":{"self":[{"href":"https:\/\/tammetorubbq.ee\/lt\/wp-json\/wp\/v2\/product\/1974","targetHints":{"allow":["GET"]}}],"collection":[{"href":"https:\/\/tammetorubbq.ee\/lt\/wp-json\/wp\/v2\/product"}],"about":[{"href":"https:\/\/tammetorubbq.ee\/lt\/wp-json\/wp\/v2\/types\/product"}],"replies":[{"embeddable":true,"href":"https:\/\/tammetorubbq.ee\/lt\/wp-json\/wp\/v2\/comments?post=1974"}],"wp:featuredmedia":[{"embeddable":true,"href":"https:\/\/tammetorubbq.ee\/lt\/wp-json\/wp\/v2\/media\/1979"}],"wp:attachment":[{"href":"https:\/\/tammetorubbq.ee\/lt\/wp-json\/wp\/v2\/media?parent=1974"}],"wp:term":[{"taxonomy":"pwb-brand","embeddable":true,"href":"https:\/\/tammetorubbq.ee\/lt\/wp-json\/wp\/v2\/pwb-brand?post=1974"},{"taxonomy":"product_brand","embeddable":true,"href":"https:\/\/tammetorubbq.ee\/lt\/wp-json\/wp\/v2\/product_brand?post=1974"},{"taxonomy":"product_cat","embeddable":true,"href":"https:\/\/tammetorubbq.ee\/lt\/wp-json\/wp\/v2\/product_cat?post=1974"},{"taxonomy":"product_tag","embeddable":true,"href":"https:\/\/tammetorubbq.ee\/lt\/wp-json\/wp\/v2\/product_tag?post=1974"}],"curies":[{"name":"wp","href":"https:\/\/api.w.org\/{rel}","templated":true}]}}