{"id":1994,"date":"2024-11-01T09:10:07","date_gmt":"2024-11-01T07:10:07","guid":{"rendered":"https:\/\/tammetorubbq.ee\/?post_type=product&#038;p=1994"},"modified":"2026-04-15T00:00:16","modified_gmt":"2026-04-14T21:00:16","slug":"richard-fergola-universalus-trintuvas-354g","status":"publish","type":"product","link":"https:\/\/tammetorubbq.ee\/lt\/produktas\/richard-fergola-universalus-trintuvas-354g\/","title":{"rendered":"\"Richard Fergola\" universalus trintuvas 354g"},"content":{"rendered":"<p><strong>Sudedamosios dalys:<\/strong> Druska, cukrus, prieskoniai, d\u017eiovinti \u010desnakai, maltodekstrinas, paprika, paprik\u0173 ekstraktai (da\u017eiklis), dinatrio inozinatas ir dinatrio guanilatas, salier\u0173 ekstraktai, nat\u016brali kvapioji med\u017eiaga ir ne daugiau kaip 2% trikalcio fosfato, prid\u0117to siekiant i\u0161vengti sukepimo.<\/p>","protected":false},"excerpt":{"rendered":"<p><strong>Richardas Fergola - \u017emogus, tap\u0119s tikru kokyb\u0117s ir \u017eini\u0173 simboliu BBQ bendruomen\u0117je.<\/strong><\/p>\n<p data-start=\"139\" data-end=\"373\">Jei ie\u0161kote vieno prieskonio, tinkan\u010dio j\u016bs\u0173 <em data-start=\"179\" data-end=\"188\">visi<\/em>, tada <strong data-start=\"195\" data-end=\"227\">\"Fergolicious\" universalusis \u012ftrinti<\/strong> yra b\u016btent tai! Tai universalus, gerai subalansuotas, autenti\u0161ko BBQ skonio trintas kepsnys, tinkamas jautienai, kiaulienai, vi\u0161tienai ir dar\u017eov\u0117ms.<\/p>\n<p data-start=\"375\" data-end=\"607\">Pasaulio \u010dempiono Richardo Fergola sukurtame mi\u0161inyje dera lengvo r\u016bkymo, sald\u017eios ir pikanti\u0161kos natos, kurios i\u0161ry\u0161kina geriausias \u017ealiavos savybes, nesvarbu, ar tai b\u016bt\u0173 l\u0117tai r\u016bkyti \u0161onkauliukai, ar greitai kepta vi\u0161tienos fil\u0117.<\/p>\n<p data-start=\"609\" data-end=\"775\">\u2714\ufe0fT\u00f5eline \"vienas dydis tinka visiems\" BBQ trinti<br data-start=\"642\" data-end=\"645\" \/>\u2714\ufe0fSobib kepimui ant groteli\u0173, r\u016bkymui ir kasdieniam naudojimui virtuv\u0117je.<br data-start=\"717\" data-end=\"720\" \/>\u2714\ufe0fAmeerika BBQ \u010dempion\u0173 atranka<br data-start=\"758\" data-end=\"761\" \/>\u2714\ufe0fGluteenivaba<\/p>\n<p data-start=\"777\" data-end=\"903\"><strong data-start=\"777\" data-end=\"789\">\ud83d\udca1Pro patarimas:<\/strong> Naudokite \u0161\u012f trintuv\u0105 bulv\u0117ms, kukur\u016bzams ar avokadams pagardinti - tai visi\u0161kai naujas BBQ aspektas j\u016bs\u0173 piet\u0173 stalui!<\/p>\n<p><img loading=\"lazy\" decoding=\"async\" class=\"wp-image-2007\" src=\"http:\/\/tammetorubbq.ee\/wp-content\/uploads\/2024\/11\/Richardfergolabbq-298x300.jpg\" alt=\"Richardfergolabbq \" width=\"192\" height=\"193\" srcset=\"https:\/\/tammetorubbq.ee\/wp-content\/uploads\/2024\/11\/Richardfergolabbq-298x300.jpg 298w, https:\/\/tammetorubbq.ee\/wp-content\/uploads\/2024\/11\/Richardfergolabbq-150x150.jpg 150w, https:\/\/tammetorubbq.ee\/wp-content\/uploads\/2024\/11\/Richardfergolabbq-768x774.jpg 768w, https:\/\/tammetorubbq.ee\/wp-content\/uploads\/2024\/11\/Richardfergolabbq-12x12.jpg 12w, https:\/\/tammetorubbq.ee\/wp-content\/uploads\/2024\/11\/Richardfergolabbq-300x300.jpg 300w, https:\/\/tammetorubbq.ee\/wp-content\/uploads\/2024\/11\/Richardfergolabbq-600x605.jpg 600w, https:\/\/tammetorubbq.ee\/wp-content\/uploads\/2024\/11\/Richardfergolabbq-64x65.jpg 64w, https:\/\/tammetorubbq.ee\/wp-content\/uploads\/2024\/11\/Richardfergolabbq.jpg 952w\" sizes=\"auto, (max-width: 192px) 100vw, 192px\" \/><\/p>","protected":false},"featured_media":1995,"comment_status":"open","ping_status":"closed","template":"","meta":{"_uf_show_specific_survey":0,"_uf_disable_surveys":false},"pwb-brand":[],"product_brand":[],"product_cat":[21],"product_tag":[118,121,114,122,123,119],"class_list":{"0":"post-1994","1":"product","2":"type-product","3":"status-publish","4":"has-post-thumbnail","6":"product_cat-maitseainesegud","7":"product_tag-kanaliha","8":"product_tag-koogiviljad","9":"product_tag-sealiha","10":"product_tag-searibi","11":"product_tag-steik","12":"product_tag-veiseliha","14":"first","15":"instock","16":"taxable","17":"shipping-taxable","18":"purchasable","19":"product-type-simple"},"brands":[],"_links":{"self":[{"href":"https:\/\/tammetorubbq.ee\/lt\/wp-json\/wp\/v2\/product\/1994","targetHints":{"allow":["GET"]}}],"collection":[{"href":"https:\/\/tammetorubbq.ee\/lt\/wp-json\/wp\/v2\/product"}],"about":[{"href":"https:\/\/tammetorubbq.ee\/lt\/wp-json\/wp\/v2\/types\/product"}],"replies":[{"embeddable":true,"href":"https:\/\/tammetorubbq.ee\/lt\/wp-json\/wp\/v2\/comments?post=1994"}],"wp:featuredmedia":[{"embeddable":true,"href":"https:\/\/tammetorubbq.ee\/lt\/wp-json\/wp\/v2\/media\/1995"}],"wp:attachment":[{"href":"https:\/\/tammetorubbq.ee\/lt\/wp-json\/wp\/v2\/media?parent=1994"}],"wp:term":[{"taxonomy":"pwb-brand","embeddable":true,"href":"https:\/\/tammetorubbq.ee\/lt\/wp-json\/wp\/v2\/pwb-brand?post=1994"},{"taxonomy":"product_brand","embeddable":true,"href":"https:\/\/tammetorubbq.ee\/lt\/wp-json\/wp\/v2\/product_brand?post=1994"},{"taxonomy":"product_cat","embeddable":true,"href":"https:\/\/tammetorubbq.ee\/lt\/wp-json\/wp\/v2\/product_cat?post=1994"},{"taxonomy":"product_tag","embeddable":true,"href":"https:\/\/tammetorubbq.ee\/lt\/wp-json\/wp\/v2\/product_tag?post=1994"}],"curies":[{"name":"wp","href":"https:\/\/api.w.org\/{rel}","templated":true}]}}