{"id":2010,"date":"2024-11-04T15:02:24","date_gmt":"2024-11-04T13:02:24","guid":{"rendered":"https:\/\/tammetorubbq.ee\/?post_type=product&#038;p=2010"},"modified":"2026-04-14T22:00:29","modified_gmt":"2026-04-14T19:00:29","slug":"southern-dutch-bbq-a-touch-of-sweet-rub-290g","status":"publish","type":"product","link":"https:\/\/tammetorubbq.ee\/lt\/produktas\/southern-dutch-bbq-a-touch-of-sweet-rub-290g\/","title":{"rendered":"Southern Dutch BBQ A Touch of Sweet Rub 290g"},"content":{"rendered":"<p><strong>Sudedamosios dalys:<\/strong> Cukranendri\u0173 cukrus, druska, paprika, juodieji pipirai, dar\u017eov\u0117s, cukrus, nat\u016brali kvapioji med\u017eiaga, aromato ir skonio stipriklis E621, prieskoniai, maisto da\u017eiklis - paprik\u0173 ekstraktas, E551.<\/p>\n<p>Be glitimo.<\/p>\n<p>&nbsp;<\/p>\n<p><strong>Kes apie piet\u0173 oland\u0173 BBQ<\/strong><\/p>\n<p class=\"\" data-start=\"24\" data-end=\"609\">\"Southern Dutch BBQ\" yra bendras Tomo Raeso ir Dorine van Geffen projektas. \u0160is stiprus tandemas savo kelion\u0119 prad\u0117jo 2012 m. nuo tinklara\u0161\u010dio, kuriame dalijosi su pasauliu savo BBQ nuotykiais. Noras su\u017einoti visk\u0105 apie amerikieti\u0161k\u0105 barbekiu juos atved\u0117 \u012f KCBS (Kansas City Barbeque Society) konkurs\u0105. 2013 m. jie dalyvavo pirmajame konkurse - ir tai tapo l\u016b\u017eio ta\u0161ku. Nuo to laiko jie pasin\u0117r\u0117 \u012f var\u017eyb\u0173 barbekiu pasaul\u012f ir dalyvauja var\u017eybose visame pasaulyje, visada stengdamiesi pateikti geriausi\u0105 ir skaniausi\u0105 pasirinkim\u0105 tiek teis\u0117jams, tiek savo geriems draugams.<\/p>\n<p class=\"\" data-start=\"611\" data-end=\"748\"><em>D\u0117l noro kasdien tobul\u0117ti Tomui ir Dorinei vadovavo vieni geriausi\u0173 JAV BBQ meistr\u0173, tokie kaip Tuffy Stone'as ir Travisas Clarkas.<\/em><\/p>\n<p class=\"\" data-start=\"750\" data-end=\"1093\">\u0160iandien j\u0173 misija - kiekvien\u0105 dien\u0105 gyventi ir kv\u0117puoti BBQ kepsniais, skleisti savo aistr\u0105 ir \u017einias visiems, kurie domisi \u0161ia kult\u016bra, sportu ar tiesiog puikiu maistu. Barbekiu kepimas ir var\u017eybos jiems n\u0117ra tik hobis - tai gyvenimo b\u016bdas. BBQ juos nuved\u0117 ten, kur jie niekada neb\u016bt\u0173 nuvyk\u0119, ir suk\u016br\u0117 draugyst\u0119 visam gyvenimui.<\/p>","protected":false},"excerpt":{"rendered":"<p class=\"\" data-start=\"0\" data-end=\"45\"><strong data-start=\"0\" data-end=\"45\">\"Southern Dutch BBQ\" \"A Touch of Sweet Rub\"<\/strong><\/p>\n<p class=\"\" data-start=\"47\" data-end=\"408\">Prid\u0117kite sald\u0173 prieskon\u012f su \"Southern Dutch BBQ\" \"A Touch of Sweet Rub\"! \u0160is gardus saldus mi\u0161inys sukurtas vi\u0161tienos, kiaulienos ir kiaulienos \u0161onkauliuk\u0173 skoniui papildyti, i\u0161ry\u0161kina nat\u016bral\u0173 m\u0117sos skon\u012f ir suteikia tinkamo saldumo. \"A Touch of Sweet Rub\" puikiai tinka visiems grilio entuziastams, tiek profesionalams, tiek nam\u0173 meistrams.<\/p>\n<p class=\"\" data-start=\"410\" data-end=\"515\"><strong><em>Taip gaunama puiki, auksin\u0117 ir karamelizuota plutel\u0117, puikiai tinkanti bet kokiai kepimo progai.<\/em><\/strong><\/p>\n<ul data-start=\"531\" data-end=\"773\">\n<li class=\"\" data-start=\"531\" data-end=\"575\">\n<p class=\"\" data-start=\"533\" data-end=\"575\">Puiki saldumo ir skonio pusiausvyra<\/p>\n<\/li>\n<li class=\"\" data-start=\"576\" data-end=\"621\">\n<p class=\"\" data-start=\"578\" data-end=\"621\">Puikiai tinka vi\u0161tienai, kiaulienai, kiaulienos \u0161onkauliukams ir smulkintai kiaulienai<\/p>\n<\/li>\n<li class=\"\" data-start=\"622\" data-end=\"692\">\n<p class=\"\" data-start=\"624\" data-end=\"692\">Tinka visiems - nuo pradedan\u010di\u0173j\u0173 iki patyrusi\u0173 grilio meistr\u0173.<\/p>\n<\/li>\n<li class=\"\" data-start=\"622\" data-end=\"692\">\n<p class=\"\" data-start=\"624\" data-end=\"692\">2023 m. \"American Royal Rub\" konkurso nugal\u0117tojas, u\u017e\u0117m\u0119s 3 viet\u0105 kategorijoje.<\/p>\n<\/li>\n<\/ul>\n<p><em><strong>\"Southern Dutch\" yra s\u0117kmingiausia pastar\u0173j\u0173 met\u0173 BBQ komanda Europoje.<\/strong><\/em><\/p>\n<p><a href=\"http:\/\/tammetorubbq.ee\/wp-content\/uploads\/2024\/11\/southern-dutch-bbq.svg\"><img decoding=\"async\" class=\"alignnone size-full wp-image-2012\" src=\"http:\/\/tammetorubbq.ee\/wp-content\/uploads\/2024\/11\/southern-dutch-bbq.svg\" alt=\"Piet\u0173 oland\u0173 BBQ \" \/><\/a><\/p>","protected":false},"featured_media":2011,"comment_status":"open","ping_status":"closed","template":"","meta":{"_uf_show_specific_survey":0,"_uf_disable_surveys":false},"pwb-brand":[174],"product_brand":[],"product_cat":[21],"product_tag":[118,166,114,122],"class_list":{"0":"post-2010","1":"product","2":"type-product","3":"status-publish","4":"has-post-thumbnail","6":"pwb-brand-southern-dutch-bbq","7":"product_cat-maitseainesegud","8":"product_tag-kanaliha","9":"product_tag-rebitudliha","10":"product_tag-sealiha","11":"product_tag-searibi","13":"first","14":"outofstock","15":"taxable","16":"shipping-taxable","17":"purchasable","18":"product-type-simple"},"brands":[{"id":174,"name":"Piet\u0173 oland\u0173 BBQ","slug":"southern-dutch-bbq"}],"_links":{"self":[{"href":"https:\/\/tammetorubbq.ee\/lt\/wp-json\/wp\/v2\/product\/2010","targetHints":{"allow":["GET"]}}],"collection":[{"href":"https:\/\/tammetorubbq.ee\/lt\/wp-json\/wp\/v2\/product"}],"about":[{"href":"https:\/\/tammetorubbq.ee\/lt\/wp-json\/wp\/v2\/types\/product"}],"replies":[{"embeddable":true,"href":"https:\/\/tammetorubbq.ee\/lt\/wp-json\/wp\/v2\/comments?post=2010"}],"wp:featuredmedia":[{"embeddable":true,"href":"https:\/\/tammetorubbq.ee\/lt\/wp-json\/wp\/v2\/media\/2011"}],"wp:attachment":[{"href":"https:\/\/tammetorubbq.ee\/lt\/wp-json\/wp\/v2\/media?parent=2010"}],"wp:term":[{"taxonomy":"pwb-brand","embeddable":true,"href":"https:\/\/tammetorubbq.ee\/lt\/wp-json\/wp\/v2\/pwb-brand?post=2010"},{"taxonomy":"product_brand","embeddable":true,"href":"https:\/\/tammetorubbq.ee\/lt\/wp-json\/wp\/v2\/product_brand?post=2010"},{"taxonomy":"product_cat","embeddable":true,"href":"https:\/\/tammetorubbq.ee\/lt\/wp-json\/wp\/v2\/product_cat?post=2010"},{"taxonomy":"product_tag","embeddable":true,"href":"https:\/\/tammetorubbq.ee\/lt\/wp-json\/wp\/v2\/product_tag?post=2010"}],"curies":[{"name":"wp","href":"https:\/\/api.w.org\/{rel}","templated":true}]}}