{"id":2013,"date":"2024-11-04T15:10:32","date_gmt":"2024-11-04T13:10:32","guid":{"rendered":"https:\/\/tammetorubbq.ee\/?post_type=product&#038;p=2013"},"modified":"2026-04-15T05:00:14","modified_gmt":"2026-04-15T02:00:14","slug":"southern-dutch-season-it-all-rub-290g","status":"publish","type":"product","link":"https:\/\/tammetorubbq.ee\/lt\/produktas\/southern-dutch-season-it-all-rub-290g\/","title":{"rendered":"Southern Dutch BBQ Season it All Rub 290g"},"content":{"rendered":"<p><strong>Sudedamosios dalys:<\/strong> cukranendri\u0173 cukrus, druska, \u017eolel\u0117s ir (arba) prieskoniai, dar\u017eov\u0117s, skonio stiprikliai E621 ir E635, nat\u016bralios kvapiosios med\u017eiagos, maistiniai da\u017eikliai E160c, E551.<\/p>\n<p>&nbsp;<\/p>\n<p><strong>Kes apie piet\u0173 oland\u0173 BBQ<\/strong><\/p>\n<p class=\"\" data-start=\"24\" data-end=\"609\">\"Southern Dutch BBQ\" yra bendras Tomo Raeso ir Dorine van Geffen projektas. \u0160is stiprus tandemas savo kelion\u0119 prad\u0117jo 2012 m. nuo tinklara\u0161\u010dio, kuriame dalijosi su pasauliu savo BBQ nuotykiais. Noras su\u017einoti visk\u0105 apie amerikieti\u0161k\u0105 barbekiu juos atved\u0117 \u012f KCBS (Kansas City Barbeque Society) konkurs\u0105. 2013 m. jie dalyvavo pirmajame konkurse - ir tai tapo l\u016b\u017eio ta\u0161ku. Nuo to laiko jie pasin\u0117r\u0117 \u012f var\u017eyb\u0173 barbekiu pasaul\u012f ir dalyvauja var\u017eybose visame pasaulyje, visada stengdamiesi pateikti geriausi\u0105 ir skaniausi\u0105 pasirinkim\u0105 tiek teis\u0117jams, tiek savo geriems draugams.<\/p>\n<p class=\"\" data-start=\"611\" data-end=\"748\"><em>D\u0117l noro kasdien tobul\u0117ti Tomui ir Dorinei vadovavo vieni geriausi\u0173 JAV BBQ meistr\u0173, tokie kaip Tuffy Stone'as ir Travisas Clarkas.<\/em><\/p>\n<p class=\"\" data-start=\"750\" data-end=\"1093\">\u0160iandien j\u0173 misija - kiekvien\u0105 dien\u0105 gyventi ir kv\u0117puoti BBQ kepsniais, skleisti savo aistr\u0105 ir \u017einias visiems, kurie domisi \u0161ia kult\u016bra, sportu ar tiesiog puikiu maistu. Barbekiu kepimas ir var\u017eybos jiems n\u0117ra tik hobis - tai gyvenimo b\u016bdas. BBQ juos nuved\u0117 ten, kur jie niekada neb\u016bt\u0173 nuvyk\u0119, ir suk\u016br\u0117 draugyst\u0119 visam gyvenimui.<\/p>\n<p data-start=\"750\" data-end=\"1093\">","protected":false},"excerpt":{"rendered":"<p class=\"\" data-start=\"743\" data-end=\"785\"><strong data-start=\"743\" data-end=\"785\">\"Southern Dutch BBQ\" - \"Season it All Rub<\/strong><\/p>\n<p class=\"\" data-start=\"787\" data-end=\"1088\"><strong>Vienas trynimas, begal\u0117 galimybi\u0173!<\/strong><br data-start=\"815\" data-end=\"818\" \/>\"Southern Dutch BBQ\" \"Season it All\" yra universalus prieskonis, tinkantis raudonai ir baltai m\u0117sai, \u017euviai, dar\u017eov\u0117ms ir net bulv\u0117ms.<\/p>\n<p class=\"\" data-start=\"787\" data-end=\"1088\">Prieskoni\u0173 mi\u0161inys sukurtas atsi\u017evelgiant \u012f BBQ patirt\u012f - jis u\u017etikrina tikrai gil\u0173 ir subalansuot\u0105 skon\u012f kiekvienoje kepsnin\u0117je.<\/p>\n<ul data-start=\"1090\" data-end=\"1274\">\n<li class=\"\" data-start=\"1090\" data-end=\"1154\">\n<p class=\"\" data-start=\"1092\" data-end=\"1154\">Puikiai subalansuotas saldus, s\u016brus ir \u0161iek tiek a\u0161trus skonis<\/p>\n<\/li>\n<li class=\"\" data-start=\"1155\" data-end=\"1210\">\n<p class=\"\" data-start=\"1157\" data-end=\"1210\">Puikiai veikia r\u016bkykloje, ant groteli\u0173 ir keptuv\u0117je<\/p>\n<\/li>\n<li class=\"\" data-start=\"1211\" data-end=\"1274\">\n<p class=\"\" data-start=\"1213\" data-end=\"1274\">Suk\u016br\u0117 BBQ profesionalai Tomas Raesas ir Dorine van Geffen<\/p>\n<\/li>\n<\/ul>\n<p class=\"\" data-start=\"1276\" data-end=\"1343\">\ud83c\udfaf Tinka visiems, kurie vertina paprast\u0105 ir skan\u0173 kepim\u0105 ant groteli\u0173!<\/p>\n<p><strong>Visa tai sudaro ypating\u0105 mi\u0161in\u012f.<\/strong><\/p>\n<p><em><strong>\"Southern Dutch\" yra s\u0117kmingiausia pastar\u0173j\u0173 met\u0173 BBQ komanda Europoje.<\/strong><\/em><\/p>\n<p><img decoding=\"async\" class=\"alignnone size-full wp-image-2012\" src=\"http:\/\/tammetorubbq.ee\/wp-content\/uploads\/2024\/11\/southern-dutch-bbq.svg\" alt=\"Piet\u0173 oland\u0173 BBQ\" \/><\/p>","protected":false},"featured_media":2014,"comment_status":"open","ping_status":"closed","template":"","meta":{"_uf_show_specific_survey":0,"_uf_disable_surveys":false},"pwb-brand":[174],"product_brand":[],"product_cat":[21],"product_tag":[163,118,159,114,122,123,119],"class_list":{"0":"post-2013","1":"product","2":"type-product","3":"status-publish","4":"has-post-thumbnail","6":"pwb-brand-southern-dutch-bbq","7":"product_cat-maitseainesegud","8":"product_tag-kala","9":"product_tag-kanaliha","10":"product_tag-kanatiivad","11":"product_tag-sealiha","12":"product_tag-searibi","13":"product_tag-steik","14":"product_tag-veiseliha","16":"first","17":"instock","18":"taxable","19":"shipping-taxable","20":"purchasable","21":"product-type-simple"},"brands":[{"id":174,"name":"Piet\u0173 oland\u0173 BBQ","slug":"southern-dutch-bbq"}],"_links":{"self":[{"href":"https:\/\/tammetorubbq.ee\/lt\/wp-json\/wp\/v2\/product\/2013","targetHints":{"allow":["GET"]}}],"collection":[{"href":"https:\/\/tammetorubbq.ee\/lt\/wp-json\/wp\/v2\/product"}],"about":[{"href":"https:\/\/tammetorubbq.ee\/lt\/wp-json\/wp\/v2\/types\/product"}],"replies":[{"embeddable":true,"href":"https:\/\/tammetorubbq.ee\/lt\/wp-json\/wp\/v2\/comments?post=2013"}],"wp:featuredmedia":[{"embeddable":true,"href":"https:\/\/tammetorubbq.ee\/lt\/wp-json\/wp\/v2\/media\/2014"}],"wp:attachment":[{"href":"https:\/\/tammetorubbq.ee\/lt\/wp-json\/wp\/v2\/media?parent=2013"}],"wp:term":[{"taxonomy":"pwb-brand","embeddable":true,"href":"https:\/\/tammetorubbq.ee\/lt\/wp-json\/wp\/v2\/pwb-brand?post=2013"},{"taxonomy":"product_brand","embeddable":true,"href":"https:\/\/tammetorubbq.ee\/lt\/wp-json\/wp\/v2\/product_brand?post=2013"},{"taxonomy":"product_cat","embeddable":true,"href":"https:\/\/tammetorubbq.ee\/lt\/wp-json\/wp\/v2\/product_cat?post=2013"},{"taxonomy":"product_tag","embeddable":true,"href":"https:\/\/tammetorubbq.ee\/lt\/wp-json\/wp\/v2\/product_tag?post=2013"}],"curies":[{"name":"wp","href":"https:\/\/api.w.org\/{rel}","templated":true}]}}