{"id":2015,"date":"2024-11-04T15:31:52","date_gmt":"2024-11-04T13:31:52","guid":{"rendered":"https:\/\/tammetorubbq.ee\/?post_type=product&#038;p=2015"},"modified":"2026-04-15T04:00:11","modified_gmt":"2026-04-15T01:00:11","slug":"southern-dutch-bbq-a-pinch-of-heat-rub-275g","status":"publish","type":"product","link":"https:\/\/tammetorubbq.ee\/lt\/produktas\/southern-dutch-bbq-a-pinch-of-heat-rub-275g\/","title":{"rendered":"Southern Dutch BBQ A Pinch of Heat Rub 275g"},"content":{"rendered":"<p><strong>Sudedamosios dalys:<\/strong> Druska, cukranendri\u0173 cukrus, paprika, juodieji pipirai, dar\u017eov\u0117s, skonio stipriklis E621, prieskoniai, maistiniai da\u017eikliai - paprik\u0173 ekstraktas, E551, kvapiosios med\u017eiagos, be glitimo.<\/p>\n<p>&nbsp;<\/p>\n<p><strong>Kes apie piet\u0173 oland\u0173 BBQ<\/strong><\/p>\n<p class=\"\" data-start=\"24\" data-end=\"609\">\"Southern Dutch BBQ\" yra bendras Tomo Raeso ir Dorine van Geffen projektas. \u0160is stiprus tandemas savo kelion\u0119 prad\u0117jo 2012 m. nuo tinklara\u0161\u010dio, kuriame dalijosi su pasauliu savo BBQ nuotykiais. Noras su\u017einoti visk\u0105 apie amerikieti\u0161k\u0105 barbekiu juos atved\u0117 \u012f KCBS (Kansas City Barbeque Society) konkurs\u0105. 2013 m. jie dalyvavo pirmajame konkurse - ir tai tapo l\u016b\u017eio ta\u0161ku. Nuo to laiko jie pasin\u0117r\u0117 \u012f var\u017eyb\u0173 barbekiu pasaul\u012f ir dalyvauja var\u017eybose visame pasaulyje, visada stengdamiesi pateikti geriausi\u0105 ir skaniausi\u0105 pasirinkim\u0105 tiek teis\u0117jams, tiek savo geriems draugams.<\/p>\n<p class=\"\" data-start=\"611\" data-end=\"748\"><em>D\u0117l noro kasdien tobul\u0117ti Tomui ir Dorinei vadovavo vieni geriausi\u0173 JAV BBQ meistr\u0173, tokie kaip Tuffy Stone'as ir Travisas Clarkas.<\/em><\/p>\n<p class=\"\" data-start=\"750\" data-end=\"1093\">\u0160iandien j\u0173 misija - kiekvien\u0105 dien\u0105 gyventi ir kv\u0117puoti BBQ kepsniais, skleisti savo aistr\u0105 ir \u017einias visiems, kurie domisi \u0161ia kult\u016bra, sportu ar tiesiog puikiu maistu. Barbekiu kepimas ir var\u017eybos jiems n\u0117ra tik hobis - tai gyvenimo b\u016bdas. BBQ juos nuved\u0117 ten, kur jie niekada neb\u016bt\u0173 nuvyk\u0119, ir suk\u016br\u0117 draugyst\u0119 visam gyvenimui.<\/p>","protected":false},"excerpt":{"rendered":"<p><span class=\"relative -mx-px my-[-0.2rem] rounded px-px py-[0.2rem] transition-colors duration-100 ease-in-out\">Southern Dutch BBQ &#8220;A Pinch of Heat&#8221; on <strong>mitmek\u00fclgne<\/strong> maitseainesegu, mis lisab lihale <strong>kerge v\u00fcrtsikuse<\/strong> ja <strong>s\u00fcgava maitse<\/strong>.<\/span><\/p>\n<p><span class=\"relative -mx-px my-[-0.2rem] rounded px-px py-[0.2rem] transition-colors duration-100 ease-in-out\">Selle rub&#8217;i loojad Tom Raes jah Dorine van Geffenon kogenud BBQ-v\u00f5istlejad, kes on osalenud v\u00f5istlustel Euroopas ja Ameerikas ning saavutanud mitmeid auhindu.<\/span><\/p>\n<p><span class=\"relative -mx-px my-[-0.2rem] rounded px-px py-[0.2rem] transition-colors duration-100 ease-in-out\">&#8220;A Pinch of Heat&#8221; on loodud sobima erinevate lihadega, sealhulgas veise-, sea- ja kanaliha, pakkudes tasakaalustatud maitset, mis ei ole liiga terav.<\/span><\/p>\n<p>Toimib h\u00e4mmastavalt h\u00e4sti veise- ja sealiha puhul. Kombineeri julgelt <strong><a href=\"https:\/\/tammetorubbq.ee\/toode\/southern-dutch-bbq-a-touch-of-sweet-rub-290g\/\">A Touch of Sweetiga<\/a><\/strong>, et saada m\u00f5lemast &#8220;maailmast&#8221; parim!<\/p>\n<p><em><strong>Southern Dutch on viimaste aastate Euroopa edukaim BBQ v\u00f5istkond.<\/strong><\/em><\/p>\n<p><img decoding=\"async\" class=\"alignnone size-full wp-image-2012\" src=\"http:\/\/tammetorubbq.ee\/wp-content\/uploads\/2024\/11\/southern-dutch-bbq.svg\" alt=\"Southern Dutch BBQ\" \/><\/p>\n","protected":false},"featured_media":2016,"comment_status":"open","ping_status":"closed","template":"","meta":{"_uf_show_specific_survey":0,"_uf_disable_surveys":false},"pwb-brand":[],"product_brand":[],"product_cat":[21],"product_tag":[],"class_list":{"0":"post-2015","1":"product","2":"type-product","3":"status-publish","4":"has-post-thumbnail","6":"product_cat-maitseainesegud","8":"first","9":"instock","10":"taxable","11":"shipping-taxable","12":"purchasable","13":"product-type-simple"},"brands":[],"_links":{"self":[{"href":"https:\/\/tammetorubbq.ee\/lt\/wp-json\/wp\/v2\/product\/2015","targetHints":{"allow":["GET"]}}],"collection":[{"href":"https:\/\/tammetorubbq.ee\/lt\/wp-json\/wp\/v2\/product"}],"about":[{"href":"https:\/\/tammetorubbq.ee\/lt\/wp-json\/wp\/v2\/types\/product"}],"replies":[{"embeddable":true,"href":"https:\/\/tammetorubbq.ee\/lt\/wp-json\/wp\/v2\/comments?post=2015"}],"wp:featuredmedia":[{"embeddable":true,"href":"https:\/\/tammetorubbq.ee\/lt\/wp-json\/wp\/v2\/media\/2016"}],"wp:attachment":[{"href":"https:\/\/tammetorubbq.ee\/lt\/wp-json\/wp\/v2\/media?parent=2015"}],"wp:term":[{"taxonomy":"pwb-brand","embeddable":true,"href":"https:\/\/tammetorubbq.ee\/lt\/wp-json\/wp\/v2\/pwb-brand?post=2015"},{"taxonomy":"product_brand","embeddable":true,"href":"https:\/\/tammetorubbq.ee\/lt\/wp-json\/wp\/v2\/product_brand?post=2015"},{"taxonomy":"product_cat","embeddable":true,"href":"https:\/\/tammetorubbq.ee\/lt\/wp-json\/wp\/v2\/product_cat?post=2015"},{"taxonomy":"product_tag","embeddable":true,"href":"https:\/\/tammetorubbq.ee\/lt\/wp-json\/wp\/v2\/product_tag?post=2015"}],"curies":[{"name":"wp","href":"https:\/\/api.w.org\/{rel}","templated":true}]}}