{"id":2017,"date":"2024-11-04T15:38:47","date_gmt":"2024-11-04T13:38:47","guid":{"rendered":"https:\/\/tammetorubbq.ee\/?post_type=product&#038;p=2017"},"modified":"2026-04-14T22:00:42","modified_gmt":"2026-04-14T19:00:42","slug":"southern-dutch-bbq-all-about-steak-rub-245g","status":"publish","type":"product","link":"https:\/\/tammetorubbq.ee\/lt\/produktas\/southern-dutch-bbq-all-about-steak-rub-245g\/","title":{"rendered":"Southern Dutch BBQ All About Steak Rub 245g"},"content":{"rendered":"<p><strong>Sudedamosios dalys:<\/strong> j\u016bros druska, juodieji pipirai, pipir\u0173 milteliai, kalendros, aitri\u0173j\u0173 paprik\u0173 milteliai, baltieji pipirai, \u010desnakai, svog\u016bnai, E621, koncentruotos citrin\u0173 sultys (maltodekstrinas kaip ne\u0161iklis), nat\u016brali kvapioji med\u017eiaga, prieskoni\u0173 ekstraktas (paprikos), lipnum\u0105 reguliuojanti med\u017eiaga (E551), da\u017eiklis (paprik\u0173 ekstraktas).<\/p>\n<p>&nbsp;<\/p>\n<p><strong>Kes apie piet\u0173 oland\u0173 BBQ<\/strong><\/p>\n<p class=\"\" data-start=\"24\" data-end=\"609\">\"Southern Dutch BBQ\" yra bendras Tomo Raeso ir Dorine van Geffen projektas. \u0160is stiprus tandemas savo kelion\u0119 prad\u0117jo 2012 m. nuo tinklara\u0161\u010dio, kuriame dalijosi su pasauliu savo BBQ nuotykiais. Noras su\u017einoti visk\u0105 apie amerikieti\u0161k\u0105 barbekiu juos atved\u0117 \u012f KCBS (Kansas City Barbeque Society) konkurs\u0105. 2013 m. jie dalyvavo pirmajame konkurse - ir tai tapo l\u016b\u017eio ta\u0161ku. Nuo to laiko jie pasin\u0117r\u0117 \u012f var\u017eyb\u0173 barbekiu pasaul\u012f ir dalyvauja var\u017eybose visame pasaulyje, visada stengdamiesi pateikti geriausi\u0105 ir skaniausi\u0105 pasirinkim\u0105 tiek teis\u0117jams, tiek savo geriems draugams.<\/p>\n<p class=\"\" data-start=\"611\" data-end=\"748\"><em>D\u0117l noro kasdien tobul\u0117ti Tomui ir Dorinei vadovavo vieni geriausi\u0173 JAV BBQ meistr\u0173, tokie kaip Tuffy Stone'as ir Travisas Clarkas.<\/em><\/p>\n<p class=\"\" data-start=\"750\" data-end=\"1093\">\u0160iandien j\u0173 misija - kiekvien\u0105 dien\u0105 gyventi ir kv\u0117puoti BBQ kepsniais, skleisti savo aistr\u0105 ir \u017einias visiems, kurie domisi \u0161ia kult\u016bra, sportu ar tiesiog puikiu maistu. Barbekiu kepimas ir var\u017eybos jiems n\u0117ra tik hobis - tai gyvenimo b\u016bdas. BBQ juos nuved\u0117 ten, kur jie niekada neb\u016bt\u0173 nuvyk\u0119, ir suk\u016br\u0117 draugyst\u0119 visam gyvenimui.<\/p>","protected":false},"excerpt":{"rendered":"<p>Paprasta ir i\u0161radinga - tai SPG (druska, pipirai, \u010desnakas).<\/p>\n<p class=\"\" data-start=\"744\" data-end=\"788\"><strong data-start=\"744\" data-end=\"788\">\"Southern Dutch BBQ\" \"Viskas apie kepsni\u0173 \u012ftrinim\u0105\"<\/strong><\/p>\n<p class=\"\" data-start=\"790\" data-end=\"1068\">\u0160is trynimas pasako tik vien\u0105 dalyk\u0105: <strong data-start=\"819\" data-end=\"832\">Steig\u0117jas!<\/strong><br data-start=\"832\" data-end=\"835\" \/>\"Viskas apie kepsnius\" buvo specialiai sukurta siekiant pabr\u0117\u017eti geriausias jautienos savybes. Klasikinis juod\u0173j\u0173 pipir\u0173 ir druskos \u012ftrintas kepsnys su tinkamu kiekiu \u010desnak\u0173 ir \u017eoleli\u0173 - puikus skoni\u0173 derinys.<\/p>\n<ul data-start=\"1070\" data-end=\"1247\">\n<li class=\"\" data-start=\"1070\" data-end=\"1121\">\n<p class=\"\" data-start=\"1072\" data-end=\"1121\">Klasikinis kepsni\u0173 \u012ftrinimas tikriems m\u0117sos m\u0117g\u0117jams<\/p>\n<\/li>\n<li class=\"\" data-start=\"1122\" data-end=\"1186\">\n<p class=\"\" data-start=\"1124\" data-end=\"1186\">Subalansuotas s\u016brumas ir pipir\u0173 skonis, kuris i\u0161ry\u0161kina, o ne paslepia nat\u016bral\u0173 m\u0117sos skon\u012f.<\/p>\n<\/li>\n<li class=\"\" data-start=\"1187\" data-end=\"1247\">\n<p class=\"\" data-start=\"1189\" data-end=\"1247\">Tinka jautienai, m\u0117sainiams ir BBQ \u0161onkauliukams.<\/p>\n<\/li>\n<\/ul>\n<p class=\"\" data-start=\"1249\" data-end=\"1314\">\ud83c\udfaf Sukurtas geriausi\u0173 BBQ \u0161ef\u0173.<\/p>\n<p><em><strong>\"Southern Dutch\" yra s\u0117kmingiausia pastar\u0173j\u0173 met\u0173 BBQ komanda Europoje.<\/strong><\/em><\/p>\n<p><img decoding=\"async\" class=\"alignnone size-full wp-image-2012\" src=\"http:\/\/tammetorubbq.ee\/wp-content\/uploads\/2024\/11\/southern-dutch-bbq.svg\" alt=\"Piet\u0173 oland\u0173 BBQ\" \/><\/p>","protected":false},"featured_media":2018,"comment_status":"open","ping_status":"closed","template":"","meta":{"_uf_show_specific_survey":0,"_uf_disable_surveys":false},"pwb-brand":[174],"product_brand":[],"product_cat":[21],"product_tag":[138,123,119,165],"class_list":{"0":"post-2017","1":"product","2":"type-product","3":"status-publish","4":"has-post-thumbnail","6":"pwb-brand-southern-dutch-bbq","7":"product_cat-maitseainesegud","8":"product_tag-burger","9":"product_tag-steik","10":"product_tag-veiseliha","11":"product_tag-veiseribi","13":"first","14":"instock","15":"taxable","16":"shipping-taxable","17":"purchasable","18":"product-type-simple"},"brands":[{"id":174,"name":"Piet\u0173 oland\u0173 BBQ","slug":"southern-dutch-bbq"}],"_links":{"self":[{"href":"https:\/\/tammetorubbq.ee\/lt\/wp-json\/wp\/v2\/product\/2017","targetHints":{"allow":["GET"]}}],"collection":[{"href":"https:\/\/tammetorubbq.ee\/lt\/wp-json\/wp\/v2\/product"}],"about":[{"href":"https:\/\/tammetorubbq.ee\/lt\/wp-json\/wp\/v2\/types\/product"}],"replies":[{"embeddable":true,"href":"https:\/\/tammetorubbq.ee\/lt\/wp-json\/wp\/v2\/comments?post=2017"}],"wp:featuredmedia":[{"embeddable":true,"href":"https:\/\/tammetorubbq.ee\/lt\/wp-json\/wp\/v2\/media\/2018"}],"wp:attachment":[{"href":"https:\/\/tammetorubbq.ee\/lt\/wp-json\/wp\/v2\/media?parent=2017"}],"wp:term":[{"taxonomy":"pwb-brand","embeddable":true,"href":"https:\/\/tammetorubbq.ee\/lt\/wp-json\/wp\/v2\/pwb-brand?post=2017"},{"taxonomy":"product_brand","embeddable":true,"href":"https:\/\/tammetorubbq.ee\/lt\/wp-json\/wp\/v2\/product_brand?post=2017"},{"taxonomy":"product_cat","embeddable":true,"href":"https:\/\/tammetorubbq.ee\/lt\/wp-json\/wp\/v2\/product_cat?post=2017"},{"taxonomy":"product_tag","embeddable":true,"href":"https:\/\/tammetorubbq.ee\/lt\/wp-json\/wp\/v2\/product_tag?post=2017"}],"curies":[{"name":"wp","href":"https:\/\/api.w.org\/{rel}","templated":true}]}}