{"id":2020,"date":"2024-11-04T16:02:39","date_gmt":"2024-11-04T14:02:39","guid":{"rendered":"https:\/\/tammetorubbq.ee\/?post_type=product&#038;p=2020"},"modified":"2026-04-29T22:00:38","modified_gmt":"2026-04-29T19:00:38","slug":"suncity-bbq-vidurzemio-juros-regiono-darzoviu-grilio-itrinti-280g","status":"publish","type":"product","link":"https:\/\/tammetorubbq.ee\/lt\/toode\/suncity-bbq-mediterranean-vegetable-grill-rub-280g\/","title":{"rendered":"SunCity BBQ Vidur\u017eemio j\u016bros regiono dar\u017eovi\u0173 grilio \u012ftrinimas 280g"},"content":{"rendered":"<p><strong>Sudedamosios dalys:<\/strong> druska, rudasis cukrus, \u010desnako granul\u0117s, smulkintas svog\u016bnas, malti \u010diobreliai, malti bazilikai, prieskoniai.<\/p>\n<p>&nbsp;<\/p>","protected":false},"excerpt":{"rendered":"<p data-start=\"86\" data-end=\"185\"><strong data-start=\"86\" data-end=\"185\">Vidur\u017eemio j\u016bros regiono dar\u017eovi\u0173 prieskoni\u0173 mi\u0161inys.<\/strong><\/p>\n<p data-start=\"187\" data-end=\"486\">Suteikite savo kepsniams saul\u0117t\u0105 Vidur\u017eemio j\u016bros regiono skon\u012f su \"SunCity BBQ Mediterranean Vegetable Grill Rub\"! \u0160iame kruop\u0161\u010diai subalansuotame prieskoni\u0173 mi\u0161inyje derinamos aromatingos Vidur\u017eemio j\u016bros regiono \u017eolel\u0117s, \u010desnakai, svog\u016bnai ir prieskoniai, kad i\u0161ry\u0161k\u0117t\u0173 nat\u016bralus dar\u017eovi\u0173 skonis ir jos \u012fgaut\u0173 ypating\u0105 d\u016bmo atspalv\u012f.<\/p>\n<p data-start=\"488\" data-end=\"659\">Puikiai tinka kepti cukinijas, paprikas, grybus, bakla\u017eanus ir kitas dar\u017eoves. Taip pat puikiai tinka kepti orkait\u0117je arba keptuv\u0117je.<\/p>\n<p data-start=\"488\" data-end=\"659\"><strong data-start=\"48\" data-end=\"60\">Pro tip 1: <\/strong>1-2 arbatinius \u0161auk\u0161telius mi\u0161inio sumai\u0161ykite su alyvuogi\u0173 aliejumi ir juo aptepkite dar\u017eoves prie\u0161 kepant ant groteli\u0173 arba kepant. Taip pat galima naudoti kaip saus\u0105 marinat\u0105.<\/p>\n<p data-start=\"488\" data-end=\"659\"><strong data-start=\"48\" data-end=\"60\">Pro tip 2: <\/strong>Sumai\u0161ykite su jogurtu arba grietine, kad pasigamintum\u0117te greit\u0105 ir skan\u0173 pada\u017e\u0105 prie kept\u0173 dar\u017eovi\u0173 - puikus vasaros garnyras!<\/p>\n<p>&nbsp;<\/p>\n<p><img loading=\"lazy\" decoding=\"async\" class=\"wp-image-2024\" src=\"http:\/\/tammetorubbq.ee\/wp-content\/uploads\/2024\/11\/SunCity-BBQ-logo-1-300x251.png\" alt=\"SunCity BBQ logotipas\" width=\"149\" height=\"125\" srcset=\"https:\/\/tammetorubbq.ee\/wp-content\/uploads\/2024\/11\/SunCity-BBQ-logo-1-300x251.png 300w, https:\/\/tammetorubbq.ee\/wp-content\/uploads\/2024\/11\/SunCity-BBQ-logo-1-768x644.png 768w, https:\/\/tammetorubbq.ee\/wp-content\/uploads\/2024\/11\/SunCity-BBQ-logo-1-14x12.png 14w, https:\/\/tammetorubbq.ee\/wp-content\/uploads\/2024\/11\/SunCity-BBQ-logo-1-600x503.png 600w, https:\/\/tammetorubbq.ee\/wp-content\/uploads\/2024\/11\/SunCity-BBQ-logo-1-64x54.png 64w, https:\/\/tammetorubbq.ee\/wp-content\/uploads\/2024\/11\/SunCity-BBQ-logo-1.png 940w\" sizes=\"auto, (max-width: 149px) 100vw, 149px\" \/><\/p>","protected":false},"featured_media":2021,"comment_status":"open","ping_status":"closed","template":"","meta":{"_uf_show_specific_survey":0,"_uf_disable_surveys":false},"pwb-brand":[180],"product_brand":[],"product_cat":[21],"product_tag":[179,121],"class_list":{"0":"post-2020","1":"product","2":"type-product","3":"status-publish","4":"has-post-thumbnail","6":"pwb-brand-suncity-bbq","7":"product_cat-maitseainesegud","8":"product_tag-friikartul","9":"product_tag-koogiviljad","11":"first","12":"instock","13":"taxable","14":"shipping-taxable","15":"purchasable","16":"product-type-simple"},"brands":[{"id":180,"name":"SunCity BBQ","slug":"suncity-bbq"}],"_links":{"self":[{"href":"https:\/\/tammetorubbq.ee\/lt\/wp-json\/wp\/v2\/product\/2020","targetHints":{"allow":["GET"]}}],"collection":[{"href":"https:\/\/tammetorubbq.ee\/lt\/wp-json\/wp\/v2\/product"}],"about":[{"href":"https:\/\/tammetorubbq.ee\/lt\/wp-json\/wp\/v2\/types\/product"}],"replies":[{"embeddable":true,"href":"https:\/\/tammetorubbq.ee\/lt\/wp-json\/wp\/v2\/comments?post=2020"}],"wp:featuredmedia":[{"embeddable":true,"href":"https:\/\/tammetorubbq.ee\/lt\/wp-json\/wp\/v2\/media\/2021"}],"wp:attachment":[{"href":"https:\/\/tammetorubbq.ee\/lt\/wp-json\/wp\/v2\/media?parent=2020"}],"wp:term":[{"taxonomy":"pwb-brand","embeddable":true,"href":"https:\/\/tammetorubbq.ee\/lt\/wp-json\/wp\/v2\/pwb-brand?post=2020"},{"taxonomy":"product_brand","embeddable":true,"href":"https:\/\/tammetorubbq.ee\/lt\/wp-json\/wp\/v2\/product_brand?post=2020"},{"taxonomy":"product_cat","embeddable":true,"href":"https:\/\/tammetorubbq.ee\/lt\/wp-json\/wp\/v2\/product_cat?post=2020"},{"taxonomy":"product_tag","embeddable":true,"href":"https:\/\/tammetorubbq.ee\/lt\/wp-json\/wp\/v2\/product_tag?post=2020"}],"curies":[{"name":"wp","href":"https:\/\/api.w.org\/{rel}","templated":true}]}}