{"id":2030,"date":"2024-11-05T12:40:17","date_gmt":"2024-11-05T10:40:17","guid":{"rendered":"https:\/\/tammetorubbq.ee\/?post_type=product&#038;p=2030"},"modified":"2026-04-05T20:01:33","modified_gmt":"2026-04-05T17:01:33","slug":"tuffy-stone-astrus-bbq-padazas-560g","status":"publish","type":"product","link":"https:\/\/tammetorubbq.ee\/lt\/produktas\/tuffy-stone-astrus-bbq-padazas-560g\/","title":{"rendered":"\"Tuffy Stone\" a\u0161trus BBQ pada\u017eas 560g"},"content":{"rendered":"<p><strong>Sudedamosios dalys:<\/strong> pomidorai, \u010desnakai, r\u016bkyta paprika, kmynai, melasa, chipotle.<\/p>","protected":false},"excerpt":{"rendered":"<p>\"Tuffy Stone\" grilio pasaulyje dirba labai, labai ilgai. Did\u017ei\u0105j\u0105 savo BBQ karjeros dal\u012f jis dalyvavo var\u017eybose, ir tai yra visi \u012fmanomi pasaulio \u010dempion\u0173 titulai. Jis vis\u0105 laik\u0105 var\u017e\u0117si kartu su savo t\u0117vu, ta\u010diau pastarajam mirus, Tuffy taip pat pasitrauk\u0117 i\u0161 aktyvi\u0173 var\u017eyb\u0173. Vietoj to jis \u0117m\u0117 mokyti BBQ meno tiesiogiai ir savo \"YouTube\" kanale. Tuffy taip pat vadinamas Profesoriumi, nes sugeba paimti tai, kas da\u017enai atrodo paprasta, ir paversti ne\u012ftik\u0117tinai sud\u0117tinga, o kiekviena smulkmena tampa visi\u0161kai beproti\u0161ka. Ta\u010diau pa\u017evelgus \u012f jo var\u017eyb\u0173 rezultatus, nekyla abejoni\u0173, kad kartais tokiam kruop\u0161tumui yra pagrindo.<\/p>\n<p>\u0160iais metais \"Tuffy\" pasi\u016bl\u0117 nauj\u0105 prieskoni\u0173 ir pada\u017e\u0173 asortiment\u0105. A\u0161tr\u016bs yra tokie, kaip ir rodo pavadinimas - jie u\u017edega burn\u0105. Tai a\u0161tri originalaus pada\u017eo versija.<\/p>\n<p>Prieskoniai ir dar daugiau prieskoni\u0173. Juo pagardinkite vis\u0105 m\u0117s\u0105.<\/p>\n<p>Juo pagardinkite kitus sald\u017eius pada\u017eus.<\/p>\n<p><img loading=\"lazy\" decoding=\"async\" class=\"wp-image-2029\" src=\"http:\/\/tammetorubbq.ee\/wp-content\/uploads\/2024\/11\/Tuffy-Stone-Logo-300x300.webp\" alt=\"&quot;Tuffy Stone&quot; logotipas\" width=\"171\" height=\"171\" srcset=\"https:\/\/tammetorubbq.ee\/wp-content\/uploads\/2024\/11\/Tuffy-Stone-Logo-300x300.webp 300w, https:\/\/tammetorubbq.ee\/wp-content\/uploads\/2024\/11\/Tuffy-Stone-Logo-150x150.webp 150w, https:\/\/tammetorubbq.ee\/wp-content\/uploads\/2024\/11\/Tuffy-Stone-Logo-768x768.webp 768w, https:\/\/tammetorubbq.ee\/wp-content\/uploads\/2024\/11\/Tuffy-Stone-Logo-12x12.webp 12w, https:\/\/tammetorubbq.ee\/wp-content\/uploads\/2024\/11\/Tuffy-Stone-Logo-600x600.webp 600w, https:\/\/tammetorubbq.ee\/wp-content\/uploads\/2024\/11\/Tuffy-Stone-Logo-64x64.webp 64w, https:\/\/tammetorubbq.ee\/wp-content\/uploads\/2024\/11\/Tuffy-Stone-Logo.webp 1000w\" sizes=\"auto, (max-width: 171px) 100vw, 171px\" \/><\/p>","protected":false},"featured_media":2031,"comment_status":"open","ping_status":"closed","template":"","meta":{"_uf_show_specific_survey":0,"_uf_disable_surveys":false},"pwb-brand":[],"product_brand":[],"product_cat":[22],"product_tag":[],"class_list":{"0":"post-2030","1":"product","2":"type-product","3":"status-publish","4":"has-post-thumbnail","6":"product_cat-kastmed-ja-marinaadid","8":"first","9":"outofstock","10":"taxable","11":"shipping-taxable","12":"purchasable","13":"product-type-simple"},"brands":[],"_links":{"self":[{"href":"https:\/\/tammetorubbq.ee\/lt\/wp-json\/wp\/v2\/product\/2030","targetHints":{"allow":["GET"]}}],"collection":[{"href":"https:\/\/tammetorubbq.ee\/lt\/wp-json\/wp\/v2\/product"}],"about":[{"href":"https:\/\/tammetorubbq.ee\/lt\/wp-json\/wp\/v2\/types\/product"}],"replies":[{"embeddable":true,"href":"https:\/\/tammetorubbq.ee\/lt\/wp-json\/wp\/v2\/comments?post=2030"}],"wp:featuredmedia":[{"embeddable":true,"href":"https:\/\/tammetorubbq.ee\/lt\/wp-json\/wp\/v2\/media\/2031"}],"wp:attachment":[{"href":"https:\/\/tammetorubbq.ee\/lt\/wp-json\/wp\/v2\/media?parent=2030"}],"wp:term":[{"taxonomy":"pwb-brand","embeddable":true,"href":"https:\/\/tammetorubbq.ee\/lt\/wp-json\/wp\/v2\/pwb-brand?post=2030"},{"taxonomy":"product_brand","embeddable":true,"href":"https:\/\/tammetorubbq.ee\/lt\/wp-json\/wp\/v2\/product_brand?post=2030"},{"taxonomy":"product_cat","embeddable":true,"href":"https:\/\/tammetorubbq.ee\/lt\/wp-json\/wp\/v2\/product_cat?post=2030"},{"taxonomy":"product_tag","embeddable":true,"href":"https:\/\/tammetorubbq.ee\/lt\/wp-json\/wp\/v2\/product_tag?post=2030"}],"curies":[{"name":"wp","href":"https:\/\/api.w.org\/{rel}","templated":true}]}}