{"id":2032,"date":"2024-11-05T13:20:25","date_gmt":"2024-11-05T11:20:25","guid":{"rendered":"https:\/\/tammetorubbq.ee\/?post_type=product&#038;p=2032"},"modified":"2026-04-05T06:00:07","modified_gmt":"2026-04-05T03:00:07","slug":"bad-byrons-butt-rub-competition-bbq-pasta-396g","status":"publish","type":"product","link":"https:\/\/tammetorubbq.ee\/lt\/produktas\/bad-byrons-butt-rub-competition-bbq-pasta-396g\/","title":{"rendered":"Bad Byron's Butt Rub Competition BBQ pada\u017eas 396g"},"content":{"rendered":"<p><strong>Sudedamosios dalys:<\/strong> ke\u010dupas, grynas konservuotas sirupas, obuoli\u0173 sidro actas, vanduo, Vor\u010dester\u0161yro pada\u017eas, vy\u0161nios, grynas cukranendri\u0173 cukrus, \u010desnakin\u0117 druska, nemodifikuotas kukur\u016bz\u0173 krakmolas, Bad Byron Buttrub [svog\u016bnai, \u010desnakai, druska, pipirai, paprika, chipotle (r\u016bkyti jalapeno), druska, juodieji pipirai, \u010desnak\u0173 milteliai, svog\u016bn\u0173 milteliai.<\/p>","protected":false},"excerpt":{"rendered":"<p>Nuo 1997 m. \"Bad Byron Butt Rub\" barbekiu prieskoni\u0173 populiarumas ir augimas labai i\u0161augo. Dabar m\u0117gaukit\u0117s jo palydovu - barbekiu pada\u017eu.<\/p>\n<p>Tai labai klasikinis BBQ pada\u017eas. Prisiminkite m\u016bs\u0173 recepto vaizdo \u012fra\u0161\u0105, kuriame Sanderis gamino laim\u0117jusi\u0105 \u017euv\u012f - pabandykite ten pada\u017e\u0105 pakeisti Byrono pada\u017eu.<\/p>\n<p>&nbsp;<\/p>\n<p><img loading=\"lazy\" decoding=\"async\" class=\"alignnone  wp-image-645\" src=\"http:\/\/tammetorubbq.ee\/wp-content\/uploads\/2023\/11\/Bad-B-300x300.png\" alt=\"buttrublogo\" width=\"168\" height=\"168\" srcset=\"https:\/\/tammetorubbq.ee\/wp-content\/uploads\/2023\/11\/Bad-B-300x300.png 300w, https:\/\/tammetorubbq.ee\/wp-content\/uploads\/2023\/11\/Bad-B-150x150.png 150w, https:\/\/tammetorubbq.ee\/wp-content\/uploads\/2023\/11\/Bad-B-768x768.png 768w, https:\/\/tammetorubbq.ee\/wp-content\/uploads\/2023\/11\/Bad-B-12x12.png 12w, https:\/\/tammetorubbq.ee\/wp-content\/uploads\/2023\/11\/Bad-B-600x600.png 600w, https:\/\/tammetorubbq.ee\/wp-content\/uploads\/2023\/11\/Bad-B-64x64.png 64w, https:\/\/tammetorubbq.ee\/wp-content\/uploads\/2023\/11\/Bad-B.png 1000w\" sizes=\"auto, (max-width: 168px) 100vw, 168px\" \/><\/p>","protected":false},"featured_media":2033,"comment_status":"open","ping_status":"closed","template":"","meta":{"_uf_show_specific_survey":0,"_uf_disable_surveys":false},"pwb-brand":[],"product_brand":[],"product_cat":[22],"product_tag":[],"class_list":{"0":"post-2032","1":"product","2":"type-product","3":"status-publish","4":"has-post-thumbnail","6":"product_cat-kastmed-ja-marinaadid","8":"first","9":"instock","10":"taxable","11":"shipping-taxable","12":"purchasable","13":"product-type-simple"},"brands":[],"_links":{"self":[{"href":"https:\/\/tammetorubbq.ee\/lt\/wp-json\/wp\/v2\/product\/2032","targetHints":{"allow":["GET"]}}],"collection":[{"href":"https:\/\/tammetorubbq.ee\/lt\/wp-json\/wp\/v2\/product"}],"about":[{"href":"https:\/\/tammetorubbq.ee\/lt\/wp-json\/wp\/v2\/types\/product"}],"replies":[{"embeddable":true,"href":"https:\/\/tammetorubbq.ee\/lt\/wp-json\/wp\/v2\/comments?post=2032"}],"wp:featuredmedia":[{"embeddable":true,"href":"https:\/\/tammetorubbq.ee\/lt\/wp-json\/wp\/v2\/media\/2033"}],"wp:attachment":[{"href":"https:\/\/tammetorubbq.ee\/lt\/wp-json\/wp\/v2\/media?parent=2032"}],"wp:term":[{"taxonomy":"pwb-brand","embeddable":true,"href":"https:\/\/tammetorubbq.ee\/lt\/wp-json\/wp\/v2\/pwb-brand?post=2032"},{"taxonomy":"product_brand","embeddable":true,"href":"https:\/\/tammetorubbq.ee\/lt\/wp-json\/wp\/v2\/product_brand?post=2032"},{"taxonomy":"product_cat","embeddable":true,"href":"https:\/\/tammetorubbq.ee\/lt\/wp-json\/wp\/v2\/product_cat?post=2032"},{"taxonomy":"product_tag","embeddable":true,"href":"https:\/\/tammetorubbq.ee\/lt\/wp-json\/wp\/v2\/product_tag?post=2032"}],"curies":[{"name":"wp","href":"https:\/\/api.w.org\/{rel}","templated":true}]}}