{"id":2037,"date":"2024-11-05T13:40:42","date_gmt":"2024-11-05T11:40:42","guid":{"rendered":"https:\/\/tammetorubbq.ee\/?post_type=product&#038;p=2037"},"modified":"2026-05-07T19:00:13","modified_gmt":"2026-05-07T16:00:13","slug":"heath-riles-saldus-bbq-padazas-473g","status":"publish","type":"product","link":"https:\/\/tammetorubbq.ee\/lt\/toode\/heath-riles-sweet-bbq-kaste-473g\/","title":{"rendered":"Heath Riles Saldus BBQ pada\u017eas 473g"},"content":{"rendered":"<p><strong>Sudedamosios dalys:<\/strong> rudasis cukrus; ke\u010dupas (pomidorai, didelio fruktoz\u0117s kiekio kukur\u016bz\u0173 sirupas, kukur\u016bz\u0173 sirupas,<br \/>\nsvog\u016bn\u0173 milteliai, nat\u016bral\u016bs prieskoniai); vanduo; medus; garsty\u010dios (garsty\u010di\u0173 s\u0117klos, ciber\u017eol\u0117, paprika,<br \/>\n\u010desnak\u0173 milteliai); distiliuotas actas; Vor\u010dester\u0161yro pada\u017eas (melasa, obuoli\u0173 r\u016bg\u0161tis, citrin\u0173 r\u016bg\u0161tis,<br \/>\ndekstroz\u0117, celiulioz\u0117s derva, nat\u016brali d\u016bm\u0173 kvapioji med\u017eiaga); druska; modifikuotas kukur\u016bz\u0173 krakmolas; prieskoniai;<br \/>\nd\u017eiovinti \u010desnakai; d\u017eiovinti svog\u016bnai; citrinos r\u016bg\u0161tis; natrio benzoatas, kalio sorbatas;<br \/>\nksantaankummi.<\/p>","protected":false},"excerpt":{"rendered":"<p>Heathas Rilesas - \u017emogus, laim\u0117j\u0119s daugyb\u0119 titul\u0173 pasaulio \u010dempionato \u017eeberkl\u0173 kategorijoje. Pastaraisiais metais jis i\u0161liko nepralenkiamas. Jis visada tai daro su savo prieskoniais ir pada\u017eais, o jo saldusis BBQ pada\u017eas yra tvirta jo \u0161onkauliuk\u0173 recepto dalis.<\/p>\n<p>Tai vadinamoji. Tai yra pus\u0117 jo pada\u017eo, tod\u0117l j\u012f reikia sumai\u0161yti 50:50 su acto pada\u017eu, kad gautum\u0117te tobul\u0105 glaz\u016br\u0105. Pats savaime tai akivaizd\u017eiai klasikinis saldus BBQ pada\u017eas.<\/p>\n<p>Kad ir kur naudojote BBQ pada\u017e\u0105, i\u0161bandykite Heath Riles pada\u017e\u0105 ir nesigail\u0117site.<\/p>\n<p><img loading=\"lazy\" decoding=\"async\" class=\"wp-image-1567\" src=\"http:\/\/tammetorubbq.ee\/wp-content\/uploads\/2024\/03\/Heath_Riles_logo-300x300.webp\" alt=\"Heath_Riles_logotipas\" width=\"218\" height=\"218\" srcset=\"https:\/\/tammetorubbq.ee\/wp-content\/uploads\/2024\/03\/Heath_Riles_logo-300x300.webp 300w, https:\/\/tammetorubbq.ee\/wp-content\/uploads\/2024\/03\/Heath_Riles_logo-150x150.webp 150w, https:\/\/tammetorubbq.ee\/wp-content\/uploads\/2024\/03\/Heath_Riles_logo-12x12.webp 12w, https:\/\/tammetorubbq.ee\/wp-content\/uploads\/2024\/03\/Heath_Riles_logo-64x64.webp 64w, https:\/\/tammetorubbq.ee\/wp-content\/uploads\/2024\/03\/Heath_Riles_logo.webp 480w\" sizes=\"auto, (max-width: 218px) 100vw, 218px\" \/><\/p>","protected":false},"featured_media":2038,"comment_status":"open","ping_status":"closed","template":"","meta":{"_uf_show_specific_survey":0,"_uf_disable_surveys":false},"pwb-brand":[84],"product_brand":[],"product_cat":[22],"product_tag":[347],"class_list":{"0":"post-2037","1":"product","2":"type-product","3":"status-publish","4":"has-post-thumbnail","6":"pwb-brand-heath-riles","7":"product_cat-kastmed-ja-marinaadid","8":"product_tag-heath-riles","10":"first","11":"outofstock","12":"taxable","13":"shipping-taxable","14":"purchasable","15":"product-type-simple"},"brands":[{"id":84,"name":"Heath Riles","slug":"heath-riles"}],"_links":{"self":[{"href":"https:\/\/tammetorubbq.ee\/lt\/wp-json\/wp\/v2\/product\/2037","targetHints":{"allow":["GET"]}}],"collection":[{"href":"https:\/\/tammetorubbq.ee\/lt\/wp-json\/wp\/v2\/product"}],"about":[{"href":"https:\/\/tammetorubbq.ee\/lt\/wp-json\/wp\/v2\/types\/product"}],"replies":[{"embeddable":true,"href":"https:\/\/tammetorubbq.ee\/lt\/wp-json\/wp\/v2\/comments?post=2037"}],"wp:featuredmedia":[{"embeddable":true,"href":"https:\/\/tammetorubbq.ee\/lt\/wp-json\/wp\/v2\/media\/2038"}],"wp:attachment":[{"href":"https:\/\/tammetorubbq.ee\/lt\/wp-json\/wp\/v2\/media?parent=2037"}],"wp:term":[{"taxonomy":"pwb-brand","embeddable":true,"href":"https:\/\/tammetorubbq.ee\/lt\/wp-json\/wp\/v2\/pwb-brand?post=2037"},{"taxonomy":"product_brand","embeddable":true,"href":"https:\/\/tammetorubbq.ee\/lt\/wp-json\/wp\/v2\/product_brand?post=2037"},{"taxonomy":"product_cat","embeddable":true,"href":"https:\/\/tammetorubbq.ee\/lt\/wp-json\/wp\/v2\/product_cat?post=2037"},{"taxonomy":"product_tag","embeddable":true,"href":"https:\/\/tammetorubbq.ee\/lt\/wp-json\/wp\/v2\/product_tag?post=2037"}],"curies":[{"name":"wp","href":"https:\/\/api.w.org\/{rel}","templated":true}]}}