{"id":2039,"date":"2024-11-05T13:46:13","date_gmt":"2024-11-05T11:46:13","guid":{"rendered":"https:\/\/tammetorubbq.ee\/?post_type=product&#038;p=2039"},"modified":"2026-04-15T05:00:09","modified_gmt":"2026-04-15T02:00:09","slug":"valgyti-galingiausias-medziagas-itrinti-210g","status":"publish","type":"product","link":"https:\/\/tammetorubbq.ee\/lt\/produktas\/valgyti-galingiausias-medziagas-itrinti-210g\/","title":{"rendered":"\"EAT Most Powerful Stuff Rub\" 210g"},"content":{"rendered":"<p><strong>Sudedamosios dalys:<\/strong> druska, cukrus, prieskoniai (\u012fskaitant aitri\u0105sias paprikas ir garsty\u010dias), rudasis cukrus, natrio glutamatas, paprika, d\u017eiovinti \u010desnakai ir svog\u016bnai, \u010desnak\u0173 milteliai.<\/p>","protected":false},"excerpt":{"rendered":"<p>EAT Galingiausi dalykai - \u017emogus, suk\u016br\u0119s \u0161\u012f BBQ trintuv\u0105, yra toks pat kietas kaip Rodas Gr\u0117jus. \u0160iuo metu jis yra KCBS vadovas, bet prie\u0161 tai vadovavo savo komandai \"Pellet Envy\", kuri laim\u0117jo visas svarbiausias var\u017eybas, taip pat i\u0161gars\u0117jo laim\u0117jusi televizijos serial\u0105 \"BBQ Pitmasters\". Rodas nevadina \u0161io \u012ftrinimo galinguoju, su juo reikia elgtis atsargiai, su tinkamu jo kiekiu i\u0161kepsite geriausi\u0105 m\u0117s\u0105 pasaulyje, o nuo per didelio kiekio burnoje suskausta.<\/p>\n<p>EAT Galingiausi dalykai skirti tiems, kurie nori ne tik saldumo, bet ir tikisi malonaus sm\u016bgio ant \"kar\u0161to\" lie\u017euvio. Turite b\u016bti atsarg\u016bs, jei nem\u0117gstate a\u0161tri\u0173 dalyk\u0173.<\/p>\n<p>Pavyzd\u017eiui, \u012ftrinkite juo \u0161onkauliukus arba pirmiausia \u012ftrinkite m\u0117gstam\u0105 m\u0117s\u0105, o paskui j\u0105 \u012ftrinkite \u0161ia mase, kad ji \u012fgaut\u0173 \u0161iek tiek a\u0161tresnio skonio.<\/p>\n<p>&nbsp;<\/p>","protected":false},"featured_media":2040,"comment_status":"open","ping_status":"closed","template":"","meta":{"_uf_show_specific_survey":0,"_uf_disable_surveys":false},"pwb-brand":[],"product_brand":[],"product_cat":[21],"product_tag":[],"class_list":{"0":"post-2039","1":"product","2":"type-product","3":"status-publish","4":"has-post-thumbnail","6":"product_cat-maitseainesegud","8":"first","9":"outofstock","10":"taxable","11":"shipping-taxable","12":"purchasable","13":"product-type-simple"},"brands":[],"_links":{"self":[{"href":"https:\/\/tammetorubbq.ee\/lt\/wp-json\/wp\/v2\/product\/2039","targetHints":{"allow":["GET"]}}],"collection":[{"href":"https:\/\/tammetorubbq.ee\/lt\/wp-json\/wp\/v2\/product"}],"about":[{"href":"https:\/\/tammetorubbq.ee\/lt\/wp-json\/wp\/v2\/types\/product"}],"replies":[{"embeddable":true,"href":"https:\/\/tammetorubbq.ee\/lt\/wp-json\/wp\/v2\/comments?post=2039"}],"wp:featuredmedia":[{"embeddable":true,"href":"https:\/\/tammetorubbq.ee\/lt\/wp-json\/wp\/v2\/media\/2040"}],"wp:attachment":[{"href":"https:\/\/tammetorubbq.ee\/lt\/wp-json\/wp\/v2\/media?parent=2039"}],"wp:term":[{"taxonomy":"pwb-brand","embeddable":true,"href":"https:\/\/tammetorubbq.ee\/lt\/wp-json\/wp\/v2\/pwb-brand?post=2039"},{"taxonomy":"product_brand","embeddable":true,"href":"https:\/\/tammetorubbq.ee\/lt\/wp-json\/wp\/v2\/product_brand?post=2039"},{"taxonomy":"product_cat","embeddable":true,"href":"https:\/\/tammetorubbq.ee\/lt\/wp-json\/wp\/v2\/product_cat?post=2039"},{"taxonomy":"product_tag","embeddable":true,"href":"https:\/\/tammetorubbq.ee\/lt\/wp-json\/wp\/v2\/product_tag?post=2039"}],"curies":[{"name":"wp","href":"https:\/\/api.w.org\/{rel}","templated":true}]}}