{"id":2041,"date":"2024-11-05T13:54:02","date_gmt":"2024-11-05T11:54:02","guid":{"rendered":"https:\/\/tammetorubbq.ee\/?post_type=product&#038;p=2041"},"modified":"2026-04-15T03:00:10","modified_gmt":"2026-04-15T00:00:10","slug":"meat-church-blanco-rub-340g","status":"publish","type":"product","link":"https:\/\/tammetorubbq.ee\/lt\/produktas\/meat-church-blanco-rub-340g\/","title":{"rendered":"Meat Church Blanco Rub 340g"},"content":{"rendered":"<p><strong>Sudedamosios dalys<\/strong>: druska, prieskoniai, dehidratuoti \u010desnakai, dehidratuoti svog\u016bnai, natrio glutamatas, sviesto kvapioji med\u017eiaga (maltodekstrinas, druska, ekologi\u0161kas saul\u0117gr\u0105\u017e\u0173 aliejus, fermentais modifikuotas saul\u0117gr\u0105\u017e\u0173 aliejus, ry\u017ei\u0173 krakmolas, nat\u016bralios kvapiosios med\u017eiagos, tokoferolis \u0161vie\u017eumui palaikyti).<\/p>","protected":false},"excerpt":{"rendered":"<p>M\u0117sos ba\u017eny\u010dios prieskoniai Estijoje yra gana populiar\u016bs, o \"Blanco\" yra labai paklausus Matto prieskoni\u0173 linijos t\u0119sinys ir m\u016bs\u0173 pasirinkimas. \u0160is pikanti\u0161kas prieskoni\u0173 mi\u0161inys vis\u0173 pirma skirtas kepsniams, taip sako Matt ant stiklainio, ir i\u0161 ties\u0173 taip ir yra.<\/p>\n<p>Neapsigaukite d\u0117l pavadinimo \"Blanco\", jis n\u0117ra toks baltas, jame vis tiek yra pipir\u0173.<\/p>\n<p>Kepsnys, kepsnys ir, jei suprantate s\u016brum\u0105, visi kiti kasdieniai dalykai. Reikia mok\u0117ti dozuoti.<\/p>\n<p>&nbsp;<\/p>\n<p><img loading=\"lazy\" decoding=\"async\" class=\"wp-image-1702\" src=\"http:\/\/www.tammetorubbq.ee\/wp-content\/uploads\/2024\/02\/Meat-Church-logo-300x300.webp\" alt=\"M\u0117sos ba\u017eny\u010dios logotipas\" width=\"201\" height=\"201\" \/><\/p>","protected":false},"featured_media":2042,"comment_status":"open","ping_status":"closed","template":"","meta":{"_uf_show_specific_survey":0,"_uf_disable_surveys":false},"pwb-brand":[96],"product_brand":[],"product_cat":[21],"product_tag":[],"class_list":{"0":"post-2041","1":"product","2":"type-product","3":"status-publish","4":"has-post-thumbnail","6":"pwb-brand-meat-church","7":"product_cat-maitseainesegud","9":"first","10":"outofstock","11":"taxable","12":"shipping-taxable","13":"purchasable","14":"product-type-simple"},"brands":[{"id":96,"name":"M\u0117sos ba\u017eny\u010dia","slug":"meat-church"}],"_links":{"self":[{"href":"https:\/\/tammetorubbq.ee\/lt\/wp-json\/wp\/v2\/product\/2041","targetHints":{"allow":["GET"]}}],"collection":[{"href":"https:\/\/tammetorubbq.ee\/lt\/wp-json\/wp\/v2\/product"}],"about":[{"href":"https:\/\/tammetorubbq.ee\/lt\/wp-json\/wp\/v2\/types\/product"}],"replies":[{"embeddable":true,"href":"https:\/\/tammetorubbq.ee\/lt\/wp-json\/wp\/v2\/comments?post=2041"}],"wp:featuredmedia":[{"embeddable":true,"href":"https:\/\/tammetorubbq.ee\/lt\/wp-json\/wp\/v2\/media\/2042"}],"wp:attachment":[{"href":"https:\/\/tammetorubbq.ee\/lt\/wp-json\/wp\/v2\/media?parent=2041"}],"wp:term":[{"taxonomy":"pwb-brand","embeddable":true,"href":"https:\/\/tammetorubbq.ee\/lt\/wp-json\/wp\/v2\/pwb-brand?post=2041"},{"taxonomy":"product_brand","embeddable":true,"href":"https:\/\/tammetorubbq.ee\/lt\/wp-json\/wp\/v2\/product_brand?post=2041"},{"taxonomy":"product_cat","embeddable":true,"href":"https:\/\/tammetorubbq.ee\/lt\/wp-json\/wp\/v2\/product_cat?post=2041"},{"taxonomy":"product_tag","embeddable":true,"href":"https:\/\/tammetorubbq.ee\/lt\/wp-json\/wp\/v2\/product_tag?post=2041"}],"curies":[{"name":"wp","href":"https:\/\/api.w.org\/{rel}","templated":true}]}}