{"id":2045,"date":"2024-11-05T14:04:02","date_gmt":"2024-11-05T12:04:02","guid":{"rendered":"https:\/\/tammetorubbq.ee\/?post_type=product&#038;p=2045"},"modified":"2026-04-15T04:00:18","modified_gmt":"2026-04-15T01:00:18","slug":"kosmos-q-originalus-jautienos-krutinines-dalies-kiaulienos-riebalai-453g","status":"publish","type":"product","link":"https:\/\/tammetorubbq.ee\/lt\/produktas\/kosmos-q-originalus-jautienos-krutinines-dalies-kiaulienos-riebalai-453g\/","title":{"rendered":"\"Kosmo's Q Original Beef Brisket\" injekcinis tirpalas 453g"},"content":{"rendered":"<p><strong>Sudedamosios dalys<\/strong>: hidrolizuoti soj\u0173 baltymai (sud\u0117tyje yra druskos), natrio fosfatas (35%), autolizuotos miel\u0117s, dinatrio inozinatas ir dinatrio guanilatas, ksantano derva.<\/p>\n<p>Sud\u0117tyje yra: sojos<\/p>","protected":false},"excerpt":{"rendered":"<p>Tobulai barbekiu kepamai \u0161oninei kepti yra vienas prek\u0117s \u017eenklas, kur\u012f vis daugiau konkurencing\u0173 kepsnini\u0173 meistr\u0173 visame pasaulyje renkasi kaip slapt\u0105 ginkl\u0105, pelnius\u012f apdovanojim\u0105.<\/p>\n<p>Naudodama patentuot\u0105 druskos mi\u0161in\u012f, kuris i\u0161laiko dr\u0117gm\u0119 ir suteikia nat\u016bral\u0173 jautienos skon\u012f, \"Kosmo`s Q\" pakeit\u0117 kepsni\u0173 kepimo b\u016bd\u0105.<\/p>\n<p>&nbsp;<\/p>\n<p><img loading=\"lazy\" decoding=\"async\" class=\"wp-image-1698\" src=\"http:\/\/tammetorubbq.ee\/wp-content\/uploads\/2024\/05\/Kosmos-Q-logo.avif\" alt=\"Kosmo Q\" width=\"144\" height=\"108\" srcset=\"https:\/\/tammetorubbq.ee\/wp-content\/uploads\/2024\/05\/Kosmos-Q-logo.avif 258w, https:\/\/tammetorubbq.ee\/wp-content\/uploads\/2024\/05\/Kosmos-Q-logo-16x12.avif 16w, https:\/\/tammetorubbq.ee\/wp-content\/uploads\/2024\/05\/Kosmos-Q-logo-64x48.avif 64w\" sizes=\"auto, (max-width: 144px) 100vw, 144px\" \/><\/p>","protected":false},"featured_media":2046,"comment_status":"open","ping_status":"closed","template":"","meta":{"_uf_show_specific_survey":0,"_uf_disable_surveys":false},"pwb-brand":[81],"product_brand":[],"product_cat":[22],"product_tag":[],"class_list":{"0":"post-2045","1":"product","2":"type-product","3":"status-publish","4":"has-post-thumbnail","6":"pwb-brand-kosmos-q","7":"product_cat-kastmed-ja-marinaadid","9":"first","10":"instock","11":"taxable","12":"shipping-taxable","13":"purchasable","14":"product-type-simple"},"brands":[{"id":81,"name":"Kosmo's Q","slug":"kosmos-q"}],"_links":{"self":[{"href":"https:\/\/tammetorubbq.ee\/lt\/wp-json\/wp\/v2\/product\/2045","targetHints":{"allow":["GET"]}}],"collection":[{"href":"https:\/\/tammetorubbq.ee\/lt\/wp-json\/wp\/v2\/product"}],"about":[{"href":"https:\/\/tammetorubbq.ee\/lt\/wp-json\/wp\/v2\/types\/product"}],"replies":[{"embeddable":true,"href":"https:\/\/tammetorubbq.ee\/lt\/wp-json\/wp\/v2\/comments?post=2045"}],"wp:featuredmedia":[{"embeddable":true,"href":"https:\/\/tammetorubbq.ee\/lt\/wp-json\/wp\/v2\/media\/2046"}],"wp:attachment":[{"href":"https:\/\/tammetorubbq.ee\/lt\/wp-json\/wp\/v2\/media?parent=2045"}],"wp:term":[{"taxonomy":"pwb-brand","embeddable":true,"href":"https:\/\/tammetorubbq.ee\/lt\/wp-json\/wp\/v2\/pwb-brand?post=2045"},{"taxonomy":"product_brand","embeddable":true,"href":"https:\/\/tammetorubbq.ee\/lt\/wp-json\/wp\/v2\/product_brand?post=2045"},{"taxonomy":"product_cat","embeddable":true,"href":"https:\/\/tammetorubbq.ee\/lt\/wp-json\/wp\/v2\/product_cat?post=2045"},{"taxonomy":"product_tag","embeddable":true,"href":"https:\/\/tammetorubbq.ee\/lt\/wp-json\/wp\/v2\/product_tag?post=2045"}],"curies":[{"name":"wp","href":"https:\/\/api.w.org\/{rel}","templated":true}]}}