{"id":2053,"date":"2024-11-05T15:13:56","date_gmt":"2024-11-05T13:13:56","guid":{"rendered":"https:\/\/tammetorubbq.ee\/?post_type=product&#038;p=2053"},"modified":"2026-04-15T00:00:07","modified_gmt":"2026-04-14T21:00:07","slug":"richard-fergola-sweet-rub-318g","status":"publish","type":"product","link":"https:\/\/tammetorubbq.ee\/lt\/produktas\/richard-fergola-sweet-rub-318g\/","title":{"rendered":"Richard Fergola Sweet Rub 318g"},"content":{"rendered":"<p><strong>Sudedamosios dalys:<\/strong> druska, cukrus, prieskoniai, aitriosios paprikos, maltodekstrinas, paprika, \u010desnakai, svog\u016bnai, rudasis cukrus ir medus, lipnum\u0105 reguliuojan\u010dios med\u017eiagos.<\/p>","protected":false},"excerpt":{"rendered":"<p><strong>Richardas Fergola - \u017emogus, tap\u0119s tikru kokyb\u0117s ir \u017eini\u0173 simboliu BBQ bendruomen\u0117je.<\/strong><\/p>\n<p data-start=\"127\" data-end=\"401\">Sukurtas legendinio pitmasterio Richardo Fergola <strong data-start=\"173\" data-end=\"186\">Saldus trinimas<\/strong> yra tikras skan\u0117stas visiems BBQ m\u0117g\u0117jams. \u0160is saldus ir a\u0161trus skoni\u0173 mi\u0161inys i\u0161ry\u0161kina nat\u016bral\u0173 m\u0117sos sultingum\u0105, puikiai subalansuoja rudojo cukraus, paprikos, \u010desnako ir a\u0161tri\u0173 nat\u0173 derin\u012f.<\/p>\n<p data-start=\"403\" data-end=\"589\">Puikiai tinka \u0161onkauliukams, kiaulienos sprandinei, vi\u0161tienai, sparneliams ir net dar\u017eov\u0117ms pagardinti. <strong data-start=\"484\" data-end=\"504\">Fergolicious BBQ<\/strong> prekinis \u017eenklas \"Rub\" ne kart\u0105 peln\u0117 auk\u0161\u010diausius apdovanojimus JAV barbekiu var\u017eybose.<\/p>\n<p>\u2714\ufe0fMagus ir \u0161iek tiek d\u016bminis profilis.<br data-start=\"626\" data-end=\"629\" \/>\u2714\ufe0f Amerikos BBQ meistr\u0173 pageidavimai<br data-start=\"662\" data-end=\"665\" \/>\u2714\ufe0fSobib r\u016bkymui, kepimui ant groteli\u0173 ir kepimui orkait\u0117je<br data-start=\"724\" data-end=\"727\" \/>\u2714\ufe0fGluteenivaba<\/p>\n<p><strong>\ud83d\udc4c 10\/10 searibile.\u00a0<\/strong><\/p>\n<p data-start=\"743\" data-end=\"879\"><strong data-start=\"743\" data-end=\"755\">\ud83d\udca1Pro patarimas:<\/strong> Prie\u0161 d\u0117dami prieskonius, m\u0117s\u0105 patepkite plonu garsty\u010di\u0173 sluoksniu - tai padeda geriau susigerti \u012ftrinti ir geriau \u012fsiskverbti skoniui!<\/p>\n<p><img loading=\"lazy\" decoding=\"async\" class=\"wp-image-2007\" src=\"http:\/\/tammetorubbq.ee\/wp-content\/uploads\/2024\/11\/Richardfergolabbq-298x300.jpg\" alt=\"Richardfergolabbq\" width=\"189\" height=\"190\" srcset=\"https:\/\/tammetorubbq.ee\/wp-content\/uploads\/2024\/11\/Richardfergolabbq-298x300.jpg 298w, https:\/\/tammetorubbq.ee\/wp-content\/uploads\/2024\/11\/Richardfergolabbq-150x150.jpg 150w, https:\/\/tammetorubbq.ee\/wp-content\/uploads\/2024\/11\/Richardfergolabbq-768x774.jpg 768w, https:\/\/tammetorubbq.ee\/wp-content\/uploads\/2024\/11\/Richardfergolabbq-12x12.jpg 12w, https:\/\/tammetorubbq.ee\/wp-content\/uploads\/2024\/11\/Richardfergolabbq-300x300.jpg 300w, https:\/\/tammetorubbq.ee\/wp-content\/uploads\/2024\/11\/Richardfergolabbq-600x605.jpg 600w, https:\/\/tammetorubbq.ee\/wp-content\/uploads\/2024\/11\/Richardfergolabbq-64x65.jpg 64w, https:\/\/tammetorubbq.ee\/wp-content\/uploads\/2024\/11\/Richardfergolabbq.jpg 952w\" sizes=\"auto, (max-width: 189px) 100vw, 189px\" \/><\/p>\n<p>&nbsp;<\/p>","protected":false},"featured_media":2054,"comment_status":"open","ping_status":"closed","template":"","meta":{"_uf_show_specific_survey":0,"_uf_disable_surveys":false},"pwb-brand":[],"product_brand":[],"product_cat":[21],"product_tag":[],"class_list":{"0":"post-2053","1":"product","2":"type-product","3":"status-publish","4":"has-post-thumbnail","6":"product_cat-maitseainesegud","8":"first","9":"outofstock","10":"taxable","11":"shipping-taxable","12":"purchasable","13":"product-type-simple"},"brands":[],"_links":{"self":[{"href":"https:\/\/tammetorubbq.ee\/lt\/wp-json\/wp\/v2\/product\/2053","targetHints":{"allow":["GET"]}}],"collection":[{"href":"https:\/\/tammetorubbq.ee\/lt\/wp-json\/wp\/v2\/product"}],"about":[{"href":"https:\/\/tammetorubbq.ee\/lt\/wp-json\/wp\/v2\/types\/product"}],"replies":[{"embeddable":true,"href":"https:\/\/tammetorubbq.ee\/lt\/wp-json\/wp\/v2\/comments?post=2053"}],"wp:featuredmedia":[{"embeddable":true,"href":"https:\/\/tammetorubbq.ee\/lt\/wp-json\/wp\/v2\/media\/2054"}],"wp:attachment":[{"href":"https:\/\/tammetorubbq.ee\/lt\/wp-json\/wp\/v2\/media?parent=2053"}],"wp:term":[{"taxonomy":"pwb-brand","embeddable":true,"href":"https:\/\/tammetorubbq.ee\/lt\/wp-json\/wp\/v2\/pwb-brand?post=2053"},{"taxonomy":"product_brand","embeddable":true,"href":"https:\/\/tammetorubbq.ee\/lt\/wp-json\/wp\/v2\/product_brand?post=2053"},{"taxonomy":"product_cat","embeddable":true,"href":"https:\/\/tammetorubbq.ee\/lt\/wp-json\/wp\/v2\/product_cat?post=2053"},{"taxonomy":"product_tag","embeddable":true,"href":"https:\/\/tammetorubbq.ee\/lt\/wp-json\/wp\/v2\/product_tag?post=2053"}],"curies":[{"name":"wp","href":"https:\/\/api.w.org\/{rel}","templated":true}]}}