{"id":2063,"date":"2024-11-06T19:01:11","date_gmt":"2024-11-06T17:01:11","guid":{"rendered":"https:\/\/tammetorubbq.ee\/?post_type=product&#038;p=2063"},"modified":"2026-04-28T11:00:02","modified_gmt":"2026-04-28T08:00:02","slug":"stokes-saldusis-aitriuju-papriku-padazas-320g","status":"publish","type":"product","link":"https:\/\/tammetorubbq.ee\/lt\/toode\/stokes-magus-tsillikaste-320g\/","title":{"rendered":"\"Stokes\" sald\u017ei\u0173j\u0173 aitri\u0173j\u0173 paprik\u0173 pada\u017eas 320g"},"content":{"rendered":"<p><strong>Sudedamosios dalys:<\/strong> cukrus (46%), vanduo, salyklo actas, raudonosios aitriosios paprikos (5%), tir\u0161tiklis: modifikuotas kukur\u016bz\u0173 krakmolas, d\u017eiovinti raudonieji pipirai (2%), raudon\u0173j\u0173 aitri\u0173j\u0173 paprik\u0173 tyr\u0117 (raudonosios aitriosios paprikos, baltojo vyno actas, saul\u0117gr\u0105\u017e\u0173 aliejus, j\u016bros druska, stabilizatorius: guaro derva), svog\u016bnai, j\u016bros druska, pomidor\u0173 tyr\u0117, \u010desnak\u0173 druska, konservantas: sorbo r\u016bg\u0161tis.<\/p>\n<p><strong>Toitev\u00e4\u00e4rtus 100g kohta:<\/strong> energia 947kcal\/223kJ, s\u00fcsivesikud 55g, millest suhkrud 51g, sool 1g.<\/p>\n<div class=\"text-token-text-secondary flex items-center justify-center gap-4 px-4 py-2.5 text-sm whitespace-nowrap\">\n<p data-start=\"0\" data-end=\"18\"><strong data-start=\"0\" data-end=\"16\">S\u00e4ilitamine:\u00a0<\/strong>hoida jahedas kohas, eemal otsesest p\u00e4ikesevalgusest. P\u00e4rast avamist hoida k\u00fclmkapis ja tarbida 6 n\u00e4dala jooksul ning kindlasti enne s\u00e4ilivusaega.<\/p>\n<p data-start=\"0\" data-end=\"18\">\n<h5 data-start=\"0\" data-end=\"18\"><strong data-start=\"35\" data-end=\"84\">Stokes \u2013 aus maitse, ehtsatest koostisosadest!<\/strong><\/h5>\n<\/div>\n<p data-start=\"86\" data-end=\"416\">Stokes on Suurbritannia pereettev\u00f5te, mis on tuntud oma kvaliteetsete kastmete ja maitseainete poolest. Nende toodete keskmes on ehtsad koostisosad, rikkalikud retseptid ja k\u00e4sit\u00f6\u00f6na valminud kvaliteet. Igas purgis ja pudelis on tunda p\u00fchendumust \u2013 olgu tegu ket\u0161upi, majoneesi, BBQ-kastme, chutney, moosi v\u00f5i kreemja m\u00e4dar\u00f5ikaga.<\/p>\n<p data-start=\"418\" data-end=\"702\">Stokes ei kasuta kiirmeetodeid ega l\u00fchendatud teid. Tomatiket\u0161upid sisaldavad rohkem tomateid kui enamik konkurente. Kastmetes on kasutatud ehtsat mett, r\u00f5\u00f5ska koort, v\u00fcrtside naturaalseid ekstrakte ja muid kvaliteetseid komponente, mis loovad tasakaalustatud, puhta ja koduse maitse.<\/p>\n<p data-start=\"704\" data-end=\"908\">Valikust leiab lisaks klassikalistele tomatiket\u0161upitele ka suitsuse chipotle ket\u0161upi, erinevad BBQ-kastmed, t\u00e4idlase majoneesi, mitmed chutney\u2019d, puuviljased moosid ja elegantsed lisandid igap\u00e4evatoidule.<\/p>\n<p data-start=\"1003\" data-end=\"1074\" data-is-only-node=\"\" data-is-last-node=\"\"><strong data-start=\"1003\" data-end=\"1019\">Kilm\u0117s \u0161alis:<\/strong>\u00a0\u00dchendkuningriik<\/p>","protected":false},"excerpt":{"rendered":"<p>Saldus aitri\u0173j\u0173 paprik\u0173 pada\u017eas su raudonosiomis aitriosiomis paprikomis ir paprikomis, kupinas rytieti\u0161ko gyvybingumo.<\/p>\n<p>Saldus ir \u0161varus \u0161io pada\u017eo skonis labai universalus - naudokite j\u012f kaip pada\u017e\u0105, glaj\u0173 ar marinat\u0105.<\/p>\n<p>&nbsp;<\/p>\n<h5 data-start=\"0\" data-end=\"220\">Kui hindad maitset, mis on korraga aus, lihtne ja l\u00e4bim\u00f5eldud, siis Stokes on kindel valik!<\/h5>\n<p><img loading=\"lazy\" decoding=\"async\" class=\"alignnone wp-image-1551\" src=\"http:\/\/tammetorubbq.ee\/wp-content\/uploads\/2023\/12\/stokes-logo-vector-1.png\" alt=\"\" width=\"199\" height=\"110\" srcset=\"https:\/\/tammetorubbq.ee\/wp-content\/uploads\/2023\/12\/stokes-logo-vector-1.png 300w, https:\/\/tammetorubbq.ee\/wp-content\/uploads\/2023\/12\/stokes-logo-vector-1-18x10.png 18w, https:\/\/tammetorubbq.ee\/wp-content\/uploads\/2023\/12\/stokes-logo-vector-1-64x35.png 64w\" sizes=\"auto, (max-width: 199px) 100vw, 199px\" \/><\/p>","protected":false},"featured_media":2064,"comment_status":"open","ping_status":"closed","template":"","meta":{"_uf_show_specific_survey":0,"_uf_disable_surveys":false},"pwb-brand":[89],"product_brand":[],"product_cat":[22],"product_tag":[333],"class_list":{"0":"post-2063","1":"product","2":"type-product","3":"status-publish","4":"has-post-thumbnail","6":"pwb-brand-stokes","7":"product_cat-kastmed-ja-marinaadid","8":"product_tag-stokes","10":"first","11":"outofstock","12":"taxable","13":"shipping-taxable","14":"purchasable","15":"product-type-simple"},"brands":[{"id":89,"name":"Stokes","slug":"stokes"}],"_links":{"self":[{"href":"https:\/\/tammetorubbq.ee\/lt\/wp-json\/wp\/v2\/product\/2063","targetHints":{"allow":["GET"]}}],"collection":[{"href":"https:\/\/tammetorubbq.ee\/lt\/wp-json\/wp\/v2\/product"}],"about":[{"href":"https:\/\/tammetorubbq.ee\/lt\/wp-json\/wp\/v2\/types\/product"}],"replies":[{"embeddable":true,"href":"https:\/\/tammetorubbq.ee\/lt\/wp-json\/wp\/v2\/comments?post=2063"}],"wp:featuredmedia":[{"embeddable":true,"href":"https:\/\/tammetorubbq.ee\/lt\/wp-json\/wp\/v2\/media\/2064"}],"wp:attachment":[{"href":"https:\/\/tammetorubbq.ee\/lt\/wp-json\/wp\/v2\/media?parent=2063"}],"wp:term":[{"taxonomy":"pwb-brand","embeddable":true,"href":"https:\/\/tammetorubbq.ee\/lt\/wp-json\/wp\/v2\/pwb-brand?post=2063"},{"taxonomy":"product_brand","embeddable":true,"href":"https:\/\/tammetorubbq.ee\/lt\/wp-json\/wp\/v2\/product_brand?post=2063"},{"taxonomy":"product_cat","embeddable":true,"href":"https:\/\/tammetorubbq.ee\/lt\/wp-json\/wp\/v2\/product_cat?post=2063"},{"taxonomy":"product_tag","embeddable":true,"href":"https:\/\/tammetorubbq.ee\/lt\/wp-json\/wp\/v2\/product_tag?post=2063"}],"curies":[{"name":"wp","href":"https:\/\/api.w.org\/{rel}","templated":true}]}}