{"id":2067,"date":"2024-11-06T19:22:23","date_gmt":"2024-11-06T17:22:23","guid":{"rendered":"https:\/\/tammetorubbq.ee\/?post_type=product&#038;p=2067"},"modified":"2026-04-15T00:00:16","modified_gmt":"2026-04-14T21:00:16","slug":"stokes-sidras-ir-madaroikos-garstycios-185g","status":"publish","type":"product","link":"https:\/\/tammetorubbq.ee\/lt\/produktas\/stokes-sidras-ir-madaroikos-garstycios-185g\/","title":{"rendered":"\"Stokes\" sidro ir krien\u0173 pilno gr\u016bdo garsty\u010dios 185g"},"content":{"rendered":"<p><strong>Sudedamosios dalys:<\/strong> Actas (21%), vanduo, gelsvas <strong>garsty\u010di\u0173 s\u0117klos<\/strong>\u00a0(16%), rudos spalvos\u00a0<strong>garsty\u010di\u0173 s\u0117klos<\/strong>\u00a0(14%), angli\u0161kas sidras (11%), (<strong>sulfit\u0173<\/strong>), cukrus, krien\u0173 milteliai (6%), j\u016bros druska.<\/p>\n<p>100 g produkto maistin\u0117 vert\u0117: energin\u0117 vert\u0117 937 kcal\/223 kJ, riebal\u0173 1,1 g, i\u0161 j\u0173 so\u010di\u0173j\u0173 riebal\u0173 0,6 g, angliavandeni\u0173 22 g, i\u0161 j\u0173 cukr\u0173 14 g, baltym\u0173 8,2 g, druskos 2,5 g.<\/p>\n<p>&nbsp;<\/p>\n<p>&nbsp;<\/p>","protected":false},"excerpt":{"rendered":"<p>Garsty\u010dios gaminamos i\u0161 sidro acto, angli\u0161ko nat\u016bralaus sidro, krien\u0173 ir gelton\u0173j\u0173 bei juod\u0173j\u0173 garsty\u010di\u0173 s\u0117kl\u0173 mi\u0161inio.<\/p>\n<p>Pagamintas i\u0161 tikro sidro ir krien\u0173. \u012esp\u016bdingas ir gardus daugiasluoksnis skonis.<\/p>\n<p>Unikalus ingredient\u0173 derinys, kur\u012f verta i\u0161bandyti ir kuris patiekalams suteikia malonaus skonio ir aromato.<\/p>\n<p>&nbsp;<\/p>\n<p>STOKES - auk\u0161\u010diausios kokyb\u0117s pada\u017eai, ke\u010dupai, garsty\u010dios i\u0161 Anglijos.<\/p>\n<p><img loading=\"lazy\" decoding=\"async\" class=\"alignnone wp-image-1551\" src=\"http:\/\/tammetorubbq.ee\/wp-content\/uploads\/2023\/12\/stokes-logo-vector-1.png\" alt=\"\" width=\"173\" height=\"96\" srcset=\"https:\/\/tammetorubbq.ee\/wp-content\/uploads\/2023\/12\/stokes-logo-vector-1.png 300w, https:\/\/tammetorubbq.ee\/wp-content\/uploads\/2023\/12\/stokes-logo-vector-1-18x10.png 18w, https:\/\/tammetorubbq.ee\/wp-content\/uploads\/2023\/12\/stokes-logo-vector-1-64x35.png 64w\" sizes=\"auto, (max-width: 173px) 100vw, 173px\" \/><\/p>","protected":false},"featured_media":2068,"comment_status":"open","ping_status":"closed","template":"","meta":{"_uf_show_specific_survey":0,"_uf_disable_surveys":false},"pwb-brand":[89],"product_brand":[],"product_cat":[22],"product_tag":[],"class_list":{"0":"post-2067","1":"product","2":"type-product","3":"status-publish","4":"has-post-thumbnail","6":"pwb-brand-stokes","7":"product_cat-kastmed-ja-marinaadid","9":"first","10":"outofstock","11":"taxable","12":"shipping-taxable","13":"purchasable","14":"product-type-simple"},"brands":[{"id":89,"name":"Stokes","slug":"stokes"}],"_links":{"self":[{"href":"https:\/\/tammetorubbq.ee\/lt\/wp-json\/wp\/v2\/product\/2067","targetHints":{"allow":["GET"]}}],"collection":[{"href":"https:\/\/tammetorubbq.ee\/lt\/wp-json\/wp\/v2\/product"}],"about":[{"href":"https:\/\/tammetorubbq.ee\/lt\/wp-json\/wp\/v2\/types\/product"}],"replies":[{"embeddable":true,"href":"https:\/\/tammetorubbq.ee\/lt\/wp-json\/wp\/v2\/comments?post=2067"}],"wp:featuredmedia":[{"embeddable":true,"href":"https:\/\/tammetorubbq.ee\/lt\/wp-json\/wp\/v2\/media\/2068"}],"wp:attachment":[{"href":"https:\/\/tammetorubbq.ee\/lt\/wp-json\/wp\/v2\/media?parent=2067"}],"wp:term":[{"taxonomy":"pwb-brand","embeddable":true,"href":"https:\/\/tammetorubbq.ee\/lt\/wp-json\/wp\/v2\/pwb-brand?post=2067"},{"taxonomy":"product_brand","embeddable":true,"href":"https:\/\/tammetorubbq.ee\/lt\/wp-json\/wp\/v2\/product_brand?post=2067"},{"taxonomy":"product_cat","embeddable":true,"href":"https:\/\/tammetorubbq.ee\/lt\/wp-json\/wp\/v2\/product_cat?post=2067"},{"taxonomy":"product_tag","embeddable":true,"href":"https:\/\/tammetorubbq.ee\/lt\/wp-json\/wp\/v2\/product_tag?post=2067"}],"curies":[{"name":"wp","href":"https:\/\/api.w.org\/{rel}","templated":true}]}}