{"id":2069,"date":"2024-11-06T19:43:46","date_gmt":"2024-11-06T17:43:46","guid":{"rendered":"https:\/\/tammetorubbq.ee\/?post_type=product&#038;p=2069"},"modified":"2026-04-15T03:00:06","modified_gmt":"2026-04-15T00:00:06","slug":"stokes-pikaliliu-padazas-240g","status":"publish","type":"product","link":"https:\/\/tammetorubbq.ee\/lt\/produktas\/stokes-pikaliliu-padazas-240g\/","title":{"rendered":"\"Stokes Piccalilli\" pada\u017eas 240g"},"content":{"rendered":"<p><strong>Sudedamosios dalys:<\/strong> sidro actas, \u017eiediniai kop\u016bstai (16%), svog\u016bnai (14%) nerafinuotas cukranendri\u0173 cukrus, cukinija (8%), Di\u017eonas <strong>sinep<\/strong>\u00a0(7%) (vanduo, garsty\u010di\u0173 s\u0117klos, spirito actas, druska, r\u016bg\u0161tingum\u0105 reguliuojanti med\u017eiaga: citrin\u0173 r\u016bg\u0161tis), \u017ealioji paprika (4%), raudonoji paprika (4%), kukur\u016bz\u0173 miltai, korni\u0161onai (3%) (korni\u0161onai, distiliuotas salyklo actas (mie\u017ei\u0173), druska, vanduo, r\u016bg\u0161tis: acto r\u016bg\u0161tis, gelton\u0173j\u0173 garsty\u010di\u0173 s\u0117klos).<strong>,<\/strong>\u00a0prieskoniai, j\u016bros druska, konservantas: sorbo r\u016bg\u0161tis.<\/p>\n<p>100 g produkto maistin\u0117 vert\u0117: energin\u0117 vert\u0117 391 kJ\/92 kcal, riebal\u0173 1,5 g, i\u0161 j\u0173 so\u010di\u0173j\u0173 0,0 g, angliavandeni\u0173 20 g, i\u0161 j\u0173 cukr\u0173 15 g, baltym\u0173 2,3 g, druskos 1,4 g.<\/p>","protected":false},"excerpt":{"rendered":"<p>Tra\u0161ki\u0173 sodo dar\u017eovi\u0173 saldumas a\u0161triame, ciber\u017eol\u0117s prieskoniais pagardintame garsty\u010di\u0173 pada\u017ee.<\/p>\n<p>Anglijoje tradici\u0161kai m\u0117gstamas PICCALILLI KASTE - a\u0161trus, \u0161iek tiek saldus garsty\u010di\u0173 pada\u017eas, pagardintas ciber\u017eole.<\/p>\n<p>Idealiai tinka su \u0161altais m\u0117sos gabalais ir s\u016briu.<\/p>\n<h3><\/h3>\n<p>&nbsp;<\/p>\n<p>STOKES - auk\u0161\u010diausios kokyb\u0117s pada\u017eai, ke\u010dupai, garsty\u010dios i\u0161 Anglijos.<\/p>\n<p><img loading=\"lazy\" decoding=\"async\" class=\"alignnone wp-image-1551\" src=\"http:\/\/tammetorubbq.ee\/wp-content\/uploads\/2023\/12\/stokes-logo-vector-1.png\" alt=\"\" width=\"170\" height=\"94\" srcset=\"https:\/\/tammetorubbq.ee\/wp-content\/uploads\/2023\/12\/stokes-logo-vector-1.png 300w, https:\/\/tammetorubbq.ee\/wp-content\/uploads\/2023\/12\/stokes-logo-vector-1-18x10.png 18w, https:\/\/tammetorubbq.ee\/wp-content\/uploads\/2023\/12\/stokes-logo-vector-1-64x35.png 64w\" sizes=\"auto, (max-width: 170px) 100vw, 170px\" \/><\/p>","protected":false},"featured_media":2070,"comment_status":"open","ping_status":"closed","template":"","meta":{"_uf_show_specific_survey":0,"_uf_disable_surveys":false},"pwb-brand":[89],"product_brand":[],"product_cat":[22],"product_tag":[],"class_list":{"0":"post-2069","1":"product","2":"type-product","3":"status-publish","4":"has-post-thumbnail","6":"pwb-brand-stokes","7":"product_cat-kastmed-ja-marinaadid","9":"first","10":"outofstock","11":"taxable","12":"shipping-taxable","13":"purchasable","14":"product-type-simple"},"brands":[{"id":89,"name":"Stokes","slug":"stokes"}],"_links":{"self":[{"href":"https:\/\/tammetorubbq.ee\/lt\/wp-json\/wp\/v2\/product\/2069","targetHints":{"allow":["GET"]}}],"collection":[{"href":"https:\/\/tammetorubbq.ee\/lt\/wp-json\/wp\/v2\/product"}],"about":[{"href":"https:\/\/tammetorubbq.ee\/lt\/wp-json\/wp\/v2\/types\/product"}],"replies":[{"embeddable":true,"href":"https:\/\/tammetorubbq.ee\/lt\/wp-json\/wp\/v2\/comments?post=2069"}],"wp:featuredmedia":[{"embeddable":true,"href":"https:\/\/tammetorubbq.ee\/lt\/wp-json\/wp\/v2\/media\/2070"}],"wp:attachment":[{"href":"https:\/\/tammetorubbq.ee\/lt\/wp-json\/wp\/v2\/media?parent=2069"}],"wp:term":[{"taxonomy":"pwb-brand","embeddable":true,"href":"https:\/\/tammetorubbq.ee\/lt\/wp-json\/wp\/v2\/pwb-brand?post=2069"},{"taxonomy":"product_brand","embeddable":true,"href":"https:\/\/tammetorubbq.ee\/lt\/wp-json\/wp\/v2\/product_brand?post=2069"},{"taxonomy":"product_cat","embeddable":true,"href":"https:\/\/tammetorubbq.ee\/lt\/wp-json\/wp\/v2\/product_cat?post=2069"},{"taxonomy":"product_tag","embeddable":true,"href":"https:\/\/tammetorubbq.ee\/lt\/wp-json\/wp\/v2\/product_tag?post=2069"}],"curies":[{"name":"wp","href":"https:\/\/api.w.org\/{rel}","templated":true}]}}