{"id":216,"date":"2023-11-28T18:27:23","date_gmt":"2023-11-28T15:27:23","guid":{"rendered":"https:\/\/tammetorubbq.ee\/?post_type=product&#038;p=216"},"modified":"2026-04-17T00:00:08","modified_gmt":"2026-04-16T21:00:08","slug":"poppamies-texas-jautienos-trynimo-prieskoniu-misinys","status":"publish","type":"product","link":"https:\/\/tammetorubbq.ee\/lt\/produktas\/poppamies-texas-jautienos-trynimo-prieskoniu-misinys\/","title":{"rendered":"\"Poppamies Texas Beef Rub\" 200g"},"content":{"rendered":"<p><strong>Sudedamosios dalys:<\/strong> Cukranendri\u0173 cukrus, druska, garsty\u010di\u0173 s\u0117klos, r\u016bkyta paprika, juodieji pipirai, kardamonas.<\/p>\n<p>\"Poppamiehe\" prieskoni\u0173 mi\u0161iniai gaminami i\u0161 geriausi\u0173 \u017ealiav\u0173 ir ypa\u010d tinka sausam m\u0117sos marinavimui, taip pat puikiai tinka bendram prieskoni\u0173 naudojimui gaminant maist\u0105.<\/p>\n<p>\"Poppamies RUB\" prieskoniuose n\u0117ra laktoz\u0117s ir glitimo, juose n\u0117ra skonio stiprikli\u0173.<\/p>","protected":false},"excerpt":{"rendered":"<p>Garsty\u010di\u0173 ir pipir\u0173 skonio \"Texas Beef RUB\" gaminamas pagal Teksaso skon\u012f.<br \/>\nMi\u0161inys skirtas jautienai, bet puikiai tinka ir kiaulienai.<\/p>\n<p>Prie r\u016bkytos m\u0117sos tinka prieskoni\u0173 mi\u0161inys. Prieskoniuose n\u0117ra nieko papildomo, visi ingredientai subalansuoti pagal skon\u012f, drusk\u0105 ir saldum\u0105.<br \/>\nMaitsesta liha enne k\u00fcpsetamist, h\u00f5\u00f5ruge v\u00fcrtsisegu lihale ohtralt, ca 40-50 g kilogrammi liha kohta.+<\/p>\n<p>&nbsp;<\/p>\n<p><img loading=\"lazy\" decoding=\"async\" class=\"alignnone  wp-image-6303\" src=\"https:\/\/tammetorubbq.ee\/wp-content\/uploads\/2023\/11\/a3254948a7e8d399_org-300x223.png\" alt=\"\" width=\"204\" height=\"152\" srcset=\"https:\/\/tammetorubbq.ee\/wp-content\/uploads\/2023\/11\/a3254948a7e8d399_org-300x223.png 300w, https:\/\/tammetorubbq.ee\/wp-content\/uploads\/2023\/11\/a3254948a7e8d399_org-768x570.png 768w, https:\/\/tammetorubbq.ee\/wp-content\/uploads\/2023\/11\/a3254948a7e8d399_org-16x12.png 16w, https:\/\/tammetorubbq.ee\/wp-content\/uploads\/2023\/11\/a3254948a7e8d399_org-600x445.png 600w, https:\/\/tammetorubbq.ee\/wp-content\/uploads\/2023\/11\/a3254948a7e8d399_org-64x48.png 64w, https:\/\/tammetorubbq.ee\/wp-content\/uploads\/2023\/11\/a3254948a7e8d399_org.png 1024w\" sizes=\"auto, (max-width: 204px) 100vw, 204px\" \/><\/p>","protected":false},"featured_media":274,"comment_status":"open","ping_status":"closed","template":"","meta":{"_uf_show_specific_survey":0,"_uf_disable_surveys":false},"pwb-brand":[167],"product_brand":[],"product_cat":[20,21],"product_tag":[123,119,165],"class_list":{"0":"post-216","1":"product","2":"type-product","3":"status-publish","4":"has-post-thumbnail","6":"pwb-brand-poppamies","7":"product_cat-kampaania","8":"product_cat-maitseainesegud","9":"product_tag-steik","10":"product_tag-veiseliha","11":"product_tag-veiseribi","13":"first","14":"instock","15":"sale","16":"taxable","17":"shipping-taxable","18":"purchasable","19":"product-type-simple"},"brands":[{"id":167,"name":"Poppamies","slug":"poppamies"}],"_links":{"self":[{"href":"https:\/\/tammetorubbq.ee\/lt\/wp-json\/wp\/v2\/product\/216","targetHints":{"allow":["GET"]}}],"collection":[{"href":"https:\/\/tammetorubbq.ee\/lt\/wp-json\/wp\/v2\/product"}],"about":[{"href":"https:\/\/tammetorubbq.ee\/lt\/wp-json\/wp\/v2\/types\/product"}],"replies":[{"embeddable":true,"href":"https:\/\/tammetorubbq.ee\/lt\/wp-json\/wp\/v2\/comments?post=216"}],"wp:featuredmedia":[{"embeddable":true,"href":"https:\/\/tammetorubbq.ee\/lt\/wp-json\/wp\/v2\/media\/274"}],"wp:attachment":[{"href":"https:\/\/tammetorubbq.ee\/lt\/wp-json\/wp\/v2\/media?parent=216"}],"wp:term":[{"taxonomy":"pwb-brand","embeddable":true,"href":"https:\/\/tammetorubbq.ee\/lt\/wp-json\/wp\/v2\/pwb-brand?post=216"},{"taxonomy":"product_brand","embeddable":true,"href":"https:\/\/tammetorubbq.ee\/lt\/wp-json\/wp\/v2\/product_brand?post=216"},{"taxonomy":"product_cat","embeddable":true,"href":"https:\/\/tammetorubbq.ee\/lt\/wp-json\/wp\/v2\/product_cat?post=216"},{"taxonomy":"product_tag","embeddable":true,"href":"https:\/\/tammetorubbq.ee\/lt\/wp-json\/wp\/v2\/product_tag?post=216"}],"curies":[{"name":"wp","href":"https:\/\/api.w.org\/{rel}","templated":true}]}}