{"id":2276,"date":"2024-11-29T10:21:27","date_gmt":"2024-11-29T08:21:27","guid":{"rendered":"https:\/\/tammetorubbq.ee\/?post_type=product&#038;p=2276"},"modified":"2026-04-18T11:00:06","modified_gmt":"2026-04-18T08:00:06","slug":"napoleon-kepsnines-dangtis-skirtas-freestyle-365-425-serijos-dujinems-kepsninems","status":"publish","type":"product","link":"https:\/\/tammetorubbq.ee\/lt\/produktas\/napoleon-kepsnines-dangtis-skirtas-freestyle-365-425-serijos-dujinems-kepsninems\/","title":{"rendered":"\"Napoleon\" grilio dang\u010diai, skirti \"Freestyle 365\/425\" serijos dujin\u0117ms kepsnin\u0117ms"},"content":{"rendered":"<p>Dangtis pagamintas i\u0161 patvaraus ir vandeniui atsparaus poliesterio.<\/p>\n<p>Med\u017eiaga apsaugota nuo UV spinduli\u0173 specialia danga, kad nepakeist\u0173 spalvos.<\/p>\n<p>Kad ant stogo nesusidaryt\u0173 kondensatas, ant stogo \u012frengtos v\u0117dinimo juostos.<\/p>\n<p>Dangtelyje yra priver\u017eimo fiksatorius ir tvirtinimo strypai.<\/p>\n<p>Dangtis u\u017ededamas ant groteli\u0173, kai \u0161onin\u0117s plok\u0161t\u0117s yra atidarytos.<\/p>\n<p>Idealiai tinka visoms \"Napoleon FREESTYLE 365\/425\" serijos kepsnin\u0117ms.<\/p>","protected":false},"excerpt":{"rendered":"<p>\"Napoleon FREESTYLE 365\/425\" serijos kepsnin\u0117ms skirtas grilio dangtis.<\/p>\n<p>Su v\u0117dinimo kanalu, prispaudimo mygtuku ir UV spinduliams atsparia apsauga.<\/p>\n<p>&nbsp;<\/p>\n<p><img loading=\"lazy\" decoding=\"async\" class=\"wp-image-2098\" src=\"http:\/\/tammetorubbq.ee\/wp-content\/uploads\/2024\/11\/napoleon-gas-grills-logo-vector-1-300x124.png\" alt=\"&quot;Napoleon&quot; dujin\u0117s kepsnin\u0117s logotipas vektorius\" width=\"230\" height=\"95\" srcset=\"https:\/\/tammetorubbq.ee\/wp-content\/uploads\/2024\/11\/napoleon-gas-grills-logo-vector-1-300x124.png 300w, https:\/\/tammetorubbq.ee\/wp-content\/uploads\/2024\/11\/napoleon-gas-grills-logo-vector-1-768x317.png 768w, https:\/\/tammetorubbq.ee\/wp-content\/uploads\/2024\/11\/napoleon-gas-grills-logo-vector-1-18x7.png 18w, https:\/\/tammetorubbq.ee\/wp-content\/uploads\/2024\/11\/napoleon-gas-grills-logo-vector-1-600x248.png 600w, https:\/\/tammetorubbq.ee\/wp-content\/uploads\/2024\/11\/napoleon-gas-grills-logo-vector-1-64x26.png 64w, https:\/\/tammetorubbq.ee\/wp-content\/uploads\/2024\/11\/napoleon-gas-grills-logo-vector-1.png 847w\" sizes=\"auto, (max-width: 230px) 100vw, 230px\" \/><\/p>","protected":false},"featured_media":2279,"comment_status":"open","ping_status":"closed","template":"","meta":{"_uf_show_specific_survey":0,"_uf_disable_surveys":false},"pwb-brand":[101],"product_brand":[],"product_cat":[88],"product_tag":[110,239,365,148,367,366,368,363],"class_list":{"0":"post-2276","1":"product","2":"type-product","3":"status-publish","4":"has-post-thumbnail","6":"pwb-brand-napoleon","7":"product_cat-grillide-lisatarvikud","8":"product_tag-gaasigrill","9":"product_tag-ilmastikukindel-kate","10":"product_tag-napoleo-gaasigrill","11":"product_tag-napoleon","12":"product_tag-napoleon-freestyle","13":"product_tag-napoleon-freestyle-365","14":"product_tag-napoleon-freestyle-425","15":"product_tag-napoleon-lisatarvikud","17":"first","18":"instock","19":"taxable","20":"shipping-taxable","21":"purchasable","22":"product-type-simple"},"brands":[{"id":101,"name":"Napoleonas","slug":"napoleonas"}],"_links":{"self":[{"href":"https:\/\/tammetorubbq.ee\/lt\/wp-json\/wp\/v2\/product\/2276","targetHints":{"allow":["GET"]}}],"collection":[{"href":"https:\/\/tammetorubbq.ee\/lt\/wp-json\/wp\/v2\/product"}],"about":[{"href":"https:\/\/tammetorubbq.ee\/lt\/wp-json\/wp\/v2\/types\/product"}],"replies":[{"embeddable":true,"href":"https:\/\/tammetorubbq.ee\/lt\/wp-json\/wp\/v2\/comments?post=2276"}],"wp:featuredmedia":[{"embeddable":true,"href":"https:\/\/tammetorubbq.ee\/lt\/wp-json\/wp\/v2\/media\/2279"}],"wp:attachment":[{"href":"https:\/\/tammetorubbq.ee\/lt\/wp-json\/wp\/v2\/media?parent=2276"}],"wp:term":[{"taxonomy":"pwb-brand","embeddable":true,"href":"https:\/\/tammetorubbq.ee\/lt\/wp-json\/wp\/v2\/pwb-brand?post=2276"},{"taxonomy":"product_brand","embeddable":true,"href":"https:\/\/tammetorubbq.ee\/lt\/wp-json\/wp\/v2\/product_brand?post=2276"},{"taxonomy":"product_cat","embeddable":true,"href":"https:\/\/tammetorubbq.ee\/lt\/wp-json\/wp\/v2\/product_cat?post=2276"},{"taxonomy":"product_tag","embeddable":true,"href":"https:\/\/tammetorubbq.ee\/lt\/wp-json\/wp\/v2\/product_tag?post=2276"}],"curies":[{"name":"wp","href":"https:\/\/api.w.org\/{rel}","templated":true}]}}