{"id":2298,"date":"2024-12-02T18:02:36","date_gmt":"2024-12-02T16:02:36","guid":{"rendered":"https:\/\/tammetorubbq.ee\/?post_type=product&#038;p=2298"},"modified":"2026-04-14T22:01:06","modified_gmt":"2026-04-14T19:01:06","slug":"blues-hog-avieciu-chipotle-bbq-padazas-557g","status":"publish","type":"product","link":"https:\/\/tammetorubbq.ee\/lt\/produktas\/blues-hog-avieciu-chipotle-bbq-padazas-557g\/","title":{"rendered":"Blues Hog Raspberry Chipotle BBQ pada\u017eas 557g"},"content":{"rendered":"<p>\"Blues Hog\" gurmani\u0161kuose pada\u017euose n\u0117ra glitimo, jie gaminami i\u0161 nat\u016brali\u0173, auk\u0161tos kokyb\u0117s ingredient\u0173.<\/p>\n<p>\"Blues Hog\" gaminiai yra peln\u0119 daugiau apdovanojim\u0173 nei bet kurie kiti rinkoje esantys \"konkurentai\", tod\u0117l \"Blues Hog\" gaminius naudoja 90% kepsnini\u0173 kepimo var\u017eyb\u0173 komandos visame pasaulyje.<\/p>\n<p><strong>Sudedamosios dalys:<\/strong> baltasis cukrus, vanduo, aviet\u0117s, paprikos (paprikos, vanduo, actas, cukrus, druska, pomidor\u0173 pasta, d\u016bm\u0173 esencija, svog\u016bnai, \u010desnakai), rudasis cukrus, ke\u010dupas (prinokusi\u0173 raudon\u0173j\u0173 pomidor\u0173 pomidor\u0173 koncentratas, distiliuotas actas, didelio fruktoz\u0117s kiekio kukur\u016bz\u0173 sirupas, kukur\u016bz\u0173 sirupas, druska, prieskoniai, svog\u016bn\u0173 milteliai, nat\u016bral\u016bs prieskoniai), baltasis actas, obuoli\u0173 sidro actas, citrin\u0173 sultys, juodieji pipirai, Vor\u010dester\u0161yro pada\u017eas (distiliuotas actas, vanduo, melasa, kukur\u016bz\u0173 sirupas, druska, cukrus, prieskoniai, karamel\u0117s spalva, an\u010diuviai, nat\u016bralios kvapiosios med\u017eiagos (sojos), ksantano derva, dehidratuoti \u010desnak\u0173 milteliai ir tamarind\u0173 ekstraktas.) Druska, prieskoniai, \u012fskaitant paprik\u0105, dehidratuotus \u010desnakus ir iki 2% silicio dioksido, prid\u0117ta, kad nesulipt\u0173, druska, cinamonas, imbieras, raudonieji pipirai ir vanil\u0117.<\/p>","protected":false},"excerpt":{"rendered":"<p>Legendinio Bill Arnold Blues Hog nereikia pristatin\u0117ti - pavadinimas pasako visk\u0105!<\/p>\n<p>Blues Hog Raspberry Chipotle BBQ kaste \u00fchendab magusa vaarika ja suitsuse chipotle t\u0161illi t\u00e4iuslikuks maitsete tasakaaluks. See k\u00e4sit\u00f6\u00f6na valmistatud BBQ-kaste on rikkaliku tekstuuriga ja s\u00fcgava maitsega, sobides suurep\u00e4raselt nii grillimiseks kui ka serveerimiseks.<\/p>\n<p><strong>Magus-v\u00fcrtsikas maitseprofiil<\/strong> &#8211; Vaarika loomulik magusus kohtub chipotle t\u0161illi suitsuse ja kergelt terava noodiga, luues meeldivalt tasakaalus kastme, mis ei ole \u00fcleliia tuline.<\/p>\n<p><strong>Universalus naudojimas<\/strong> &#8211; Ideaalne ribidele, seafileele, kanale, veiselihale ja burgeritele. Sobib ka glasuuriks, marinaadiks v\u00f5i dipikastmeks.<\/p>\n<p><strong>BBQ-meistrite valik<\/strong> &#8211; Blues Hog kastmeid kasutavad ja usaldavad paljud v\u00f5istlusgrillijad \u00fcle maailma t\u00e4nu nende paksule konsistentsile ja puhtale maitsele.<\/p>\n<p><strong data-start=\"822\" data-end=\"834\">Profesional\u0173 patarimas: <\/strong>Sega Raspberry Chipotle kaste vahekorras 1:1 Blues Hog Original BBQ kastmega \u2013 tulemuseks on v\u00f5istlustasemel glasuur ribidele v\u00f5i kanatiibadele, mis karamellistub grillil kaunilt ega k\u00f5rbe kergesti.<\/p>\n<p><img loading=\"lazy\" decoding=\"async\" class=\"wp-image-3462\" src=\"http:\/\/tammetorubbq.ee\/wp-content\/uploads\/2024\/02\/BH_Logo_2022-300x280.avif\" alt=\"M\u0117lynoji kiaul\u0117\" width=\"181\" height=\"169\" srcset=\"https:\/\/tammetorubbq.ee\/wp-content\/uploads\/2024\/02\/BH_Logo_2022-300x280.avif 300w, https:\/\/tammetorubbq.ee\/wp-content\/uploads\/2024\/02\/BH_Logo_2022-13x12.avif 13w, https:\/\/tammetorubbq.ee\/wp-content\/uploads\/2024\/02\/BH_Logo_2022-64x60.avif 64w, https:\/\/tammetorubbq.ee\/wp-content\/uploads\/2024\/02\/BH_Logo_2022.avif 322w\" sizes=\"auto, (max-width: 181px) 100vw, 181px\" \/><\/p>","protected":false},"featured_media":2300,"comment_status":"open","ping_status":"closed","template":"","meta":{"_uf_show_specific_survey":0,"_uf_disable_surveys":false},"pwb-brand":[74],"product_brand":[],"product_cat":[22],"product_tag":[331,138,118,159,114,122,119,165],"class_list":{"0":"post-2298","1":"product","2":"type-product","3":"status-publish","4":"has-post-thumbnail","6":"pwb-brand-blues-hog","7":"product_cat-kastmed-ja-marinaadid","8":"product_tag-blues-hog","9":"product_tag-burger","10":"product_tag-kanaliha","11":"product_tag-kanatiivad","12":"product_tag-sealiha","13":"product_tag-searibi","14":"product_tag-veiseliha","15":"product_tag-veiseribi","17":"first","18":"outofstock","19":"taxable","20":"shipping-taxable","21":"purchasable","22":"product-type-simple"},"brands":[{"id":74,"name":"M\u0117lynoji kiaul\u0117","slug":"blues-hog"}],"_links":{"self":[{"href":"https:\/\/tammetorubbq.ee\/lt\/wp-json\/wp\/v2\/product\/2298","targetHints":{"allow":["GET"]}}],"collection":[{"href":"https:\/\/tammetorubbq.ee\/lt\/wp-json\/wp\/v2\/product"}],"about":[{"href":"https:\/\/tammetorubbq.ee\/lt\/wp-json\/wp\/v2\/types\/product"}],"replies":[{"embeddable":true,"href":"https:\/\/tammetorubbq.ee\/lt\/wp-json\/wp\/v2\/comments?post=2298"}],"wp:featuredmedia":[{"embeddable":true,"href":"https:\/\/tammetorubbq.ee\/lt\/wp-json\/wp\/v2\/media\/2300"}],"wp:attachment":[{"href":"https:\/\/tammetorubbq.ee\/lt\/wp-json\/wp\/v2\/media?parent=2298"}],"wp:term":[{"taxonomy":"pwb-brand","embeddable":true,"href":"https:\/\/tammetorubbq.ee\/lt\/wp-json\/wp\/v2\/pwb-brand?post=2298"},{"taxonomy":"product_brand","embeddable":true,"href":"https:\/\/tammetorubbq.ee\/lt\/wp-json\/wp\/v2\/product_brand?post=2298"},{"taxonomy":"product_cat","embeddable":true,"href":"https:\/\/tammetorubbq.ee\/lt\/wp-json\/wp\/v2\/product_cat?post=2298"},{"taxonomy":"product_tag","embeddable":true,"href":"https:\/\/tammetorubbq.ee\/lt\/wp-json\/wp\/v2\/product_tag?post=2298"}],"curies":[{"name":"wp","href":"https:\/\/api.w.org\/{rel}","templated":true}]}}