{"id":230,"date":"2023-11-28T19:02:10","date_gmt":"2023-11-28T16:02:10","guid":{"rendered":"https:\/\/tammetorubbq.ee\/?post_type=product&#038;p=230"},"modified":"2026-04-17T03:00:28","modified_gmt":"2026-04-17T00:00:28","slug":"poppamies-spg-trinti-prieskoniu-misinys","status":"publish","type":"product","link":"https:\/\/tammetorubbq.ee\/lt\/produktas\/poppamies-spg-trinti-prieskoniu-misinys\/","title":{"rendered":"Poppamies SPG Rub 200g"},"content":{"rendered":"<p>Sud\u0117tyje yra:<br \/>\nJuodieji pipirai (36%), \u010desnakai (36%), druska.<\/p>\n<p>\"Poppamiehe\" prieskoni\u0173 mi\u0161iniai gaminami i\u0161 geriausi\u0173 \u017ealiav\u0173 ir ypa\u010d tinka sausam m\u0117sos marinavimui, taip pat puikiai tinka bendram prieskoni\u0173 naudojimui gaminant maist\u0105.<\/p>\n<p>\"Poppamies RUB\" prieskoniuose n\u0117ra laktoz\u0117s ir glitimo, juose n\u0117ra skonio stiprikli\u0173.<\/p>","protected":false},"excerpt":{"rendered":"<p>\"Poppamie\" prieskoni\u0173 mi\u0161ini\u0173 asortimente yra legendinis SPG RUB prieskoni\u0173 mi\u0161inys, kur\u012f sudaro druska, juodieji pipirai ir \u010desnakai.<\/p>\n<p>Druskos, pipir\u0173 ir \u010desnak\u0173 prieskoni\u0173 tradicijos yra gilios - jos labai paplitusios kepimo ant groteli\u0173 ir grilio pasaulyje.<\/p>\n<p>Prie\u0161 gamindami maist\u0105 pagardinkite j\u012f prieskoniais, gausiai \u012ftrinkite m\u0117s\u0105 prieskoni\u0173 mi\u0161iniu, ma\u017edaug 40-50 g vienam kilogramui m\u0117sos.<\/p>\n<p>I\u0161bandykite j\u012f su viskuo - nuo bulvy\u010di\u0173 iki jautienos kr\u016btinin\u0117s.<\/p>\n<p>SPG RUB prieskoni\u0173 mi\u0161inys taip pat puikiai tinka kepsniams ir dar\u017eov\u0117ms.<\/p>","protected":false},"featured_media":277,"comment_status":"open","ping_status":"closed","template":"","meta":{"_uf_show_specific_survey":0,"_uf_disable_surveys":false},"pwb-brand":[],"product_brand":[],"product_cat":[21],"product_tag":[176,121,319,114,122,123,119,165],"class_list":{"0":"post-230","1":"product","2":"type-product","3":"status-publish","4":"has-post-thumbnail","6":"product_cat-maitseainesegud","7":"product_tag-brisket","8":"product_tag-koogiviljad","9":"product_tag-pardi-rinnafilee","10":"product_tag-sealiha","11":"product_tag-searibi","12":"product_tag-steik","13":"product_tag-veiseliha","14":"product_tag-veiseribi","16":"first","17":"instock","18":"taxable","19":"shipping-taxable","20":"purchasable","21":"product-type-simple"},"brands":[],"_links":{"self":[{"href":"https:\/\/tammetorubbq.ee\/lt\/wp-json\/wp\/v2\/product\/230","targetHints":{"allow":["GET"]}}],"collection":[{"href":"https:\/\/tammetorubbq.ee\/lt\/wp-json\/wp\/v2\/product"}],"about":[{"href":"https:\/\/tammetorubbq.ee\/lt\/wp-json\/wp\/v2\/types\/product"}],"replies":[{"embeddable":true,"href":"https:\/\/tammetorubbq.ee\/lt\/wp-json\/wp\/v2\/comments?post=230"}],"wp:featuredmedia":[{"embeddable":true,"href":"https:\/\/tammetorubbq.ee\/lt\/wp-json\/wp\/v2\/media\/277"}],"wp:attachment":[{"href":"https:\/\/tammetorubbq.ee\/lt\/wp-json\/wp\/v2\/media?parent=230"}],"wp:term":[{"taxonomy":"pwb-brand","embeddable":true,"href":"https:\/\/tammetorubbq.ee\/lt\/wp-json\/wp\/v2\/pwb-brand?post=230"},{"taxonomy":"product_brand","embeddable":true,"href":"https:\/\/tammetorubbq.ee\/lt\/wp-json\/wp\/v2\/product_brand?post=230"},{"taxonomy":"product_cat","embeddable":true,"href":"https:\/\/tammetorubbq.ee\/lt\/wp-json\/wp\/v2\/product_cat?post=230"},{"taxonomy":"product_tag","embeddable":true,"href":"https:\/\/tammetorubbq.ee\/lt\/wp-json\/wp\/v2\/product_tag?post=230"}],"curies":[{"name":"wp","href":"https:\/\/api.w.org\/{rel}","templated":true}]}}