{"id":2305,"date":"2024-12-04T12:59:52","date_gmt":"2024-12-04T10:59:52","guid":{"rendered":"https:\/\/tammetorubbq.ee\/?post_type=product&#038;p=2305"},"modified":"2026-04-15T02:00:15","modified_gmt":"2026-04-14T23:00:15","slug":"lootn-booty-jolly-roger-jalapeno-cesnakinis-juodasis-itrinti-397g","status":"publish","type":"product","link":"https:\/\/tammetorubbq.ee\/lt\/produktas\/lootn-booty-jolly-roger-jalapeno-cesnakinis-juodasis-itrinti-397g\/","title":{"rendered":"Loot'n Booty Jolly Roger Jalapeno \u010desnak\u0173 juodoji mas\u0117 397g"},"content":{"rendered":"<p><strong>Sudedamosios dalys:<\/strong> druska, dehidratuoti \u010desnakai ir svog\u016bnai, prieskoniai, jalapeno milteliai, natrio glutamatas, aktyvinta anglis (i\u0161gauta i\u0161 kokos\u0173), vusterio pada\u017eas (actas, melasa, kukur\u016bz\u0173 sirupas, druska, karamel\u0117s da\u017eiklis (sud\u0117tyje yra sulfit\u0173, prieskoni\u0173), sacharoz\u0117, \u010desnakai, tamarind\u0173 sacharoz\u0117, nat\u016brali kvapioji med\u017eiaga ir maltodekstrinas], soj\u0173 pada\u017eo milteliai (kvie\u010diai, soj\u0173 pupel\u0117s, druska), nat\u016brali kvapioji med\u017eiaga ir ne daugiau kaip 2% trikalcio fosfato, prid\u0117ta siekiant i\u0161vengti sukepimo.<\/p>\n<p>ALERGENAI: sud\u0117tyje yra kvie\u010di\u0173 ir sojos.<\/p>","protected":false},"excerpt":{"rendered":"<p><span style=\"color: #0000ff;\"><strong>JIS VEIKIA SU VISKUO! Patikrinta var\u017eybose ir i\u0161bandyta nam\u0173 sode!<\/strong><\/span><\/p>\n<p>\"Loot N' Booty Jolly Roger Jalape\u00f1o &amp; Garlic Black rub\" - tai unikalus prieskoni\u0173 mi\u0161inys, suteikiantis patiekalams i\u0161skirtin\u012f a\u0161traus jalape\u00f1o ir \u010desnako skon\u012f.<\/p>\n<p>Juod\u0105 spalv\u0105 suteikia nat\u016brali aktyvuota anglis, kuri yra veiksminga ir suteikia kepamiems patiekalams gilumo.<\/p>\n<p>Idealiai tinka m\u0117sai, \u017euviai, dar\u017eov\u0117ms ir net specialiems u\u017ekand\u017eiams, bet kokiam patiekalui suteikdamas d\u016bmo ir \u0161iek tiek a\u0161traus skonio.<\/p>\n<p>&nbsp;<\/p>\n<p>Puikiai tinka grilio entuziastams, norintiems patiekalams suteikti savitumo, ir tiems, kurie ie\u0161ko dr\u0105si\u0173 ir universali\u0173 skoni\u0173!<\/p>\n<p><img loading=\"lazy\" decoding=\"async\" class=\"wp-image-1862\" src=\"http:\/\/tammetorubbq.ee\/wp-content\/uploads\/2024\/07\/Loot-n-Booty-logo.png\" alt=\"&quot;Loot-n-Booty&quot; logotipas\" width=\"170\" height=\"170\" srcset=\"https:\/\/tammetorubbq.ee\/wp-content\/uploads\/2024\/07\/Loot-n-Booty-logo.png 300w, https:\/\/tammetorubbq.ee\/wp-content\/uploads\/2024\/07\/Loot-n-Booty-logo-150x150.png 150w, https:\/\/tammetorubbq.ee\/wp-content\/uploads\/2024\/07\/Loot-n-Booty-logo-12x12.png 12w, https:\/\/tammetorubbq.ee\/wp-content\/uploads\/2024\/07\/Loot-n-Booty-logo-64x64.png 64w\" sizes=\"auto, (max-width: 170px) 100vw, 170px\" \/><\/p>","protected":false},"featured_media":2306,"comment_status":"open","ping_status":"closed","template":"","meta":{"_uf_show_specific_survey":0,"_uf_disable_surveys":false},"pwb-brand":[98],"product_brand":[],"product_cat":[21],"product_tag":[],"class_list":{"0":"post-2305","1":"product","2":"type-product","3":"status-publish","4":"has-post-thumbnail","6":"pwb-brand-loot-n-booty-bbq","7":"product_cat-maitseainesegud","9":"first","10":"outofstock","11":"taxable","12":"shipping-taxable","13":"purchasable","14":"product-type-simple"},"brands":[{"id":98,"name":"\"Loot N' Booty BBQ","slug":"loot-n-booty-bbq"}],"_links":{"self":[{"href":"https:\/\/tammetorubbq.ee\/lt\/wp-json\/wp\/v2\/product\/2305","targetHints":{"allow":["GET"]}}],"collection":[{"href":"https:\/\/tammetorubbq.ee\/lt\/wp-json\/wp\/v2\/product"}],"about":[{"href":"https:\/\/tammetorubbq.ee\/lt\/wp-json\/wp\/v2\/types\/product"}],"replies":[{"embeddable":true,"href":"https:\/\/tammetorubbq.ee\/lt\/wp-json\/wp\/v2\/comments?post=2305"}],"wp:featuredmedia":[{"embeddable":true,"href":"https:\/\/tammetorubbq.ee\/lt\/wp-json\/wp\/v2\/media\/2306"}],"wp:attachment":[{"href":"https:\/\/tammetorubbq.ee\/lt\/wp-json\/wp\/v2\/media?parent=2305"}],"wp:term":[{"taxonomy":"pwb-brand","embeddable":true,"href":"https:\/\/tammetorubbq.ee\/lt\/wp-json\/wp\/v2\/pwb-brand?post=2305"},{"taxonomy":"product_brand","embeddable":true,"href":"https:\/\/tammetorubbq.ee\/lt\/wp-json\/wp\/v2\/product_brand?post=2305"},{"taxonomy":"product_cat","embeddable":true,"href":"https:\/\/tammetorubbq.ee\/lt\/wp-json\/wp\/v2\/product_cat?post=2305"},{"taxonomy":"product_tag","embeddable":true,"href":"https:\/\/tammetorubbq.ee\/lt\/wp-json\/wp\/v2\/product_tag?post=2305"}],"curies":[{"name":"wp","href":"https:\/\/api.w.org\/{rel}","templated":true}]}}