{"id":2328,"date":"2024-12-14T12:46:59","date_gmt":"2024-12-14T10:46:59","guid":{"rendered":"https:\/\/tammetorubbq.ee\/?post_type=product&#038;p=2328"},"modified":"2026-04-15T03:00:04","modified_gmt":"2026-04-15T00:00:04","slug":"loot-nbooty-gimme-the-loot-rub-354g","status":"publish","type":"product","link":"https:\/\/tammetorubbq.ee\/lt\/produktas\/loot-nbooty-gimme-the-loot-rub-354g\/","title":{"rendered":"Loot N'Booty Gimme THE LOOT Rub 354g"},"content":{"rendered":"<p>Sudedamosios dalys: druska, cukrus, prieskoniai, \u012fskaitant aitri\u0105j\u0105 paprik\u0105, paprik\u0105, \u010desnakus, svog\u016bnus, mieli\u0173 ekstraktas, nat\u016brali klev\u0173 kvapioji med\u017eiaga, pekano rie\u0161ut\u0173 d\u016bm\u0173 kvapioji med\u017eiaga (torulos miel\u0117s, maltodekstrinas, nat\u016brali kvapioji med\u017eiaga (sud\u0117tyje yra raps\u0173 aliejaus), mieli\u0173 ekstraktas, melasa, d\u016bmai (sud\u0117tyje yra saul\u0117gr\u0105\u017e\u0173 aliejaus) ir ne daugiau kaip 2% trikalcio fosfato, prid\u0117ta siekiant i\u0161vengti sukepimo.<\/p>","protected":false},"excerpt":{"rendered":"<p>Auk\u0161\u010diausios klas\u0117s a\u0161tri\u0173 pekano rie\u0161ut\u0173 ir sald\u017ei\u0173 klev\u0173 skonio derinys.<\/p>\n<p>Galite naudoti kiaulienai, jautienai, pauk\u0161tienai, avienai, j\u016bros g\u0117ryb\u0117ms ir dar\u017eov\u0117ms.<\/p>\n<p><strong>Dr\u012fstu teigti, kad \u0161is prieskoni\u0173 mi\u0161inys yra m\u016bs\u0173 naujasis m\u0117gstamiausias - jame yra visko!<\/strong><\/p>\n<p>&nbsp;<\/p>\n<p><img loading=\"lazy\" decoding=\"async\" class=\"wp-image-1862\" src=\"http:\/\/tammetorubbq.ee\/wp-content\/uploads\/2024\/07\/Loot-n-Booty-logo.png\" alt=\"&quot;Loot-n-Booty&quot; logotipas\" width=\"195\" height=\"195\" srcset=\"https:\/\/tammetorubbq.ee\/wp-content\/uploads\/2024\/07\/Loot-n-Booty-logo.png 300w, https:\/\/tammetorubbq.ee\/wp-content\/uploads\/2024\/07\/Loot-n-Booty-logo-150x150.png 150w, https:\/\/tammetorubbq.ee\/wp-content\/uploads\/2024\/07\/Loot-n-Booty-logo-12x12.png 12w, https:\/\/tammetorubbq.ee\/wp-content\/uploads\/2024\/07\/Loot-n-Booty-logo-64x64.png 64w\" sizes=\"auto, (max-width: 195px) 100vw, 195px\" \/><\/p>","protected":false},"featured_media":2329,"comment_status":"open","ping_status":"closed","template":"","meta":{"_uf_show_specific_survey":0,"_uf_disable_surveys":false},"pwb-brand":[98],"product_brand":[],"product_cat":[21],"product_tag":[],"class_list":{"0":"post-2328","1":"product","2":"type-product","3":"status-publish","4":"has-post-thumbnail","6":"pwb-brand-loot-n-booty-bbq","7":"product_cat-maitseainesegud","9":"first","10":"instock","11":"taxable","12":"shipping-taxable","13":"purchasable","14":"product-type-simple"},"brands":[{"id":98,"name":"\"Loot N' Booty BBQ","slug":"loot-n-booty-bbq"}],"_links":{"self":[{"href":"https:\/\/tammetorubbq.ee\/lt\/wp-json\/wp\/v2\/product\/2328","targetHints":{"allow":["GET"]}}],"collection":[{"href":"https:\/\/tammetorubbq.ee\/lt\/wp-json\/wp\/v2\/product"}],"about":[{"href":"https:\/\/tammetorubbq.ee\/lt\/wp-json\/wp\/v2\/types\/product"}],"replies":[{"embeddable":true,"href":"https:\/\/tammetorubbq.ee\/lt\/wp-json\/wp\/v2\/comments?post=2328"}],"wp:featuredmedia":[{"embeddable":true,"href":"https:\/\/tammetorubbq.ee\/lt\/wp-json\/wp\/v2\/media\/2329"}],"wp:attachment":[{"href":"https:\/\/tammetorubbq.ee\/lt\/wp-json\/wp\/v2\/media?parent=2328"}],"wp:term":[{"taxonomy":"pwb-brand","embeddable":true,"href":"https:\/\/tammetorubbq.ee\/lt\/wp-json\/wp\/v2\/pwb-brand?post=2328"},{"taxonomy":"product_brand","embeddable":true,"href":"https:\/\/tammetorubbq.ee\/lt\/wp-json\/wp\/v2\/product_brand?post=2328"},{"taxonomy":"product_cat","embeddable":true,"href":"https:\/\/tammetorubbq.ee\/lt\/wp-json\/wp\/v2\/product_cat?post=2328"},{"taxonomy":"product_tag","embeddable":true,"href":"https:\/\/tammetorubbq.ee\/lt\/wp-json\/wp\/v2\/product_tag?post=2328"}],"curies":[{"name":"wp","href":"https:\/\/api.w.org\/{rel}","templated":true}]}}