{"id":2334,"date":"2024-12-14T13:06:38","date_gmt":"2024-12-14T11:06:38","guid":{"rendered":"https:\/\/tammetorubbq.ee\/?post_type=product&#038;p=2334"},"modified":"2026-04-15T00:00:12","modified_gmt":"2026-04-14T21:00:12","slug":"killer-hogs-hot-bbq-rub-340g","status":"publish","type":"product","link":"https:\/\/tammetorubbq.ee\/lt\/produktas\/killer-hogs-hot-bbq-rub-340g\/","title":{"rendered":"Killer Hogs Hot BBQ Rub 340g"},"content":{"rendered":"<p>Sud\u0117tis: druska, cukrus, prieskoniai, rudasis cukrus, paprika, dehidratuoti \u010desnakai, dehidratuoti svog\u016bnai, dinatrio inozinatas ir guanilatas, paprikos oleorez\u0117 ir ma\u017eiau nei 2% trikalcio fosfato, prid\u0117ta siekiant i\u0161vengti sukepimo.<\/p>\n<p>Sud\u0117tyje n\u0117ra glitimo!<\/p>","protected":false},"excerpt":{"rendered":"<p>Nelaim\u0117site BBQ \u010dempionato, jei nieko nei\u0161manote apie m\u0117sos pagardinim\u0105!<\/p>\n<p><span style=\"color: #ff9900;\"><strong>\"Spalva su sm\u016bgiu\"<\/strong><\/span><\/p>\n<p>Malcolmas Reedas ir jo BBQ komanda \"Killer Hogs\" specialiai jums suk\u016br\u0117 kar\u0161t\u0105 BBQ trintuv\u0105 - galing\u0105 pikanti\u0161k\u0173, sald\u017ei\u0173 ir a\u0161tri\u0173 skoni\u0173 mi\u0161in\u012f, kur\u012f naudoja geriausi kepsni\u0173 meistrai Europoje ir u\u017e vandenyno.<\/p>\n<p>Ir, \u017einoma, negalima pamir\u0161ti nuostabios raudonmed\u017eio spalvos, kuri\u0105 \u0161is \u012ftrinimas suteikia j\u016bs\u0173 gard\u017eiai kiaulienai, jautienai, j\u016bros g\u0117ryb\u0117ms ar pauk\u0161tienai.<\/p>\n<p>&nbsp;<\/p>\n<p><img loading=\"lazy\" decoding=\"async\" class=\"wp-image-2335\" src=\"http:\/\/tammetorubbq.ee\/wp-content\/uploads\/2024\/12\/Killer-Hogs-logo-300x300.webp\" alt=\"Kiaul\u0117s \u017eudik\u0117s logotipas\" width=\"120\" height=\"120\" srcset=\"https:\/\/tammetorubbq.ee\/wp-content\/uploads\/2024\/12\/Killer-Hogs-logo-300x300.webp 300w, https:\/\/tammetorubbq.ee\/wp-content\/uploads\/2024\/12\/Killer-Hogs-logo-150x150.webp 150w, https:\/\/tammetorubbq.ee\/wp-content\/uploads\/2024\/12\/Killer-Hogs-logo-768x768.webp 768w, https:\/\/tammetorubbq.ee\/wp-content\/uploads\/2024\/12\/Killer-Hogs-logo-12x12.webp 12w, https:\/\/tammetorubbq.ee\/wp-content\/uploads\/2024\/12\/Killer-Hogs-logo-600x600.webp 600w, https:\/\/tammetorubbq.ee\/wp-content\/uploads\/2024\/12\/Killer-Hogs-logo-64x64.webp 64w, https:\/\/tammetorubbq.ee\/wp-content\/uploads\/2024\/12\/Killer-Hogs-logo.webp 800w\" sizes=\"auto, (max-width: 120px) 100vw, 120px\" \/><\/p>","protected":false},"featured_media":2903,"comment_status":"open","ping_status":"closed","template":"","meta":{"_uf_show_specific_survey":0,"_uf_disable_surveys":false},"pwb-brand":[103],"product_brand":[],"product_cat":[21],"product_tag":[],"class_list":{"0":"post-2334","1":"product","2":"type-product","3":"status-publish","4":"has-post-thumbnail","6":"pwb-brand-killer-hogs-bbq","7":"product_cat-maitseainesegud","9":"first","10":"instock","11":"taxable","12":"shipping-taxable","13":"purchasable","14":"product-type-simple"},"brands":[{"id":103,"name":"Killer Hogs BBQ","slug":"killer-hogs-bbq"}],"_links":{"self":[{"href":"https:\/\/tammetorubbq.ee\/lt\/wp-json\/wp\/v2\/product\/2334","targetHints":{"allow":["GET"]}}],"collection":[{"href":"https:\/\/tammetorubbq.ee\/lt\/wp-json\/wp\/v2\/product"}],"about":[{"href":"https:\/\/tammetorubbq.ee\/lt\/wp-json\/wp\/v2\/types\/product"}],"replies":[{"embeddable":true,"href":"https:\/\/tammetorubbq.ee\/lt\/wp-json\/wp\/v2\/comments?post=2334"}],"wp:featuredmedia":[{"embeddable":true,"href":"https:\/\/tammetorubbq.ee\/lt\/wp-json\/wp\/v2\/media\/2903"}],"wp:attachment":[{"href":"https:\/\/tammetorubbq.ee\/lt\/wp-json\/wp\/v2\/media?parent=2334"}],"wp:term":[{"taxonomy":"pwb-brand","embeddable":true,"href":"https:\/\/tammetorubbq.ee\/lt\/wp-json\/wp\/v2\/pwb-brand?post=2334"},{"taxonomy":"product_brand","embeddable":true,"href":"https:\/\/tammetorubbq.ee\/lt\/wp-json\/wp\/v2\/product_brand?post=2334"},{"taxonomy":"product_cat","embeddable":true,"href":"https:\/\/tammetorubbq.ee\/lt\/wp-json\/wp\/v2\/product_cat?post=2334"},{"taxonomy":"product_tag","embeddable":true,"href":"https:\/\/tammetorubbq.ee\/lt\/wp-json\/wp\/v2\/product_tag?post=2334"}],"curies":[{"name":"wp","href":"https:\/\/api.w.org\/{rel}","templated":true}]}}